{"id":36,"date":"2016-08-20T18:26:06","date_gmt":"2016-08-20T15:26:06","guid":{"rendered":"http:\/\/dymet.ee\/?page_id=36"},"modified":"2025-06-05T21:58:35","modified_gmt":"2025-06-05T18:58:35","slug":"equipment-applications","status":"publish","type":"page","link":"https:\/\/dymet.ee\/it\/technology\/equipment-applications\/","title":{"rendered":"Domande di attrezzature"},"content":{"rendered":"<p>La nostra societ\u00e0 ha accumulato l&#8217;esperienza di usare attrezzature DYMET\u00ae in domande seguenti:<\/p>\n<p>il restauro di forma e le dimensioni di parti in metallo, il restauro di gettare difetti e i difetti meccanici;<br \/>\nil contatto elettrico imbottisce la deposizione a metallo, di vetro e di ceramica;<br \/>\nlayering principale per saldatura;<br \/>\ngas &#8211; e caccia alla foca a tenuta del liquido (ermetico che sigilla);<br \/>\nprotezione di attrito (restauro di portamenti scivolanti);<br \/>\nprotezione di corrosione;<br \/>\nprotezione di sequestro (rivestimenti di antisequestro);<br \/>\nla protezione di scintilla (antiprovocano rivestimenti);<br \/>\ndecorazione;<br \/>\ndomande speciali<br \/>\nRestauro di metallo perso<\/p>\n<p>La nostra tecnologia e attrezzature sono lo strumento molto efficace per restauro di aree danneggiate di componenti diversi o prodotti. Il livello basso di calore aggiunto dentro il processo di restauro non provvede nessuna deformazione di parte trattata, nessuna tensione interna in esso e nessuna trasformazione strutturale del metallo di parte trattata. Il progetto di attrezzature provvede il trattamento superficiale locale senza influenzare aree nondifettose. Comunque, questa tecnologia \u00e8 solo efficace quando non ci sono requisiti forti a durezza e resistenza all&#8217;usura di rivestimenti posati.<\/p>\n<p>riparazione di incrinature, cavit\u00e0 o caverne in colate di ghisa o di acciaio;<\/p>\n<p>Rivestimento conduttivo elettrico<\/p>\n<p>La conduttanza elettrica alta di rivestimenti di alluminio o di rame e la loro capacit\u00e0 di aderire a qualsiasi superficie in metallo o di ceramica provvede la loro applicazione efficace in componenti elettronici o elettrici diversi:<\/p>\n<p>facendo sentieri di rame, le strisce o le aree di contatto su componenti di alluminio o d&#8217;acciaio o parti (soprattutto, la deposizione di rame su pneumatici e su earthing risale in superficie eccetera);<br \/>\ndeposizione di rivestimenti conduttivi elettrici su apparecchi di ceramica (piatti di assemblea, isolatori di porcellana eccetera).<\/p>\n<p>layering principale per saldatura<\/p>\n<p>La semplicit\u00e0 tecnologica di deposizione di rivestimento su qualsiasi metallo (ad esempio la ghisa o l&#8217;alluminio), la superficie di vetro o di ceramica provvede l&#8217;opportunit\u00e0 di posare il rame su queste superficie per fare pi\u00f9 lontano qualsiasi unit\u00e0 saldata dopo averli assottigliati con qualsiasi lega per saldatura.<br \/>\nIl fissaggio di perdite di liquidi o gas<\/p>\n<p>La porosit\u00e0 bassa e la permeabilit\u00e0 del gas di rivestimenti posati da attrezzature DYMET\u00ae permettono di usarli efficacemente a caccia alla foca di perdite in casi quando non c&#8217;\u00e8 opportunit\u00e0 di usare composti ermetici. Soprattutto, \u00e8 buono usarli per riparare navi che lavorano sotto alte pressioni o sotto temperature basse o alte, ad esempio cryogen i componenti di sistemi, i componenti di impianti di raffreddamento, i barili, le tubazioni, gli scambiatori di calore, eccetera.<\/p>\n<p>Protezione di attrito (restauro di portamenti scivolanti)<\/p>\n<p>Protezione dalla corrosione<\/p>\n<p>L&#8217;alluminio o i rivestimenti di zinco proteggono superficie da corrosione termica bassa. I rivestimenti posati con attrezzature DYMET\u00ae incontrano CE standard\u00a0 altri regolamenti; le caratteristiche anticorrosive di rivestimenti di DYMET\u00ae eccedono quelli di vernici o molti altri rivestimenti in metallo.<\/p>\n<p>trattamento anticorrosivo di centri di corrosione locali;<br \/>\ntrattamento di cuciture per saldatura;<br \/>\ntrattamento di componenti di piccole dimensioni.<\/p>\n<p>Protezione di sequestro (rivestimenti di antisequestro)<\/p>\n<p>La protezione di scintilla (antiprovocano rivestimenti)<\/p>\n<p>Decorazione<\/p>\n<p>Domande speciali<\/p>\n<p>I rivestimenti potevano esser usati per risolvere molti compiti speciali secondo le loro caratteristiche e peculiarit\u00e0 del loro metodo di deposizione:<\/p>\n<p>caccia alla foca di cuciture per saldatura in componenti thermo-stabili di alluminio in attrezzature cryogen;<br \/>\ncaccia alla foca di connessioni di tubazione di alta pressione (&#8220;alluminio &#8211; acciaio inossidabile&#8221;);<br \/>\nl&#8217;accrescimento di capacit\u00e0 d&#8217;irradiazione di calore di acciaio inossidabile (le superficie con alto livello di radiazione di calore sono richieste per dissipazione di calore di componenti riscaldati in vuoto);<br \/>\nrestauro geometrico di parti e componenti di turbine pompanti il gas;<br \/>\nprevenendo di fili di bloccare (in costruzione navale, industria petrolifera);<br \/>\nimpedendo strumenti a scintillare.<\/p>\n<p>Servizio di automobile<\/p>\n<p>L&#8217;applicazione larga di attrezzature DYMET\u00ae \u00e8 la riparazione di motore di auto, componenti o corpo. Soprattutto, gli oggetti riparati potevano essere:<\/p>\n<p>lesioni corrosive, piscine o buchi bruciati in testa di blocco di cilindri;<br \/>\nincrinature in testa di blocco di cilindri, in blocco di cilindri o in componenti di auto;<br \/>\nfuoriuscita di liquido in condizionatori d&#8217;aria di auto;<br \/>\nradiatori nonermetici;<br \/>\ntrattamento anticorrosivo di aree locali di cuciture per saldatura riparando corpi di auto o sciarpe pesanti;<br \/>\nportamento di posti.<\/p>\n<p>In aggiunta, altre domande di rivestimenti possibili sono:<\/p>\n<p>protezione da corrosione termica alta: deposizione di nichel o rivestimenti di alluminio su componenti sfruttati sotto temperature alte (ad esempio termocoppie);<br \/>\nrivestimento decorativo o trattamento di erosione micro di metallo, superficie di vetro o di ceramica.<\/p>\n","protected":false},"excerpt":{"rendered":"<p>La nostra societ\u00e0 ha accumulato l&#8217;esperienza di usare attrezzature DYMET\u00ae in domande seguenti: il restauro di forma e le dimensioni di parti in metallo, il restauro di gettare difetti e i difetti meccanici; il contatto elettrico imbottisce la deposizione a metallo, di vetro e di ceramica; layering principale per saldatura; \u2026 <a class=\"continue-reading-link\" href=\"https:\/\/dymet.ee\/it\/technology\/equipment-applications\/\"> Continue reading <span class=\"meta-nav\">&rarr; <\/span><\/a><\/p>\n","protected":false},"author":1,"featured_media":0,"parent":24,"menu_order":0,"comment_status":"closed","ping_status":"closed","template":"","meta":{"two_page_speed":[],"footnotes":""},"class_list":["post-36","page","type-page","status-publish","hentry"],"translation":{"provider":"WPGlobus","version":"3.0.2","language":"it","enabled_languages":["en","ee","fi","ru","fr","es","it","de"],"languages":{"en":{"title":true,"content":true,"excerpt":false},"ee":{"title":true,"content":true,"excerpt":false},"fi":{"title":true,"content":false,"excerpt":false},"ru":{"title":true,"content":true,"excerpt":false},"fr":{"title":true,"content":true,"excerpt":false},"es":{"title":true,"content":true,"excerpt":false},"it":{"title":true,"content":true,"excerpt":false},"de":{"title":true,"content":true,"excerpt":false}}},"_links":{"self":[{"href":"https:\/\/dymet.ee\/it\/wp-json\/wp\/v2\/pages\/36","targetHints":{"allow":["GET"]}}],"collection":[{"href":"https:\/\/dymet.ee\/it\/wp-json\/wp\/v2\/pages"}],"about":[{"href":"https:\/\/dymet.ee\/it\/wp-json\/wp\/v2\/types\/page"}],"author":[{"embeddable":true,"href":"https:\/\/dymet.ee\/it\/wp-json\/wp\/v2\/users\/1"}],"replies":[{"embeddable":true,"href":"https:\/\/dymet.ee\/it\/wp-json\/wp\/v2\/comments?post=36"}],"version-history":[{"count":5,"href":"https:\/\/dymet.ee\/it\/wp-json\/wp\/v2\/pages\/36\/revisions"}],"predecessor-version":[{"id":650,"href":"https:\/\/dymet.ee\/it\/wp-json\/wp\/v2\/pages\/36\/revisions\/650"}],"up":[{"embeddable":true,"href":"https:\/\/dymet.ee\/it\/wp-json\/wp\/v2\/pages\/24"}],"wp:attachment":[{"href":"https:\/\/dymet.ee\/it\/wp-json\/wp\/v2\/media?parent=36"}],"curies":[{"name":"wp","href":"https:\/\/api.w.org\/{rel}","templated":true}]}}