{"id":24,"date":"2016-08-20T16:02:53","date_gmt":"2016-08-20T13:02:53","guid":{"rendered":"http:\/\/dymet.ee\/?page_id=24"},"modified":"2025-06-04T15:31:22","modified_gmt":"2025-06-04T12:31:22","slug":"technology","status":"publish","type":"page","link":"https:\/\/dymet.ee\/it\/technology\/","title":{"rendered":"Tecnologia"},"content":{"rendered":"<p>La tecnologia di DYMET\u00ae per deposizione di rivestimento in metallo \u00e8 una versione di Freddo di metodo gli Spruzzi del gas e dinamici (gli Spruzzi Freddi)\u00a0 <a href=\"http:\/\/en.wikipedia.org\/wiki\/Gas_dynamic_cold_spray\">http:\/\/en.wikipedia.org\/wiki\/Gas_dynamic_cold_spray<\/a><br \/>\nGli Spruzzi Freddi sono basati sulla scoperta (fatto negli anni 1980) che le particelle che si spostano a velocit\u00e0 supersonica aderiscono a una superficie dopo collisione. DYMET\u00ae ha ricevuto il nome \u00abgli Spruzzi di Freddo di Pressione Bassi\u00bb (LPSC).<\/p>\n<p>Le innovazioni uniche di DYMET\u00ae sono:<\/p>\n<p>&#8211; uso di aria compresso di temperatura bassa come il mezzo del gas feriale.<br \/>\n&#8211; uso di un miscuglio di particelle in metallo e di ceramica in deposizione, di regola.<br \/>\n&#8211; introduzione di materiale di polvere nel boccaglio supersonico dopo la sua sezione critica.<\/p>\n<p>La tecnologia permette la deposizione di rivestimenti su in metallo, di ceramica, di vetro, pietra e substrati concreti. Attualmente, i rivestimenti di DYMET\u00ae possono consistere di alluminio, zinco, rame, stagno, piombo, lega di affarista incolto, nichel e altri metalli.<\/p>\n<p>Elementi di tecnologia chiave<\/p>\n<p>Nel processo di rivestimento di DYMET\u00ae, l&#8217;aria compresso \u00e8 riscaldato e ha spinto un boccaglio supersonico. La polvere \u00e8 alimentata nello jet aereo supersonico risultante, che accelera le particelle di polvere e li posa sul substrato di obiettivo.<br \/>\nLe polveri sono composte di metalli, leghe o miscugli di particelle in metallo e di ceramica. La superficie trattata pu\u00f2 esser o erosa o ricoperta di composizioni in metallo necessarie secondo il modo operativo del dispositivo.<\/p>\n<p>Aspetti unici della tecnologia<\/p>\n<p>La maggior parte di metodi di rivestimento di spruzzi termici tradizionali implicano la deposizione di particelle materiali a temperature alte, di solito al di sopra del punto di fusione del materiale posato.<\/p>\n<p><img loading=\"lazy\" decoding=\"async\" class=\"alignnone size-medium wp-image-66\" src=\"http:\/\/dymet.ee\/wp-content\/uploads\/2016\/08\/1312395226_scheme3e-300x159.jpg\" alt=\"1312395226_scheme3e\" width=\"300\" height=\"159\" srcset=\"https:\/\/dymet.ee\/wp-content\/uploads\/2016\/08\/1312395226_scheme3e-300x159.jpg 300w, https:\/\/dymet.ee\/wp-content\/uploads\/2016\/08\/1312395226_scheme3e-250x133.jpg 250w, https:\/\/dymet.ee\/wp-content\/uploads\/2016\/08\/1312395226_scheme3e-150x80.jpg 150w, https:\/\/dymet.ee\/wp-content\/uploads\/2016\/08\/1312395226_scheme3e.jpg 390w\" sizes=\"auto, (max-width: 300px) 100vw, 300px\" \/><\/p>\n<p>In tecnologia di spruzzi del gas e dinamica (che pu\u00f2 andare sotto il nome praticamente &#8216;di metallo &#8220;la crescita&#8221;) questa condizione non \u00e8 necessaria. La deposizione ha luogo per mezzo di particelle solide che conficcano il substrato a velocit\u00e0 molto alte. Nella serie di DYMET\u00ae di dispositivi, l&#8217;accelerazione di particelle a velocit\u00e0 necessarie \u00e8 compiuta via uno jet aereo supersonico. Questa attrezzatura non ha cose analoghe in metodi di rivestimento tradizionali.<\/p>\n<p>I rivestimenti creati con tecnologia di DYMET\u00ae sono privi della maggioranza di svantaggi comuni per altri metodi di deposizione in metallo. Anche possiedono parecchi vantaggi tecnologici, economici, ed ecologici supplementari. Questo fa la tecnologia attraente per imprese manifatturiere e permette la sua applicazione efficace in una gamma larga di compiti di deposizione in metallo.<\/p>\n<p>Vantaggi di LPCS<\/p>\n<ul style=\"list-style-type: circle;\">\n<li>il processo non richiede alte pressioni o le temperature e pu\u00f2 esser fatto in un&#8217;atmosfera aerea;<\/li>\n<li>la temperatura del substrato non sale al di sopra di 100-150 \u0421, che previene l&#8217;apparizione di pressioni interne e le deformazioni, cos\u00ec come l&#8217;ossidazione di materiali di deposizione o il substrato. Questa propriet\u00e0 di LPCS \u00e8 estremamente utile nel trattamento di lega leggera che le parti sottile cinte di mura, gli oggetti strutturalmente complessi, obiettano sensibile a deformazione e altri substrati e di vetro, di ceramica;<\/li>\n<li>la tecnologia \u00e8 che rispetta l&#8217;ambiente (nessuna temperatura alta, gas pericolosi o radiazione, nessuno spreco chimicamente aggressivo);<\/li>\n<li>la tecnologia usa un gas feriale a buon mercato e al sicuro: aria compresso a 6-10atm;<br \/>\ni substrati non richiedono il preriscaldamento;<\/li>\n<li>nessuna preparazione meccanica del substrato \u00e8 richiesta: lo jet di particella di velocit\u00e0 alta automaticamente pulisce l&#8217;area di obiettivo di inquinanti, ruggine, oli e vernice, ed espone la struttura di cristallo del materiale di substrato;<\/li>\n<li>lo jet di particella \u00e8 molto controllabile: \u00e8 stretto e ha la piccola sezione trasversale. Questo fa possibile posare rivestimenti su aree specifiche o in punti specifici su un substrato e usare stampini. (i metodi di rivestimento di spruzzi termici tradizionali non provvedono questa opportunit\u00e0);<\/li>\n<li>\u00e8 possibile posare rivestimenti multicomponenti con spessore di strato variabile;<br \/>\nl&#8217;attrezzatura \u00e8 compatta, portatile, praticamente disponibile per qualsiasi impresa industriale e non richiede la formazione vasta o il personale molto qualificato;<\/li>\n<li>l&#8217;attrezzatura permette la commutazione facile tra trattamento di spruzzi abrasivo e deposizione materiale;<\/li>\n<li>un dispositivo \u00e8 usato per posare tutti i tipi di rivestimento;<br \/>\nle attrezzature possono esser usate in condizioni di campo.<\/li>\n<\/ul>\n<p>La versatilit\u00e0 alta e la qualit\u00e0 eccellente di rivestimenti di DYMET\u00ae sono state confermate molte volte da entrambe le prove di laboratorio e le domande industriali. Alcuni compiti di deposizione in metallo sono stati praticamente impossibili compiere fino all&#8217;arrivo di tecnologia di DYMET\u00ae.<\/p>\n","protected":false},"excerpt":{"rendered":"<p>La tecnologia di DYMET\u00ae per deposizione di rivestimento in metallo \u00e8 una versione di Freddo di metodo gli Spruzzi del gas e dinamici (gli Spruzzi Freddi)\u00a0 http:\/\/en.wikipedia.org\/wiki\/Gas_dynamic_cold_spray Gli Spruzzi Freddi sono basati sulla scoperta (fatto negli anni 1980) che le particelle che si spostano a velocit\u00e0 supersonica aderiscono a una \u2026 <a class=\"continue-reading-link\" href=\"https:\/\/dymet.ee\/it\/technology\/\"> Continue reading <span class=\"meta-nav\">&rarr; <\/span><\/a><\/p>\n","protected":false},"author":1,"featured_media":0,"parent":0,"menu_order":2,"comment_status":"closed","ping_status":"closed","template":"","meta":{"two_page_speed":[],"footnotes":""},"class_list":["post-24","page","type-page","status-publish","hentry"],"translation":{"provider":"WPGlobus","version":"3.0.2","language":"it","enabled_languages":["en","ee","fi","ru","fr","es","it","de"],"languages":{"en":{"title":true,"content":true,"excerpt":false},"ee":{"title":true,"content":true,"excerpt":false},"fi":{"title":true,"content":true,"excerpt":false},"ru":{"title":true,"content":true,"excerpt":false},"fr":{"title":true,"content":true,"excerpt":false},"es":{"title":true,"content":true,"excerpt":false},"it":{"title":true,"content":true,"excerpt":false},"de":{"title":true,"content":true,"excerpt":false}}},"_links":{"self":[{"href":"https:\/\/dymet.ee\/it\/wp-json\/wp\/v2\/pages\/24","targetHints":{"allow":["GET"]}}],"collection":[{"href":"https:\/\/dymet.ee\/it\/wp-json\/wp\/v2\/pages"}],"about":[{"href":"https:\/\/dymet.ee\/it\/wp-json\/wp\/v2\/types\/page"}],"author":[{"embeddable":true,"href":"https:\/\/dymet.ee\/it\/wp-json\/wp\/v2\/users\/1"}],"replies":[{"embeddable":true,"href":"https:\/\/dymet.ee\/it\/wp-json\/wp\/v2\/comments?post=24"}],"version-history":[{"count":13,"href":"https:\/\/dymet.ee\/it\/wp-json\/wp\/v2\/pages\/24\/revisions"}],"predecessor-version":[{"id":611,"href":"https:\/\/dymet.ee\/it\/wp-json\/wp\/v2\/pages\/24\/revisions\/611"}],"wp:attachment":[{"href":"https:\/\/dymet.ee\/it\/wp-json\/wp\/v2\/media?parent=24"}],"curies":[{"name":"wp","href":"https:\/\/api.w.org\/{rel}","templated":true}]}}