{"id":19,"date":"2016-08-20T18:36:37","date_gmt":"2016-08-20T15:36:37","guid":{"rendered":"http:\/\/dymet.ee\/?page_id=19"},"modified":"2025-06-04T16:08:44","modified_gmt":"2025-06-04T13:08:44","slug":"proffesional-manual-and-cnc-operating-cold-gas-dynamic-spray-dymet-423","status":"publish","type":"page","link":"https:\/\/dymet.ee\/it\/products-2\/proffesional-manual-and-cnc-operating-cold-gas-dynamic-spray-dymet-423\/","title":{"rendered":"Proffesional  manual and CNC operating Cold Gas Dynamic Spray DYMET 423"},"content":{"rendered":"<p><img loading=\"lazy\" decoding=\"async\" class=\"alignnone size-medium wp-image-9\" src=\"http:\/\/dymet.ee\/wp-content\/uploads\/2016\/08\/DYMET423-300x274.jpg\" alt=\"DYMET423\" width=\"300\" height=\"274\" srcset=\"https:\/\/dymet.ee\/wp-content\/uploads\/2016\/08\/DYMET423-300x274.jpg 300w, https:\/\/dymet.ee\/wp-content\/uploads\/2016\/08\/DYMET423-768x703.jpg 768w, https:\/\/dymet.ee\/wp-content\/uploads\/2016\/08\/DYMET423-1024x937.jpg 1024w, https:\/\/dymet.ee\/wp-content\/uploads\/2016\/08\/DYMET423.jpg 1350w\" sizes=\"auto, (max-width: 300px) 100vw, 300px\" \/><\/p>\n<p>Il modello 423 DYMET \u00e8 progettato per la deposizione di alluminio, zinco, rame, nichel, stagno, rivestimenti in metallo di piombo. Pu\u00f2 esser gestito manualmente o installato in sistemi automatizzati e robotic. \u00c8 anche capace di sabbiare superficie.<\/p>\n<p>Specificazioni<\/p>\n<p>L&#8217;aria compresso massimo introduce la pressione 12 bar (170 psi)<br \/>\nConsumo di aria compresso 0.3-0.4 m3\/min<br \/>\nPurezza di aria compresso priva di d&#8217;acqua e olio<br \/>\nAria compresso pressione operativa<br \/>\n(all&#8217;interno di Spruzzatura di Arma DM45) 5 \u2013 8 bar (70-120 psi)<br \/>\nTemperatura di esercizio di aria compresso<br \/>\n(nell&#8217;impiego del boccaglio) 200 \u2013 600 \u00b0C<br \/>\nAlimentazione elettrica:<br \/>\nCorrente alterna di una fase di 50\u00b11 Hz e 220 V<br \/>\nConsumo di energia massimo 3.3 chilowatt<br \/>\nIl livello di rumore in operazione senza scatola riparata non eccede 75 decibel<br \/>\nConsumo di polvere 0,1-0,8 g\/sec<br \/>\nIl tempo richiesto di arrivare a regime di funzionamento non pi\u00f9 di 10 secondi<br \/>\nDimensioni delle attrezzature:<br \/>\nAssemblea di rastrelliera &#8211; 550\u0445260\u0445480 mm<br \/>\nLa spruzzatura di Arma (con maniglia) &#8211; 450\u044580\u0445175 mm<br \/>\nLa spruzzatura di Arma (senza maniglia) &#8211; 450\u044564 mm<br \/>\nMassa totale delle attrezzature &#8211; 20 kg<br \/>\nLa spruzzatura di Arma (con maniglia) &#8211; 1,7 kg<\/p>\n<p><img loading=\"lazy\" decoding=\"async\" class=\"alignnone size-medium wp-image-48\" src=\"http:\/\/dymet.ee\/wp-content\/uploads\/2016\/08\/dymet-1-234x300.jpg\" alt=\"dymet\" width=\"234\" height=\"300\" srcset=\"https:\/\/dymet.ee\/wp-content\/uploads\/2016\/08\/dymet-1-234x300.jpg 234w, https:\/\/dymet.ee\/wp-content\/uploads\/2016\/08\/dymet-1-117x150.jpg 117w, https:\/\/dymet.ee\/wp-content\/uploads\/2016\/08\/dymet-1.jpg 250w\" sizes=\"auto, (max-width: 234px) 100vw, 234px\" \/><\/p>\n","protected":false},"excerpt":{"rendered":"<p>Il modello 423 DYMET \u00e8 progettato per la deposizione di alluminio, zinco, rame, nichel, stagno, rivestimenti in metallo di piombo. Pu\u00f2 esser gestito manualmente o installato in sistemi automatizzati e robotic. \u00c8 anche capace di sabbiare superficie. Specificazioni L&#8217;aria compresso massimo introduce la pressione 12 bar (170 psi) Consumo di \u2026 <a class=\"continue-reading-link\" href=\"https:\/\/dymet.ee\/it\/products-2\/proffesional-manual-and-cnc-operating-cold-gas-dynamic-spray-dymet-423\/\"> Continue reading <span class=\"meta-nav\">&rarr; <\/span><\/a><\/p>\n","protected":false},"author":1,"featured_media":0,"parent":137,"menu_order":2,"comment_status":"closed","ping_status":"closed","template":"","meta":{"two_page_speed":[],"footnotes":""},"class_list":["post-19","page","type-page","status-publish","hentry"],"translation":{"provider":"WPGlobus","version":"3.0.2","language":"it","enabled_languages":["en","ee","fi","ru","fr","es","it","de"],"languages":{"en":{"title":true,"content":true,"excerpt":false},"ee":{"title":true,"content":true,"excerpt":false},"fi":{"title":true,"content":true,"excerpt":false},"ru":{"title":true,"content":true,"excerpt":false},"fr":{"title":true,"content":true,"excerpt":false},"es":{"title":true,"content":true,"excerpt":false},"it":{"title":true,"content":true,"excerpt":false},"de":{"title":true,"content":true,"excerpt":false}}},"_links":{"self":[{"href":"https:\/\/dymet.ee\/it\/wp-json\/wp\/v2\/pages\/19","targetHints":{"allow":["GET"]}}],"collection":[{"href":"https:\/\/dymet.ee\/it\/wp-json\/wp\/v2\/pages"}],"about":[{"href":"https:\/\/dymet.ee\/it\/wp-json\/wp\/v2\/types\/page"}],"author":[{"embeddable":true,"href":"https:\/\/dymet.ee\/it\/wp-json\/wp\/v2\/users\/1"}],"replies":[{"embeddable":true,"href":"https:\/\/dymet.ee\/it\/wp-json\/wp\/v2\/comments?post=19"}],"version-history":[{"count":8,"href":"https:\/\/dymet.ee\/it\/wp-json\/wp\/v2\/pages\/19\/revisions"}],"predecessor-version":[{"id":615,"href":"https:\/\/dymet.ee\/it\/wp-json\/wp\/v2\/pages\/19\/revisions\/615"}],"up":[{"embeddable":true,"href":"https:\/\/dymet.ee\/it\/wp-json\/wp\/v2\/pages\/137"}],"wp:attachment":[{"href":"https:\/\/dymet.ee\/it\/wp-json\/wp\/v2\/media?parent=19"}],"curies":[{"name":"wp","href":"https:\/\/api.w.org\/{rel}","templated":true}]}}