{"id":7,"date":"2016-08-20T13:24:28","date_gmt":"2016-08-20T10:24:28","guid":{"rendered":"http:\/\/dymet.ee\/?page_id=7"},"modified":"2025-06-05T22:07:11","modified_gmt":"2025-06-05T19:07:11","slug":"main","status":"publish","type":"page","link":"https:\/\/dymet.ee\/fr\/","title":{"rendered":"Page principale"},"content":{"rendered":"<h3><span style=\"font-family: arial black,sans-serif;\">Metallization cin\u00e9tique, Spray du Gaz Froid, Spray de pression Bas, Spray En m\u00e9tal Froid, Spray Dynamique du Gaz Froid, CGDS<\/span><\/h3>\n<p><img loading=\"lazy\" decoding=\"async\" class=\"alignnone size-medium wp-image-57\" src=\"http:\/\/dymet.ee\/wp-content\/uploads\/2016\/08\/dimet-3-1276722001-1305052568-e1471707970277-300x232.jpg\" alt=\"dimet-3-1276722001-1305052568\" width=\"300\" height=\"232\" srcset=\"https:\/\/dymet.ee\/wp-content\/uploads\/2016\/08\/dimet-3-1276722001-1305052568-e1471707970277-300x232.jpg 300w, https:\/\/dymet.ee\/wp-content\/uploads\/2016\/08\/dimet-3-1276722001-1305052568-e1471707970277-194x150.jpg 194w, https:\/\/dymet.ee\/wp-content\/uploads\/2016\/08\/dimet-3-1276722001-1305052568-e1471707970277-150x116.jpg 150w, https:\/\/dymet.ee\/wp-content\/uploads\/2016\/08\/dimet-3-1276722001-1305052568-e1471707970277.jpg 746w\" sizes=\"auto, (max-width: 300px) 100vw, 300px\" \/><br \/>\nLa technologie de spray froide est appliqu\u00e9e pour arroser des couches en m\u00e9tal diff\u00e9rentes sur la base d&#8217;aluminium, cuivre, zinc, nickel, avance, bo\u00eete, antifriction. La d\u00e9position de fer, cobalt, vanadium et autres m\u00e9taux est aussi possible.<\/p>\n<p>Les couches en m\u00e9tal sont utilis\u00e9es dans les buts diff\u00e9rents comme :<br \/>\n\u00b7 restauration de forme et grandeur de parties en m\u00e9tal ;<br \/>\n\u00b7 le contact \u00e9lectrique rembourre la d\u00e9position au m\u00e9tal, de verre et c\u00e9ramique ;<br \/>\n\u00b7 la restauration de jeter des d\u00e9fauts et des d\u00e9fauts m\u00e9caniques ;<br \/>\n\u00b7 gaz &#8211; et cachetage \u00e9tanch\u00e9 au liquide (cachetage herm\u00e9tique) ;<br \/>\n\u00b7 protection de friction (restauration de rapports glissants) ;<br \/>\n\u00b7 protection de corrosion ;<br \/>\n\u00b7 protection de saisie (couches d&#8217;antisaisie) ;<br \/>\n\u00b7 la protection d&#8217;\u00e9tincelle (antisuscitent des couches) ;<br \/>\n\u00b7 d\u00e9coration.<\/p>\n","protected":false},"excerpt":{"rendered":"<p>Metallization cin\u00e9tique, Spray du Gaz Froid, Spray de pression Bas, Spray En m\u00e9tal Froid, Spray Dynamique du Gaz Froid, CGDS La technologie de spray froide est appliqu\u00e9e pour arroser des couches en m\u00e9tal diff\u00e9rentes sur la base d&#8217;aluminium, cuivre, zinc, nickel, avance, bo\u00eete, antifriction. La d\u00e9position de fer, cobalt, vanadium \u2026 <a class=\"continue-reading-link\" href=\"https:\/\/dymet.ee\/fr\/\"> Continue reading <span class=\"meta-nav\">&rarr; <\/span><\/a><\/p>\n","protected":false},"author":1,"featured_media":0,"parent":0,"menu_order":1,"comment_status":"closed","ping_status":"closed","template":"","meta":{"two_page_speed":null,"footnotes":""},"class_list":["post-7","page","type-page","status-publish","hentry"],"translation":{"provider":"WPGlobus","version":"3.0.2","language":"fr","enabled_languages":["en","ee","fi","ru","fr","es","it","de"],"languages":{"en":{"title":true,"content":true,"excerpt":false},"ee":{"title":true,"content":true,"excerpt":false},"fi":{"title":true,"content":true,"excerpt":false},"ru":{"title":true,"content":false,"excerpt":false},"fr":{"title":true,"content":true,"excerpt":false},"es":{"title":true,"content":true,"excerpt":false},"it":{"title":true,"content":true,"excerpt":false},"de":{"title":true,"content":true,"excerpt":false}}},"_links":{"self":[{"href":"https:\/\/dymet.ee\/fr\/wp-json\/wp\/v2\/pages\/7","targetHints":{"allow":["GET"]}}],"collection":[{"href":"https:\/\/dymet.ee\/fr\/wp-json\/wp\/v2\/pages"}],"about":[{"href":"https:\/\/dymet.ee\/fr\/wp-json\/wp\/v2\/types\/page"}],"author":[{"embeddable":true,"href":"https:\/\/dymet.ee\/fr\/wp-json\/wp\/v2\/users\/1"}],"replies":[{"embeddable":true,"href":"https:\/\/dymet.ee\/fr\/wp-json\/wp\/v2\/comments?post=7"}],"version-history":[{"count":15,"href":"https:\/\/dymet.ee\/fr\/wp-json\/wp\/v2\/pages\/7\/revisions"}],"predecessor-version":[{"id":437,"href":"https:\/\/dymet.ee\/fr\/wp-json\/wp\/v2\/pages\/7\/revisions\/437"}],"wp:attachment":[{"href":"https:\/\/dymet.ee\/fr\/wp-json\/wp\/v2\/media?parent=7"}],"curies":[{"name":"wp","href":"https:\/\/api.w.org\/{rel}","templated":true}]}}