{"id":40,"date":"2016-08-20T18:31:35","date_gmt":"2016-08-20T15:31:35","guid":{"rendered":"http:\/\/dymet.ee\/?page_id=40"},"modified":"2025-06-05T21:06:38","modified_gmt":"2025-06-05T18:06:38","slug":"workplace","status":"publish","type":"page","link":"https:\/\/dymet.ee\/fr\/technology\/workplace\/","title":{"rendered":"Le lieu de travail"},"content":{"rendered":"<p>Exigences de personnel :<\/p>\n<p>Une personne travaillant avec l&#8217;\u00e9quipement DYMET\u00ae devrait avoir la permission de travailler avec les instruments \u00e9lectriques et l&#8217;air comprim\u00e9 et devrait \u00eatre instruite par le fournisseur sur les r\u00e8gles de travail et les techniques.<\/p>\n<p>Lieu de travail et exigences de s\u00e9curit\u00e9<\/p>\n<p>Pour prot\u00e9ger le personnel et l&#8217;environnement de la poussi\u00e8re en travaillant \u00e0 l&#8217;int\u00e9rieur avec l&#8217;\u00e9quipement DYMET\u00ae il est n\u00e9cessaire d&#8217;enlever de l&#8217;air \u00e9pousset\u00e9 de la r\u00e9gion de d\u00e9position de couches ; l&#8217;air enlev\u00e9 devrait \u00eatre plus loin filtr\u00e9 (nettoy\u00e9). Le plan approximatif d&#8217;organisation de lieu de travail est montr\u00e9 ci-dessous :<\/p>\n<p><img decoding=\"async\" title=\"\" src=\"http:\/\/en.dymet.net\/uploads\/posts\/2011-08\/1312522665_fltreng.gif\" alt=\"\" \/><\/p>\n<p>Les composantes trait\u00e9es devraient \u00eatre allou\u00e9es dans la chambre protectrice de la poussi\u00e8re, qui pourrait fournir l&#8217;acc\u00e8s facile d&#8217;arroser l&#8217;ajutage d&#8217;unit\u00e9. Le personnel de travail devrait \u00eatre fourni par les v\u00eatements protecteurs de la poussi\u00e8re individuels (les verres, le respirateur).<\/p>\n<p>Le filtre devrait fournir le nettoyage d&#8217;air \u00e9pousset\u00e9 de la poussi\u00e8re (les particules en poudre, qui n&#8217;ont pas adh\u00e9r\u00e9 \u00e0 la surface trait\u00e9e).<\/p>\n<p>Le ventilateur devrait enlever efficacement de l&#8217;air \u00e9pousset\u00e9 de la &#8216;chambre protectrice de la poussi\u00e8re &#8211; le filtre &#8211; le syst\u00e8me de pipes a\u00e9riennes. La capacit\u00e9 de ventilateur charg\u00e9 sur le filtre devrait \u00eatre pas moins alors 2 m3\/min.<\/p>\n<p>Les d\u00e9m\u00e9nageurs de poussi\u00e8re industriels pr\u00eats avec assez de niveau de filtration a\u00e9rien et capacit\u00e9 ou sp\u00e9cialement syst\u00e8mes con\u00e7us (qui peut inclure des cyclones, des filtres de nettoyage parfaits et des ventilateurs) peuvent \u00eatre utilis\u00e9s comme les syst\u00e8mes d&#8217;enlevant de poussi\u00e8re pour le travail avec l&#8217;\u00e9quipement DYMET\u00ae.<\/p>\n<p><img loading=\"lazy\" decoding=\"async\" class=\"alignnone size-medium wp-image-74\" src=\"http:\/\/dymet.ee\/wp-content\/uploads\/2016\/08\/place01a-300x235.jpg\" alt=\"place01a\" width=\"300\" height=\"235\" srcset=\"https:\/\/dymet.ee\/wp-content\/uploads\/2016\/08\/place01a-300x235.jpg 300w, https:\/\/dymet.ee\/wp-content\/uploads\/2016\/08\/place01a-191x150.jpg 191w, https:\/\/dymet.ee\/wp-content\/uploads\/2016\/08\/place01a-150x118.jpg 150w, https:\/\/dymet.ee\/wp-content\/uploads\/2016\/08\/place01a.jpg 480w\" sizes=\"auto, (max-width: 300px) 100vw, 300px\" \/><\/p>\n<p>Version de l&#8217;appareil de protection de poussi\u00e8re : 1 &#8211; chambre pour le placement d&#8217;un d\u00e9tail, 2 &#8211; un cyclone, 3 &#8211; le bunker de cyclone pour la poudre recueillie, 4 &#8211; le ventilateur<\/p>\n","protected":false},"excerpt":{"rendered":"<p>Exigences de personnel : Une personne travaillant avec l&#8217;\u00e9quipement DYMET\u00ae devrait avoir la permission de travailler avec les instruments \u00e9lectriques et l&#8217;air comprim\u00e9 et devrait \u00eatre instruite par le fournisseur sur les r\u00e8gles de travail et les techniques. Lieu de travail et exigences de s\u00e9curit\u00e9 Pour prot\u00e9ger le personnel et \u2026 <a class=\"continue-reading-link\" href=\"https:\/\/dymet.ee\/fr\/technology\/workplace\/\"> Continue reading <span class=\"meta-nav\">&rarr; <\/span><\/a><\/p>\n","protected":false},"author":1,"featured_media":0,"parent":24,"menu_order":0,"comment_status":"closed","ping_status":"closed","template":"","meta":{"two_page_speed":{"previous_score":{"desktop_score":99,"desktop_tti":"0.7\u00a0","mobile_score":97,"mobile_tti":"2.2\u00a0","date":"25.12.2024 03:45:05 pm","status":"completed"}},"footnotes":""},"class_list":["post-40","page","type-page","status-publish","hentry"],"translation":{"provider":"WPGlobus","version":"3.0.2","language":"fr","enabled_languages":["en","ee","fi","ru","fr","es","it","de"],"languages":{"en":{"title":true,"content":true,"excerpt":false},"ee":{"title":true,"content":true,"excerpt":false},"fi":{"title":true,"content":true,"excerpt":false},"ru":{"title":true,"content":true,"excerpt":false},"fr":{"title":true,"content":true,"excerpt":false},"es":{"title":true,"content":true,"excerpt":false},"it":{"title":true,"content":true,"excerpt":false},"de":{"title":true,"content":true,"excerpt":false}}},"_links":{"self":[{"href":"https:\/\/dymet.ee\/fr\/wp-json\/wp\/v2\/pages\/40","targetHints":{"allow":["GET"]}}],"collection":[{"href":"https:\/\/dymet.ee\/fr\/wp-json\/wp\/v2\/pages"}],"about":[{"href":"https:\/\/dymet.ee\/fr\/wp-json\/wp\/v2\/types\/page"}],"author":[{"embeddable":true,"href":"https:\/\/dymet.ee\/fr\/wp-json\/wp\/v2\/users\/1"}],"replies":[{"embeddable":true,"href":"https:\/\/dymet.ee\/fr\/wp-json\/wp\/v2\/comments?post=40"}],"version-history":[{"count":6,"href":"https:\/\/dymet.ee\/fr\/wp-json\/wp\/v2\/pages\/40\/revisions"}],"predecessor-version":[{"id":630,"href":"https:\/\/dymet.ee\/fr\/wp-json\/wp\/v2\/pages\/40\/revisions\/630"}],"up":[{"embeddable":true,"href":"https:\/\/dymet.ee\/fr\/wp-json\/wp\/v2\/pages\/24"}],"wp:attachment":[{"href":"https:\/\/dymet.ee\/fr\/wp-json\/wp\/v2\/media?parent=40"}],"curies":[{"name":"wp","href":"https:\/\/api.w.org\/{rel}","templated":true}]}}