{"id":36,"date":"2016-08-20T18:26:06","date_gmt":"2016-08-20T15:26:06","guid":{"rendered":"http:\/\/dymet.ee\/?page_id=36"},"modified":"2025-06-05T21:58:35","modified_gmt":"2025-06-05T18:58:35","slug":"equipment-applications","status":"publish","type":"page","link":"https:\/\/dymet.ee\/fr\/technology\/equipment-applications\/","title":{"rendered":"Applications d&#8217;\u00e9quipement"},"content":{"rendered":"<p>Notre compagnie a accumul\u00e9 l&#8217;exp\u00e9rience d&#8217;utiliser l&#8217;\u00e9quipement DYMET\u00ae dans les applications suivantes :<\/p>\n<p>la restauration de forme et la grandeur de parties en m\u00e9tal, la restauration de jeter des d\u00e9fauts et des d\u00e9fauts m\u00e9caniques ;<br \/>\nle contact \u00e9lectrique rembourre la d\u00e9position au m\u00e9tal, de verre et c\u00e9ramique ;<br \/>\nlayering primordial pour la soudure ;<br \/>\ngaz &#8211; et cachetage \u00e9tanch\u00e9 au liquide (cachetage herm\u00e9tique) ;<br \/>\nprotection de friction (restauration de rapports glissants) ;<br \/>\nprotection de corrosion ;<br \/>\nprotection de saisie (couches d&#8217;antisaisie) ;<br \/>\nla protection d&#8217;\u00e9tincelle (antisuscitent des couches) ;<br \/>\nd\u00e9coration ;<br \/>\napplications sp\u00e9ciales<br \/>\nRestauration de m\u00e9tal perdu<\/p>\n<p>Notre technologie et \u00e9quipement sont l&#8217;outil tr\u00e8s efficace pour la restauration de r\u00e9gions endommag\u00e9es de diff\u00e9rentes composantes ou de produits. Le faible niveau de chaleur ajout\u00e9e dans le processus de restauration ne fournit aucune d\u00e9formation de partie trait\u00e9e, aucune tension int\u00e9rieure dans cela et aucune transformation structurelle du m\u00e9tal de partie trait\u00e9e. Le design d&#8217;\u00e9quipement fournit le traitement de surface local sans influencer des r\u00e9gions non-d\u00e9fectueuses. Cependant, cette technologie est efficace seulement quand il n&#8217;y a aucune forte exigence \u00e0 la duret\u00e9 et \u00e0 la r\u00e9sistance \u00e0 l&#8217;usure de couches d\u00e9pos\u00e9es.<\/p>\n<p>r\u00e9paration de f\u00ealures, cavit\u00e9s ou cavernes dans l&#8217;acier ou la fonte castings ;<\/p>\n<p>Couche conductrice \u00e9lectrique<\/p>\n<p>La haute conductance \u00e9lectrique de couches en aluminium ou couleur cuivre et de leur capacit\u00e9 d&#8217;adh\u00e9rer \u00e0 toute surface en m\u00e9tal ou c\u00e9ramique fournit leur application effective dans de diff\u00e9rentes composantes \u00e9lectroniques ou \u00e9lectriques :<\/p>\n<p>en faisant des sentiers couleur cuivre, des rayures ou des r\u00e9gions de contact sur les composantes en aluminium ou d&#8217;acier ou les parties (en particulier, d\u00e9position de cuivre sur les pneus et sur les surfaces earthing etc.) ;<br \/>\nd\u00e9position de couches conductrices \u00e9lectriques sur les appareils c\u00e9ramiques (plaques d&#8217;assemblage, isolants de porcelaine etc.).<\/p>\n<p>layering primordial pour la soudure<\/p>\n<p>La simplicit\u00e9 technologique de d\u00e9position de couche sur tout m\u00e9tal (par ex. la fonte ou l&#8217;aluminium), la surface de verre ou c\u00e9ramique fournit l&#8217;occasion de d\u00e9poser du cuivre sur ces surfaces pour faire plus loin toutes unit\u00e9s soud\u00e9es apr\u00e8s les avoir dilu\u00e9s avec toutes soudures.<br \/>\nLa fixation des fuites de liquides ou de gaz<\/p>\n<p>La porosit\u00e9 basse et la perm\u00e9abilit\u00e9 du gaz de couches d\u00e9pos\u00e9es par l&#8217;\u00e9quipement DYMET\u00ae permettent de les utiliser efficacement pour le cachetage des fuites dans les cas quand il n&#8217;y a aucune occasion d&#8217;utiliser des compos\u00e9s herm\u00e9tiques. En particulier, il est bon de les utiliser pour r\u00e9parer des vaisseaux travaillant sous de hautes pressions ou sous les temp\u00e9ratures basses ou hautes, par ex. les composantes de syst\u00e8mes cryogen, les composantes de syst\u00e8mes de refroidissement, les barils, les pipelines, les \u00e9changeurs de chaleur, etc.<\/p>\n<p>Protection de friction (restauration de rapports glissants)<\/p>\n<p>Protection de la corrosion<\/p>\n<p>L&#8217;aluminium ou les couches de zinc prot\u00e8gent des surfaces de la corrosion de temp\u00e9rature basse. Les couches d\u00e9pos\u00e9es avec l&#8217;\u00e9quipement DYMET\u00ae rencontrent GOST 28302-89 et GOST 9.304-87 normes russes et d&#8217;autres r\u00e8glements ; les traits anticorrosifs de couches DYMET\u00ae exc\u00e8dent ceux de peintures ou beaucoup d&#8217;autres couches en m\u00e9tal.<\/p>\n<p>traitement anticorrosif de centres de corrosion locaux ;<br \/>\ntraitement de coutures soudables ;<br \/>\ntraitement de composantes de petite taille.<\/p>\n<p>Protection de saisie (couches d&#8217;antisaisie)<\/p>\n<p>La protection d&#8217;\u00e9tincelle (antisuscitent des couches)<\/p>\n<p>D\u00e9coration<\/p>\n<p>Applications sp\u00e9ciales<\/p>\n<p>Les couches pourraient \u00eatre utilis\u00e9es pour r\u00e9soudre beaucoup de t\u00e2ches sp\u00e9ciales selon leurs traits et particularit\u00e9s de leur m\u00e9thode de d\u00e9position :<\/p>\n<p>cachetage de coutures soudables dans les composantes en aluminium thermo-fermes dans l&#8217;\u00e9quipement cryogen ;<br \/>\ncachetage de jonctions de pipeline de haute pression (&#8220;aluminium &#8211; acier inoxydable&#8221;) ;<br \/>\nl&#8217;augmentation de capacit\u00e9 d&#8217;irradiation de chaleur d&#8217;acier inoxydable (les surfaces avec le haut niveau de radiation de chaleur sont exig\u00e9es pour la dissipation de chaleur de composantes chauff\u00e9es dans le vide) ;<br \/>\nrestauration g\u00e9om\u00e9trique de parties et composantes de turbines pompant le gaz ;<br \/>\nen pr\u00e9venant des fils de bloquer (dans la construction navale, l&#8217;industrie du p\u00e9trole) ;<br \/>\nen emp\u00eachant des instruments de jeter des \u00e9tincelles.<\/p>\n<p>Service d&#8217;auto<\/p>\n<p>La large application d&#8217;\u00e9quipement DYMET\u00ae est la r\u00e9paration de moteur automobile, composantes ou corps. En particulier, les objets r\u00e9par\u00e9s pourraient \u00eatre :<\/p>\n<p>blessures corrosives, piscines ou trous br\u00fbl\u00e9s dans le chef de bloc de cylindres ;<br \/>\nf\u00ealures dans le chef de bloc de cylindres, dans le bloc de cylindres ou dans les composantes automobiles ;<br \/>\nle fait de fuir de liquide dans les apr\u00e8s-shampooings automobiles ;<br \/>\nradiateurs non-herm\u00e9tiques ;<br \/>\ntraitement anticorrosif de r\u00e9gions locales de coutures soudables en r\u00e9parant des corps automobiles ou des cache-nez ;<br \/>\nrapport des si\u00e8ges.<\/p>\n<p>Suppl\u00e9mentairement, d&#8217;autres applications de couches possibles sont :<\/p>\n<p>protection de la haute corrosion de temp\u00e9rature : d\u00e9position de nickel ou de couches en aluminium sur les composantes exploit\u00e9es sous de hautes temp\u00e9ratures (par ex. thermocouples) ;<br \/>\ncouche d\u00e9corative ou petit traitement d&#8217;\u00e9rosion de m\u00e9tal, surfaces de verre ou c\u00e9ramiques.<\/p>\n","protected":false},"excerpt":{"rendered":"<p>Notre compagnie a accumul\u00e9 l&#8217;exp\u00e9rience d&#8217;utiliser l&#8217;\u00e9quipement DYMET\u00ae dans les applications suivantes : la restauration de forme et la grandeur de parties en m\u00e9tal, la restauration de jeter des d\u00e9fauts et des d\u00e9fauts m\u00e9caniques ; le contact \u00e9lectrique rembourre la d\u00e9position au m\u00e9tal, de verre et c\u00e9ramique ; layering primordial \u2026 <a class=\"continue-reading-link\" href=\"https:\/\/dymet.ee\/fr\/technology\/equipment-applications\/\"> Continue reading <span class=\"meta-nav\">&rarr; <\/span><\/a><\/p>\n","protected":false},"author":1,"featured_media":0,"parent":24,"menu_order":0,"comment_status":"closed","ping_status":"closed","template":"","meta":{"two_page_speed":[],"footnotes":""},"class_list":["post-36","page","type-page","status-publish","hentry"],"translation":{"provider":"WPGlobus","version":"3.0.2","language":"fr","enabled_languages":["en","ee","fi","ru","fr","es","it","de"],"languages":{"en":{"title":true,"content":true,"excerpt":false},"ee":{"title":true,"content":true,"excerpt":false},"fi":{"title":true,"content":false,"excerpt":false},"ru":{"title":true,"content":true,"excerpt":false},"fr":{"title":true,"content":true,"excerpt":false},"es":{"title":true,"content":true,"excerpt":false},"it":{"title":true,"content":true,"excerpt":false},"de":{"title":true,"content":true,"excerpt":false}}},"_links":{"self":[{"href":"https:\/\/dymet.ee\/fr\/wp-json\/wp\/v2\/pages\/36","targetHints":{"allow":["GET"]}}],"collection":[{"href":"https:\/\/dymet.ee\/fr\/wp-json\/wp\/v2\/pages"}],"about":[{"href":"https:\/\/dymet.ee\/fr\/wp-json\/wp\/v2\/types\/page"}],"author":[{"embeddable":true,"href":"https:\/\/dymet.ee\/fr\/wp-json\/wp\/v2\/users\/1"}],"replies":[{"embeddable":true,"href":"https:\/\/dymet.ee\/fr\/wp-json\/wp\/v2\/comments?post=36"}],"version-history":[{"count":5,"href":"https:\/\/dymet.ee\/fr\/wp-json\/wp\/v2\/pages\/36\/revisions"}],"predecessor-version":[{"id":650,"href":"https:\/\/dymet.ee\/fr\/wp-json\/wp\/v2\/pages\/36\/revisions\/650"}],"up":[{"embeddable":true,"href":"https:\/\/dymet.ee\/fr\/wp-json\/wp\/v2\/pages\/24"}],"wp:attachment":[{"href":"https:\/\/dymet.ee\/fr\/wp-json\/wp\/v2\/media?parent=36"}],"curies":[{"name":"wp","href":"https:\/\/api.w.org\/{rel}","templated":true}]}}