{"id":24,"date":"2016-08-20T16:02:53","date_gmt":"2016-08-20T13:02:53","guid":{"rendered":"http:\/\/dymet.ee\/?page_id=24"},"modified":"2025-06-04T15:31:22","modified_gmt":"2025-06-04T12:31:22","slug":"technology","status":"publish","type":"page","link":"https:\/\/dymet.ee\/fr\/technology\/","title":{"rendered":"La technologie"},"content":{"rendered":"<p>La technologie de DYMET\u00ae pour la d\u00e9position de couche en m\u00e9tal est une version de Froid de m\u00e9thode le Spray du gaz et dynamique (le Spray Froid) <a href=\"http:\/\/en.wikipedia.org\/wiki\/Gas_dynamic_cold_spray\">http:\/\/en.wikipedia.org\/wiki\/Gas_dynamic_cold_spray<\/a><br \/>\nLe Spray Froid est bas\u00e9 sur la d\u00e9couverte (fait au cours des ann\u00e9es 1980) que les particules bougeant \u00e0 la vitesse supersonique adh\u00e8rent \u00e0 une surface apr\u00e8s la collision. DYMET\u00ae a re\u00e7u le nom \u00able Spray de Froid de Pression Bas\u00bb (LPSC).<\/p>\n<p>Les innovations uniques de DYMET\u00ae sont :<\/p>\n<p>&#8211; utilisation d&#8217;air comprim\u00e9 de temp\u00e9rature basse comme le moyen d&#8217;expression du gaz de travail.<br \/>\n&#8211; utilisation d&#8217;un m\u00e9lange de particules en m\u00e9tal et c\u00e9ramiques dans la d\u00e9position, en r\u00e8gle g\u00e9n\u00e9rale.<br \/>\n&#8211; introduction de mati\u00e8re en poudre dans l&#8217;ajutage supersonique apr\u00e8s sa section critique.<\/p>\n<p>La technologie permet la d\u00e9position de couches sur l&#8217;en m\u00e9tal, le c\u00e9ramique, le de verre, la pierre et le b\u00e9ton substrates. Actuellement, les couches DYMET\u00ae peuvent se composer de l&#8217;aluminium, le zinc, le cuivre, la bo\u00eete, l&#8217;avance, l&#8217;alliage d&#8217;antifriction, le nickel et d&#8217;autres m\u00e9taux.<\/p>\n<p>\u00c9l\u00e9ments de technologie cl\u00e9s<\/p>\n<p>Dans le processus de couche DYMET\u00ae, l&#8217;air comprim\u00e9 est chauff\u00e9 et a fait adopter un ajutage supersonique. La poudre est introduite dans le jet a\u00e9rien supersonique r\u00e9sultant, qui acc\u00e9l\u00e8re les particules en poudre et les d\u00e9pose sur la cible substrate.<br \/>\nLes poudres sont compos\u00e9es des m\u00e9taux, les alliages ou les m\u00e9langes de particules en m\u00e9tal et c\u00e9ramiques. La surface trait\u00e9e peut \u00eatre ou \u00e9rod\u00e9e ou enduite avec les compositions en m\u00e9tal n\u00e9cessaires selon le mode d&#8217;exploitation de l&#8217;appareil.<\/p>\n<p>Aspects uniques de la technologie<\/p>\n<p>La plupart des m\u00e9thodes de couche de spray thermales traditionnelles impliquent la d\u00e9position de particules mat\u00e9rielles \u00e0 de hautes temp\u00e9ratures, d&#8217;habitude au-dessus du point de fusion de la mati\u00e8re \u00e9tant d\u00e9pos\u00e9e.<\/p>\n<p><img loading=\"lazy\" decoding=\"async\" class=\"alignnone size-medium wp-image-66\" src=\"http:\/\/dymet.ee\/wp-content\/uploads\/2016\/08\/1312395226_scheme3e-300x159.jpg\" alt=\"1312395226_scheme3e\" width=\"300\" height=\"159\" srcset=\"https:\/\/dymet.ee\/wp-content\/uploads\/2016\/08\/1312395226_scheme3e-300x159.jpg 300w, https:\/\/dymet.ee\/wp-content\/uploads\/2016\/08\/1312395226_scheme3e-250x133.jpg 250w, https:\/\/dymet.ee\/wp-content\/uploads\/2016\/08\/1312395226_scheme3e-150x80.jpg 150w, https:\/\/dymet.ee\/wp-content\/uploads\/2016\/08\/1312395226_scheme3e.jpg 390w\" sizes=\"auto, (max-width: 300px) 100vw, 300px\" \/><\/p>\n<p>Dans la technologie de spray du gaz et dynamique (qui peut \u00eatre appell\u00e9 pratiquement &#8216;du m\u00e9tal &#8220;la croissance&#8221;) cette condition n&#8217;est pas n\u00e9cessaire. La d\u00e9position survient au moyen des particules fermes ayant un impact sur le substrate \u00e0 de tr\u00e8s hautes vitesses. Dans la s\u00e9rie de DYMET\u00ae d&#8217;appareils d\u00e9velopp\u00e9s \u00e0 OCPS, l&#8217;acc\u00e9l\u00e9ration de particules aux vitesses n\u00e9cessaires est accomplie via un jet a\u00e9rien supersonique. Cet \u00e9quipement n&#8217;a aucun analogue dans les m\u00e9thodes de couche traditionnelles.<\/p>\n<p>Les couches cr\u00e9\u00e9es avec la technologie de DYMET\u00ae sont sans la majorit\u00e9 d&#8217;inconv\u00e9nients fr\u00e9quents \u00e0 d&#8217;autres m\u00e9thodes de d\u00e9position en m\u00e9tal. Ils poss\u00e8dent aussi un certain nombre d&#8217;avantages technologiques, \u00e9conomiques et \u00e9cologiques suppl\u00e9mentaires. Cela rend la technologie attrayante aux entreprises industrielles et permet son application effective dans un large \u00e9ventail de t\u00e2ches de d\u00e9position en m\u00e9tal.<\/p>\n<p>Avantages de LPCS<\/p>\n<ul style=\"list-style-type: square;\">\n<li>le processus n&#8217;exige pas de hautes pressions ou des temp\u00e9ratures et peut \u00eatre fait dans une atmosph\u00e8re a\u00e9rienne ;<\/li>\n<li>la temp\u00e9rature du substrate ne monte pas au-dessus du 100-150\u0421, qui pr\u00e9vient l&#8217;apparence de tensions int\u00e9rieures et d\u00e9formations, aussi bien qu&#8217;oxydation de mat\u00e9riel de d\u00e9position ou du substrate. Cette propri\u00e9t\u00e9 de LPCS est extr\u00eamement utile dans le traitement d&#8217;alliage clair auquel les parties mincement entour\u00e9es, les objets structurellement complexes, s&#8217;opposent sensible \u00e0 la d\u00e9formation et \u00e0 d&#8217;autre substrates et de verre, c\u00e9ramique ;<\/li>\n<li>la technologie est inoffensive pour l&#8217;environnement (aucune haute temp\u00e9rature, gaz dangereux ou radiation, aucunes ordures chimiquement agressives) ;<\/li>\n<li>la technologie utilise un gaz de travail bon march\u00e9 et s\u00fbr : air comprim\u00e9 au 6-10atm ;<br \/>\nsubstrates n&#8217;exigent pas le pr\u00e9-chauffage ;<\/li>\n<li>aucune pr\u00e9paration m\u00e9canique du substrate n&#8217;est exig\u00e9e : le jet de particule haut et acc\u00e9l\u00e9r\u00e9 nettoie automatiquement la r\u00e9gion pr\u00e9vue de polluants, rouille, huiles et peinture et expose la structure en cristal de la mati\u00e8re substrate ;<\/li>\n<li>le jet de particule est tr\u00e8s contr\u00f4lable : c&#8217;est \u00e9troit et a la petite section transversale. Cela rend possible \u00e0 d\u00e9poser des couches sur les r\u00e9gions sp\u00e9cifiques ou aux points sp\u00e9cifiques sur un substrate et utiliser des stencils. (les m\u00e9thodes de couche de spray thermales traditionnelles ne fournissent pas cette occasion) ;<\/li>\n<li>il est possible de d\u00e9poser des couches multicomposantes avec l&#8217;\u00e9paisseur de couche variable ;<br \/>\nl&#8217;\u00e9quipement est compact, portatif, pratiquement disponible pour toute entreprise industrielle et n&#8217;exige pas l&#8217;entra\u00eenement \u00e9tendu ou le personnel hautement autoris\u00e9 ;<\/li>\n<li>l&#8217;\u00e9quipement permet le fait d&#8217;\u00e9changer facile entre le traitement de spray abrasif et la d\u00e9position mat\u00e9rielle ;<\/li>\n<li>un appareil est utilis\u00e9 pour d\u00e9poser tous les types de couche ;<br \/>\nl&#8217;\u00e9quipement peut \u00eatre utilis\u00e9 dans les conditions de terrain.<\/li>\n<\/ul>\n<p>La haute adaptabilit\u00e9 et la qualit\u00e9 excellente de couches DYMET\u00ae ont \u00e9t\u00e9 confirm\u00e9es plusieurs fois par les deux essais de laboratoire et applications industrielles. Quelques t\u00e2ches de d\u00e9position en m\u00e9tal \u00e9taient pratiquement impossibles d&#8217;accomplir jusqu&#8217;\u00e0 l&#8217;arriv\u00e9e de technologie de DYMET\u00ae.<\/p>\n","protected":false},"excerpt":{"rendered":"<p>La technologie de DYMET\u00ae pour la d\u00e9position de couche en m\u00e9tal est une version de Froid de m\u00e9thode le Spray du gaz et dynamique (le Spray Froid) http:\/\/en.wikipedia.org\/wiki\/Gas_dynamic_cold_spray Le Spray Froid est bas\u00e9 sur la d\u00e9couverte (fait au cours des ann\u00e9es 1980) que les particules bougeant \u00e0 la vitesse supersonique \u2026 <a class=\"continue-reading-link\" href=\"https:\/\/dymet.ee\/fr\/technology\/\"> Continue reading <span class=\"meta-nav\">&rarr; <\/span><\/a><\/p>\n","protected":false},"author":1,"featured_media":0,"parent":0,"menu_order":2,"comment_status":"closed","ping_status":"closed","template":"","meta":{"two_page_speed":[],"footnotes":""},"class_list":["post-24","page","type-page","status-publish","hentry"],"translation":{"provider":"WPGlobus","version":"3.0.2","language":"fr","enabled_languages":["en","ee","fi","ru","fr","es","it","de"],"languages":{"en":{"title":true,"content":true,"excerpt":false},"ee":{"title":true,"content":true,"excerpt":false},"fi":{"title":true,"content":true,"excerpt":false},"ru":{"title":true,"content":true,"excerpt":false},"fr":{"title":true,"content":true,"excerpt":false},"es":{"title":true,"content":true,"excerpt":false},"it":{"title":true,"content":true,"excerpt":false},"de":{"title":true,"content":true,"excerpt":false}}},"_links":{"self":[{"href":"https:\/\/dymet.ee\/fr\/wp-json\/wp\/v2\/pages\/24","targetHints":{"allow":["GET"]}}],"collection":[{"href":"https:\/\/dymet.ee\/fr\/wp-json\/wp\/v2\/pages"}],"about":[{"href":"https:\/\/dymet.ee\/fr\/wp-json\/wp\/v2\/types\/page"}],"author":[{"embeddable":true,"href":"https:\/\/dymet.ee\/fr\/wp-json\/wp\/v2\/users\/1"}],"replies":[{"embeddable":true,"href":"https:\/\/dymet.ee\/fr\/wp-json\/wp\/v2\/comments?post=24"}],"version-history":[{"count":13,"href":"https:\/\/dymet.ee\/fr\/wp-json\/wp\/v2\/pages\/24\/revisions"}],"predecessor-version":[{"id":611,"href":"https:\/\/dymet.ee\/fr\/wp-json\/wp\/v2\/pages\/24\/revisions\/611"}],"wp:attachment":[{"href":"https:\/\/dymet.ee\/fr\/wp-json\/wp\/v2\/media?parent=24"}],"curies":[{"name":"wp","href":"https:\/\/api.w.org\/{rel}","templated":true}]}}