{"id":19,"date":"2016-08-20T18:36:37","date_gmt":"2016-08-20T15:36:37","guid":{"rendered":"http:\/\/dymet.ee\/?page_id=19"},"modified":"2025-06-04T16:08:44","modified_gmt":"2025-06-04T13:08:44","slug":"proffesional-manual-and-cnc-operating-cold-gas-dynamic-spray-dymet-423","status":"publish","type":"page","link":"https:\/\/dymet.ee\/fr\/products-2\/proffesional-manual-and-cnc-operating-cold-gas-dynamic-spray-dymet-423\/","title":{"rendered":"Proffesional  manual and CNC operating Cold Gas Dynamic Spray DYMET 423"},"content":{"rendered":"<p><img loading=\"lazy\" decoding=\"async\" class=\"alignnone size-medium wp-image-9\" src=\"http:\/\/dymet.ee\/wp-content\/uploads\/2016\/08\/DYMET423-300x274.jpg\" alt=\"DYMET423\" width=\"300\" height=\"274\" srcset=\"https:\/\/dymet.ee\/wp-content\/uploads\/2016\/08\/DYMET423-300x274.jpg 300w, https:\/\/dymet.ee\/wp-content\/uploads\/2016\/08\/DYMET423-768x703.jpg 768w, https:\/\/dymet.ee\/wp-content\/uploads\/2016\/08\/DYMET423-1024x937.jpg 1024w, https:\/\/dymet.ee\/wp-content\/uploads\/2016\/08\/DYMET423.jpg 1350w\" sizes=\"auto, (max-width: 300px) 100vw, 300px\" \/><\/p>\n<p>Le mod\u00e8le 423 DYMET est con\u00e7u \u00e0 la d\u00e9position d&#8217;aluminium, zinc, cuivre, nickel, bo\u00eete, couches en m\u00e9tal de plomb. Il peut \u00eatre pratiqu\u00e9 manuellement ou install\u00e9 dans les syst\u00e8mes automatis\u00e9s et robotis\u00e9s. C&#8217;est aussi capable de sabler des surfaces.<\/p>\n<p>Sp\u00e9cifications<\/p>\n<p>L&#8217;air comprim\u00e9 maximum a saisi la pression 12 barre (170 psi)<br \/>\nConsommation d&#8217;air comprim\u00e9 0.3-0.4 m3\/min<br \/>\nPuret\u00e9 d&#8217;air comprim\u00e9 sans eau et huile<br \/>\nAir comprim\u00e9 pression d&#8217;exploitation<br \/>\n(\u00e0 l&#8217;int\u00e9rieur de la Pulv\u00e9risation du Fusil 45 DM) 5 \u2013 8 barre (70-120 psi)<br \/>\nAir comprim\u00e9 temp\u00e9rature d&#8217;exploitation<br \/>\n(dans la contribution de l&#8217;ajutage) 200 \u2013 600 \u00b0C<br \/>\nAlimentation \u00e9lectrique :<br \/>\nCourant alternant d&#8217;une phase de 50\u00b11 Hz et 220 V<br \/>\nConsommation d&#8217;\u00e9nergie maximum 3.3 kW<br \/>\nLe niveau de bruit dans l&#8217;op\u00e9ration sans bo\u00eete prot\u00e9g\u00e9e pas exc\u00e8de 75 d\u00e9cibels<br \/>\nConsommation en poudre 0,1-0,8 g\/sec<br \/>\nLe temps exig\u00e9 atteindre la condition de fonctionnement pas plus que 10 secondes<br \/>\nDimensions de l&#8217;\u00e9quipement :<br \/>\nAssemblage d&#8217;\u00e9gouttoir &#8211; 550\u0445260\u0445480 mm<br \/>\nLa pulv\u00e9risation du Fusil (avec la poign\u00e9e) &#8211; 450\u044580\u0445175 mm<br \/>\nLa pulv\u00e9risation du Fusil (sans poign\u00e9e) &#8211; 450\u044564 mm<br \/>\nMasse totale de l&#8217;\u00e9quipement &#8211; 20 kg<br \/>\nLa pulv\u00e9risation du Fusil (avec la poign\u00e9e) &#8211; 1,7 kg<\/p>\n<p><img loading=\"lazy\" decoding=\"async\" class=\"alignnone size-medium wp-image-48\" src=\"http:\/\/dymet.ee\/wp-content\/uploads\/2016\/08\/dymet-1-234x300.jpg\" alt=\"dymet\" width=\"234\" height=\"300\" srcset=\"https:\/\/dymet.ee\/wp-content\/uploads\/2016\/08\/dymet-1-234x300.jpg 234w, https:\/\/dymet.ee\/wp-content\/uploads\/2016\/08\/dymet-1-117x150.jpg 117w, https:\/\/dymet.ee\/wp-content\/uploads\/2016\/08\/dymet-1.jpg 250w\" sizes=\"auto, (max-width: 234px) 100vw, 234px\" \/><\/p>\n","protected":false},"excerpt":{"rendered":"<p>Le mod\u00e8le 423 DYMET est con\u00e7u \u00e0 la d\u00e9position d&#8217;aluminium, zinc, cuivre, nickel, bo\u00eete, couches en m\u00e9tal de plomb. Il peut \u00eatre pratiqu\u00e9 manuellement ou install\u00e9 dans les syst\u00e8mes automatis\u00e9s et robotis\u00e9s. C&#8217;est aussi capable de sabler des surfaces. Sp\u00e9cifications L&#8217;air comprim\u00e9 maximum a saisi la pression 12 barre (170 \u2026 <a class=\"continue-reading-link\" href=\"https:\/\/dymet.ee\/fr\/products-2\/proffesional-manual-and-cnc-operating-cold-gas-dynamic-spray-dymet-423\/\"> Continue reading <span class=\"meta-nav\">&rarr; <\/span><\/a><\/p>\n","protected":false},"author":1,"featured_media":0,"parent":137,"menu_order":2,"comment_status":"closed","ping_status":"closed","template":"","meta":{"two_page_speed":[],"footnotes":""},"class_list":["post-19","page","type-page","status-publish","hentry"],"translation":{"provider":"WPGlobus","version":"3.0.2","language":"fr","enabled_languages":["en","ee","fi","ru","fr","es","it","de"],"languages":{"en":{"title":true,"content":true,"excerpt":false},"ee":{"title":true,"content":true,"excerpt":false},"fi":{"title":true,"content":true,"excerpt":false},"ru":{"title":true,"content":true,"excerpt":false},"fr":{"title":true,"content":true,"excerpt":false},"es":{"title":true,"content":true,"excerpt":false},"it":{"title":true,"content":true,"excerpt":false},"de":{"title":true,"content":true,"excerpt":false}}},"_links":{"self":[{"href":"https:\/\/dymet.ee\/fr\/wp-json\/wp\/v2\/pages\/19","targetHints":{"allow":["GET"]}}],"collection":[{"href":"https:\/\/dymet.ee\/fr\/wp-json\/wp\/v2\/pages"}],"about":[{"href":"https:\/\/dymet.ee\/fr\/wp-json\/wp\/v2\/types\/page"}],"author":[{"embeddable":true,"href":"https:\/\/dymet.ee\/fr\/wp-json\/wp\/v2\/users\/1"}],"replies":[{"embeddable":true,"href":"https:\/\/dymet.ee\/fr\/wp-json\/wp\/v2\/comments?post=19"}],"version-history":[{"count":8,"href":"https:\/\/dymet.ee\/fr\/wp-json\/wp\/v2\/pages\/19\/revisions"}],"predecessor-version":[{"id":615,"href":"https:\/\/dymet.ee\/fr\/wp-json\/wp\/v2\/pages\/19\/revisions\/615"}],"up":[{"embeddable":true,"href":"https:\/\/dymet.ee\/fr\/wp-json\/wp\/v2\/pages\/137"}],"wp:attachment":[{"href":"https:\/\/dymet.ee\/fr\/wp-json\/wp\/v2\/media?parent=19"}],"curies":[{"name":"wp","href":"https:\/\/api.w.org\/{rel}","templated":true}]}}