{"id":159,"date":"2016-10-13T12:38:01","date_gmt":"2016-10-13T09:38:01","guid":{"rendered":"http:\/\/dymet.ee\/?page_id=159"},"modified":"2021-06-21T10:53:35","modified_gmt":"2021-06-21T07:53:35","slug":"repair-of-a-tube-from-the-automobile-conditioner","status":"publish","type":"page","link":"https:\/\/dymet.ee\/fr\/our-experience\/repair-of-a-tube-from-the-automobile-conditioner\/","title":{"rendered":"La r\u00e9paration du tube du r\u00e9frig\u00e9rant d&#8217;automobile"},"content":{"rendered":"<p>Quick repair of aluminum tubes from car air conditioner.<br \/>\nDue to the low temperature of the powder metal application process, it is possible to seal any kind of defects. Which arose from mechanical damage or chemical corrosion of aluminum due to condensate.<br \/>\nThe tube must be removed from the vehicle.<br \/>\nTheoretically and practically it is possible not to remove the tube from the car if there is access for repair. This saves the client time and money. Sometimes the tube can break when dismantled due to passion.<br \/>\nBut there is a risk that too much powder will enter the tube during the metal application process. Abrasive particles in the powder can cause rapid wear of the compressor.<\/p>\n<p>Such information is on the Internet. But in all 12 years of activity, we have not had such an occasion.<br \/>\nSince 2012, to improve the quality of repairs, it was decided to take only dismantled tubes for repair.<\/p>\n<p>Leak check:<br \/>\nAfter the metal is applied, the ends of the tube are closed, compressed air is supplied inside, the tube is lowered into water. If there are no air bubbles at the repair site, then the repair was successful.<br \/>\nWe recommend that each customer flush the tube after repair. Isopropyl or ethyl alcohol is well suited.<\/p>\n","protected":false},"excerpt":{"rendered":"<p>Quick repair of aluminum tubes from car air conditioner. Due to the low temperature of the powder metal application process, it is possible to seal any kind of defects. Which arose from mechanical damage or chemical corrosion of aluminum due to condensate. The tube must be removed from the vehicle. \u2026 <a class=\"continue-reading-link\" href=\"https:\/\/dymet.ee\/fr\/our-experience\/repair-of-a-tube-from-the-automobile-conditioner\/\"> Continue reading <span class=\"meta-nav\">&rarr; <\/span><\/a><\/p>\n","protected":false},"author":1,"featured_media":0,"parent":135,"menu_order":0,"comment_status":"closed","ping_status":"closed","template":"","meta":{"two_page_speed":[],"footnotes":""},"class_list":["post-159","page","type-page","status-publish","hentry"],"translation":{"provider":"WPGlobus","version":"3.0.2","language":"fr","enabled_languages":["en","ee","fi","ru","fr","es","it","de"],"languages":{"en":{"title":true,"content":true,"excerpt":false},"ee":{"title":true,"content":false,"excerpt":false},"fi":{"title":true,"content":true,"excerpt":false},"ru":{"title":true,"content":false,"excerpt":false},"fr":{"title":true,"content":false,"excerpt":false},"es":{"title":true,"content":false,"excerpt":false},"it":{"title":true,"content":false,"excerpt":false},"de":{"title":true,"content":false,"excerpt":false}}},"_links":{"self":[{"href":"https:\/\/dymet.ee\/fr\/wp-json\/wp\/v2\/pages\/159","targetHints":{"allow":["GET"]}}],"collection":[{"href":"https:\/\/dymet.ee\/fr\/wp-json\/wp\/v2\/pages"}],"about":[{"href":"https:\/\/dymet.ee\/fr\/wp-json\/wp\/v2\/types\/page"}],"author":[{"embeddable":true,"href":"https:\/\/dymet.ee\/fr\/wp-json\/wp\/v2\/users\/1"}],"replies":[{"embeddable":true,"href":"https:\/\/dymet.ee\/fr\/wp-json\/wp\/v2\/comments?post=159"}],"version-history":[{"count":8,"href":"https:\/\/dymet.ee\/fr\/wp-json\/wp\/v2\/pages\/159\/revisions"}],"predecessor-version":[{"id":317,"href":"https:\/\/dymet.ee\/fr\/wp-json\/wp\/v2\/pages\/159\/revisions\/317"}],"up":[{"embeddable":true,"href":"https:\/\/dymet.ee\/fr\/wp-json\/wp\/v2\/pages\/135"}],"wp:attachment":[{"href":"https:\/\/dymet.ee\/fr\/wp-json\/wp\/v2\/media?parent=159"}],"curies":[{"name":"wp","href":"https:\/\/api.w.org\/{rel}","templated":true}]}}