{"id":7,"date":"2016-08-20T13:24:28","date_gmt":"2016-08-20T10:24:28","guid":{"rendered":"http:\/\/dymet.ee\/?page_id=7"},"modified":"2025-06-05T22:07:11","modified_gmt":"2025-06-05T19:07:11","slug":"main","status":"publish","type":"page","link":"https:\/\/dymet.ee\/fi\/","title":{"rendered":"P\u00e4\u00e4sivun"},"content":{"rendered":"<h3><span style=\"font-family: arial black,sans-serif;\">Kineettinen metallointi, kylm\u00e4 &#8211; suihkeeseen, matalapaineet suihkeeseen, Kylm\u00e4 Metalli suihkeeseen, kylm\u00e4 &#8211; dynaamisimpien suihkeeseen, CGDS<\/span><\/h3>\n<p><img loading=\"lazy\" decoding=\"async\" class=\"alignnone size-medium wp-image-57\" src=\"http:\/\/dymet.ee\/wp-content\/uploads\/2016\/08\/dimet-3-1276722001-1305052568-e1471707970277-300x232.jpg\" alt=\"dimet-3-1276722001-1305052568\" width=\"300\" height=\"232\" srcset=\"https:\/\/dymet.ee\/wp-content\/uploads\/2016\/08\/dimet-3-1276722001-1305052568-e1471707970277-300x232.jpg 300w, https:\/\/dymet.ee\/wp-content\/uploads\/2016\/08\/dimet-3-1276722001-1305052568-e1471707970277-194x150.jpg 194w, https:\/\/dymet.ee\/wp-content\/uploads\/2016\/08\/dimet-3-1276722001-1305052568-e1471707970277-150x116.jpg 150w, https:\/\/dymet.ee\/wp-content\/uploads\/2016\/08\/dimet-3-1276722001-1305052568-e1471707970277.jpg 746w\" sizes=\"auto, (max-width: 300px) 100vw, 300px\" \/><br \/>\nKylm\u00e4 suihkeeseen teknologiaa sovelletaan suihkeeseen eri metallin pinnoitteiden maksavien alumiini, kupari, sinkki, lyijy, nikkeli, Tinaj\u00e4tteet, babbit. Laskeuman kobolttituotteiden, rauta, vanadiini ja er\u00e4\u00e4t muut metallit on my\u00f6s mahdollista.<\/p>\n<p>Metallin pinnoitteita k\u00e4ytet\u00e4\u00e4n eri tarkoituksiin kuten:<br \/>\n\u00b7 palauttamista. muodon ja koon metalliosat.<br \/>\n\u00b7 &#8211; yhteytt\u00e4 pads laskeuduttuaan metalli, lasi ja keraamiset;<br \/>\n\u00b7 palauttamista. sys\u00e4\u00e4m\u00e4tt\u00e4 mekaanisia vikoja ja puutteita.<br \/>\n\u00b7 kaasu &#8211; ja nestetiivis tiivistys (hermeettinen tiivistys).<br \/>\n\u00b7 kitkaominaisuus suojelua. (palauttamista. luisui laakereista).<br \/>\n\u00b7 korroosion suojelua.<br \/>\n\u00b7 turvaan suojelua. (kouristuksenestotehoon pinnoitteiden).<br \/>\n\u00b7 kipin\u00e4 suojelua. (anti-kipin\u00e4 pinnoitteiden).<br \/>\nkunniamerkin.<\/p>\n<p><img loading=\"lazy\" decoding=\"async\" class=\"alignnone size-medium wp-image-20\" src=\"http:\/\/dymet.ee\/wp-content\/uploads\/2016\/08\/Dimet_04-300x300.jpg\" alt=\"Dimet_04\" width=\"300\" height=\"300\" srcset=\"https:\/\/dymet.ee\/wp-content\/uploads\/2016\/08\/Dimet_04-300x300.jpg 300w, https:\/\/dymet.ee\/wp-content\/uploads\/2016\/08\/Dimet_04-150x150.jpg 150w, https:\/\/dymet.ee\/wp-content\/uploads\/2016\/08\/Dimet_04-55x55.jpg 55w, https:\/\/dymet.ee\/wp-content\/uploads\/2016\/08\/Dimet_04.jpg 364w\" sizes=\"auto, (max-width: 300px) 100vw, 300px\" \/><\/p>\n","protected":false},"excerpt":{"rendered":"<p>Kineettinen metallointi, kylm\u00e4 &#8211; suihkeeseen, matalapaineet suihkeeseen, Kylm\u00e4 Metalli suihkeeseen, kylm\u00e4 &#8211; dynaamisimpien suihkeeseen, CGDS Kylm\u00e4 suihkeeseen teknologiaa sovelletaan suihkeeseen eri metallin pinnoitteiden maksavien alumiini, kupari, sinkki, lyijy, nikkeli, Tinaj\u00e4tteet, babbit. Laskeuman kobolttituotteiden, rauta, vanadiini ja er\u00e4\u00e4t muut metallit on my\u00f6s mahdollista. Metallin pinnoitteita k\u00e4ytet\u00e4\u00e4n eri tarkoituksiin kuten: \u00b7 palauttamista. \u2026 <a class=\"continue-reading-link\" href=\"https:\/\/dymet.ee\/fi\/\"> Continue reading <span class=\"meta-nav\">&rarr; <\/span><\/a><\/p>\n","protected":false},"author":1,"featured_media":0,"parent":0,"menu_order":1,"comment_status":"closed","ping_status":"closed","template":"","meta":{"two_page_speed":null,"footnotes":""},"class_list":["post-7","page","type-page","status-publish","hentry"],"translation":{"provider":"WPGlobus","version":"3.0.2","language":"fi","enabled_languages":["en","ee","fi","ru","fr","es","it","de"],"languages":{"en":{"title":true,"content":true,"excerpt":false},"ee":{"title":true,"content":true,"excerpt":false},"fi":{"title":true,"content":true,"excerpt":false},"ru":{"title":true,"content":false,"excerpt":false},"fr":{"title":true,"content":true,"excerpt":false},"es":{"title":true,"content":true,"excerpt":false},"it":{"title":true,"content":true,"excerpt":false},"de":{"title":true,"content":true,"excerpt":false}}},"_links":{"self":[{"href":"https:\/\/dymet.ee\/fi\/wp-json\/wp\/v2\/pages\/7","targetHints":{"allow":["GET"]}}],"collection":[{"href":"https:\/\/dymet.ee\/fi\/wp-json\/wp\/v2\/pages"}],"about":[{"href":"https:\/\/dymet.ee\/fi\/wp-json\/wp\/v2\/types\/page"}],"author":[{"embeddable":true,"href":"https:\/\/dymet.ee\/fi\/wp-json\/wp\/v2\/users\/1"}],"replies":[{"embeddable":true,"href":"https:\/\/dymet.ee\/fi\/wp-json\/wp\/v2\/comments?post=7"}],"version-history":[{"count":15,"href":"https:\/\/dymet.ee\/fi\/wp-json\/wp\/v2\/pages\/7\/revisions"}],"predecessor-version":[{"id":437,"href":"https:\/\/dymet.ee\/fi\/wp-json\/wp\/v2\/pages\/7\/revisions\/437"}],"wp:attachment":[{"href":"https:\/\/dymet.ee\/fi\/wp-json\/wp\/v2\/media?parent=7"}],"curies":[{"name":"wp","href":"https:\/\/api.w.org\/{rel}","templated":true}]}}