{"id":45,"date":"2016-08-20T18:33:47","date_gmt":"2016-08-20T15:33:47","guid":{"rendered":"http:\/\/dymet.ee\/?page_id=45"},"modified":"2025-06-05T21:29:26","modified_gmt":"2025-06-05T18:29:26","slug":"services","status":"publish","type":"page","link":"https:\/\/dymet.ee\/fi\/services\/","title":{"rendered":"Palvelut"},"content":{"rendered":"<p>Tupakkatukia korvauspalveluita yksityiskohdat-ruudut teollisuuden, elintarvikkeen yksityiskohtaiset tiedot painotuotteiden, koneet, laiva yksityiskohtia, kodinkoneiden<\/p>\n<p>Yksityiskohtia niist\u00e4 monimutkaisia metalliseosten, tsugun, alumec, alpax, karkaistu ter\u00e4s ja paljon muuta<\/p>\n<p>* Menetettyjen tuontim\u00e4\u00e4rien palauttaminen kovametalliosien (korjaus vikojen, mekaanisten vikojen valu yksityiskohdat-ruudut): Istutus tilaa, Salnikov uunit, l\u00e4mm\u00f6nvaihtimet, naarmut hydraulisylinteriparista osakkeet, palauttaminen antiikkisia yksityiskohtia, istutus tilaa &#8211; roottoria akselit s\u00e4hk\u00f6moottorien ja vala ruuvi puristuslasit, vala pesukoneita ja muiden kotitaloustavaroiden<\/p>\n<p>* Valokaari vuodot nesteiden ja kaasujen: tuontitodistuksen halkeamat ohjelmaopasta voidaan fyysisesti lohkoissa lieri\u00f6iden,<br \/>\nKun patterit, ilmastointilaitteet, h\u00f6yrystimet, korjaus plastiikit capacitances, polttoaines\u00e4ili\u00f6ihin.<br \/>\nKorjaus on savukaasujen halkeamia valurauta Alligaattoreja<\/p>\n<p>* Spray-p\u00e4\u00e4llystyksell\u00e4 johtavalla pfos-aineita, metalleja (kupari, alumiini renkaat ja yhteystiedot) ja plasty (TJ)<\/p>\n<p>* Spray-p\u00e4\u00e4llystyksell\u00e4 muonaa varten (kupari, alumiini, ter\u00e4s ym.)<\/p>\n<p>* Korroosionestok\u00e4sittely suojaus: vahingoittuneen sivusuojusta palauttaminen sinkist\u00e4 0.6.2.korissa autoa (takavalaisimien jalkaholvet, katot, ovet), ovelta ovelle auton poistaminen reiki\u00e4 0.6.2.korissa<\/p>\n<p>Jos olet kyll\u00e4stynyt pit\u00e4m\u00e4ss\u00e4nne ruostetta kulta autosta ja ei ole luottamusta perinteisiin tapoihin torjua korroosio, niin tarjoamme teille uusi tapa poistaa ruostetta ja my\u00f6hemmin uuden sivusuojusta lamauttava sinkist\u00e4 on elin yksityiskohtia.<\/p>\n<p>Lis\u00e4tty vakuutussuojaa sinkin teknologian avulla, ett\u00e4 sinkin kylmiss\u00e4nne injektiokuiva &#8211; aine.<\/p>\n<p>Plussat:<\/p>\n<p>1. Pieni l\u00e4mmitys yksityiskohtia (mahdollisesti aiheuttaa sinkki jopa kumi &#8211; ja ulkopuolella plastiikit yksityiskohtia)<\/p>\n<p>2. Sinkin paksuus sivusuojusta, joka on 50 &#8211; 500 \u00b5m<\/p>\n<p>3. Korkea koheesio perusluonteisten muovisuojus ja metallia.<\/p>\n<p>4. Mahdollisuus sinkist\u00e4 t\u00e4ytt\u00f6p\u00e4iv\u00e4 pienten ovelta ovelle ennen 1\u0441\u043c paskaloukkoja haikaisijaitaan. Ei tarvitse vaihtaa pikkuasioistako kokonaan!<\/p>\n<p>5. Takuu kattaa sinkist\u00e4 5 vuotta. Hinnat alkaen 50 euroa.<\/p>\n<p>Teemme my\u00f6s 1. Korjaus paikkojen m\u00e4\u00e4r\u00e4 on kaikki akselit \u00f6ljytiivisteiden, laakerit 2. Ilmastointia, korjaus &#8211; putkilon hydraulitoimielimet, patterit, crankcases, kuormalavojen 3. Korjaus on naarmu, lommo osakkeet hydraulisylinteriparista 4. Korjaus paikkojen m\u00e4\u00e4r\u00e4 uunit vaihteistot, lohkoissa on sylinterin 5. ja paljon<\/p>\n<p>Meid\u00e4n menetelm\u00e4n etuja ovat:<\/p>\n<p>1. Pieni l\u00e4mmitys yksityiskohtia, mik\u00e4 est\u00e4\u00e4 geometristen mittojen kieroutumista ja muokkaa monimutkaisia yksityiskohtia (on eritt\u00e4in t\u00e4rke\u00e4\u00e4 alumiinin ja sen seosten). Pieni l\u00e4mmitys avulla painostaa tankit ilman purkamisen virheen, jos tilaa on saatavilla.<\/p>\n<p>2. Korjausvaihtoehtoa yksityiskohdat-ruudut ohut alkaen 0,1 mm paksu<\/p>\n<p>3. Happamoitumisen materiaalin puute aiheuttamien<\/p>\n<p>4. Maan puute<br \/>\nKorjaus, kuntoutus, (tiedoksiannettu metallista yksityiskohtia, hydraulisylinteriparista, pneumaattinen, rahoitettujen ohjelmien l\u00e4mm\u00f6nvaihtimet, polttoaines\u00e4ili\u00f6ihin, ilmastointia, patterit, alumiinin putkilon lestien valurauta yksityiskohtia korjaus, huolto, korjaus vuodepaikkaa pulloja, korjaus pienennyslaitteet ryhm\u00e4poikkeuksesta Scania, korjaus yksityiskohtia moottoripy\u00f6rien, ATV, korjaus pistokoesuunnitelman vaihteen,<\/p>\n","protected":false},"excerpt":{"rendered":"<p>Tupakkatukia korvauspalveluita yksityiskohdat-ruudut teollisuuden, elintarvikkeen yksityiskohtaiset tiedot painotuotteiden, koneet, laiva yksityiskohtia, kodinkoneiden Yksityiskohtia niist\u00e4 monimutkaisia metalliseosten, tsugun, alumec, alpax, karkaistu ter\u00e4s ja paljon muuta * Menetettyjen tuontim\u00e4\u00e4rien palauttaminen kovametalliosien (korjaus vikojen, mekaanisten vikojen valu yksityiskohdat-ruudut): Istutus tilaa, Salnikov uunit, l\u00e4mm\u00f6nvaihtimet, naarmut hydraulisylinteriparista osakkeet, palauttaminen antiikkisia yksityiskohtia, istutus tilaa &#8211; roottoria \u2026 <a class=\"continue-reading-link\" href=\"https:\/\/dymet.ee\/fi\/services\/\"> Continue reading <span class=\"meta-nav\">&rarr; <\/span><\/a><\/p>\n","protected":false},"author":1,"featured_media":0,"parent":0,"menu_order":4,"comment_status":"closed","ping_status":"closed","template":"","meta":{"two_page_speed":{"previous_score":{"desktop_score":87,"desktop_tti":"2.4\u00a0","mobile_score":64,"mobile_tti":"18.5\u00a0","date":"05.06.2025 09:31:23 pm","status":"completed"}},"footnotes":""},"class_list":["post-45","page","type-page","status-publish","hentry"],"translation":{"provider":"WPGlobus","version":"3.0.2","language":"fi","enabled_languages":["en","ee","fi","ru","fr","es","it","de"],"languages":{"en":{"title":true,"content":true,"excerpt":false},"ee":{"title":true,"content":true,"excerpt":false},"fi":{"title":true,"content":true,"excerpt":false},"ru":{"title":true,"content":true,"excerpt":false},"fr":{"title":true,"content":true,"excerpt":false},"es":{"title":true,"content":true,"excerpt":false},"it":{"title":true,"content":true,"excerpt":false},"de":{"title":true,"content":true,"excerpt":false}}},"_links":{"self":[{"href":"https:\/\/dymet.ee\/fi\/wp-json\/wp\/v2\/pages\/45","targetHints":{"allow":["GET"]}}],"collection":[{"href":"https:\/\/dymet.ee\/fi\/wp-json\/wp\/v2\/pages"}],"about":[{"href":"https:\/\/dymet.ee\/fi\/wp-json\/wp\/v2\/types\/page"}],"author":[{"embeddable":true,"href":"https:\/\/dymet.ee\/fi\/wp-json\/wp\/v2\/users\/1"}],"replies":[{"embeddable":true,"href":"https:\/\/dymet.ee\/fi\/wp-json\/wp\/v2\/comments?post=45"}],"version-history":[{"count":13,"href":"https:\/\/dymet.ee\/fi\/wp-json\/wp\/v2\/pages\/45\/revisions"}],"predecessor-version":[{"id":638,"href":"https:\/\/dymet.ee\/fi\/wp-json\/wp\/v2\/pages\/45\/revisions\/638"}],"wp:attachment":[{"href":"https:\/\/dymet.ee\/fi\/wp-json\/wp\/v2\/media?parent=45"}],"curies":[{"name":"wp","href":"https:\/\/api.w.org\/{rel}","templated":true}]}}