{"id":40,"date":"2016-08-20T18:31:35","date_gmt":"2016-08-20T15:31:35","guid":{"rendered":"http:\/\/dymet.ee\/?page_id=40"},"modified":"2025-06-05T21:06:38","modified_gmt":"2025-06-05T18:06:38","slug":"workplace","status":"publish","type":"page","link":"https:\/\/dymet.ee\/fi\/technology\/workplace\/","title":{"rendered":"Tyo\u00e8"},"content":{"rendered":"<p>Henkil\u00f6st\u00f6n tarpeisiin:<\/p>\n<p>Henkil\u00f6n kanssa yhteisty\u00f6t\u00e4 DYMET\u00ae laitteet saavat ty\u00f6skennell\u00e4 s\u00e4hk\u00f6isi\u00e4 v\u00e4lineit\u00e4 ja paineilma ja olisi ohjeistamia toimittajan, ty\u00f6s\u00e4\u00e4nn\u00f6kset ja tekniikoita.<\/p>\n<p>Tyo\u00e8 ja turvallisuusvaatimusta<\/p>\n<p>Suojellakseen henkil\u00f6kunnan ja ymp\u00e4rist\u00f6n p\u00f6lylt\u00e4 ty\u00f6skennelless\u00e4\u00e4n sis\u00e4tiloissa kanssa DYMET\u00ae laitteet on poistettava rauhoitettu ilman pois pinnoitteiden laskeuman alueella; irtoa ilman olisi edelleen suodattaa (puhdistaa). Arvio j\u00e4rjestelm\u00e4n tyo\u00e8 markkinaj\u00e4rjestelm\u00e4\u00e4 on alla:<\/p>\n<p><img decoding=\"async\" title=\"\" src=\"http:\/\/en.dymet.net\/uploads\/posts\/2011-08\/1312522665_fltreng.gif\" alt=\"\" \/><\/p>\n<p>Suositettua aineosilla olisi my\u00f6nnetty p\u00f6ly suojaavia istuntosalinne, jolla voitaisiin helposti ja ruiskuttamalla korkeakoulussa. suutin. Henkil\u00f6st\u00f6n ty\u00f6t\u00e4 pit\u00e4isi toimittaa tuottajakohtainen p\u00f6ly suojaavia mutageenisiksi (lasit, hengityssuojain).<\/p>\n<p>Suodattimien puhdistus on annettava selv\u00e4 ilman p\u00f6lylt\u00e4 (jauhe hiukkasia, jotka eiv\u00e4t noudattaneet suositettua pinta).<\/p>\n<p>Hengityskoneeseen pit\u00e4isi poistaa tehokkaasti rauhoitettu ilmalla &#8220;p\u00f6ly suojaavia istuntosalista. &#8211; suodatin &#8211; ilman putket&#8221; j\u00e4rjestelm\u00e4. Valmiuksia hengityskoneeseen lastattu suodattaa saa silloin alle 2 m3\/min.<\/p>\n<p>Valmis &#8211; p\u00f6ly poistoaineet riitt\u00e4v\u00e4n ilman suodatuksen tasolla ja kapasiteetin tai varta vasten suunniteltu nestej\u00e4rjestelm\u00e4t (johon voi kuulua, py\u00f6rremyrskyt korupuheiden 0siivous suodatusohjelmia ja tuulettimet) voidaan poistaa p\u00f6ly\u00e4 nestej\u00e4rjestelm\u00e4t ty\u00f6tarkoituk-sessa kanssa DYMET\u00ae porauslaitteissa.<\/p>\n<p><img loading=\"lazy\" decoding=\"async\" class=\"alignnone size-medium wp-image-74\" src=\"http:\/\/dymet.ee\/wp-content\/uploads\/2016\/08\/place01a-300x235.jpg\" alt=\"place01a\" width=\"300\" height=\"235\" srcset=\"https:\/\/dymet.ee\/wp-content\/uploads\/2016\/08\/place01a-300x235.jpg 300w, https:\/\/dymet.ee\/wp-content\/uploads\/2016\/08\/place01a-191x150.jpg 191w, https:\/\/dymet.ee\/wp-content\/uploads\/2016\/08\/place01a-150x118.jpg 150w, https:\/\/dymet.ee\/wp-content\/uploads\/2016\/08\/place01a.jpg 480w\" sizes=\"auto, (max-width: 300px) 100vw, 300px\" \/><\/p>\n<p>Versio laitteen p\u00f6ly suojaa. 1 &#8211; salissa sijoittumista yksityiskohta, 2 &#8211; 3 hirmumyrsky, &#8211; hirmumyrsky bunkkeri ker\u00e4ttyjen puuteria, 4 &#8211; puhallin<\/p>\n","protected":false},"excerpt":{"rendered":"<p>Henkil\u00f6st\u00f6n tarpeisiin: Henkil\u00f6n kanssa yhteisty\u00f6t\u00e4 DYMET\u00ae laitteet saavat ty\u00f6skennell\u00e4 s\u00e4hk\u00f6isi\u00e4 v\u00e4lineit\u00e4 ja paineilma ja olisi ohjeistamia toimittajan, ty\u00f6s\u00e4\u00e4nn\u00f6kset ja tekniikoita. Tyo\u00e8 ja turvallisuusvaatimusta Suojellakseen henkil\u00f6kunnan ja ymp\u00e4rist\u00f6n p\u00f6lylt\u00e4 ty\u00f6skennelless\u00e4\u00e4n sis\u00e4tiloissa kanssa DYMET\u00ae laitteet on poistettava rauhoitettu ilman pois pinnoitteiden laskeuman alueella; irtoa ilman olisi edelleen suodattaa (puhdistaa). Arvio j\u00e4rjestelm\u00e4n tyo\u00e8 \u2026 <a class=\"continue-reading-link\" href=\"https:\/\/dymet.ee\/fi\/technology\/workplace\/\"> Continue reading <span class=\"meta-nav\">&rarr; <\/span><\/a><\/p>\n","protected":false},"author":1,"featured_media":0,"parent":24,"menu_order":0,"comment_status":"closed","ping_status":"closed","template":"","meta":{"two_page_speed":{"previous_score":{"desktop_score":99,"desktop_tti":"0.7\u00a0","mobile_score":97,"mobile_tti":"2.2\u00a0","date":"25.12.2024 03:45:05 pm","status":"completed"}},"footnotes":""},"class_list":["post-40","page","type-page","status-publish","hentry"],"translation":{"provider":"WPGlobus","version":"3.0.2","language":"fi","enabled_languages":["en","ee","fi","ru","fr","es","it","de"],"languages":{"en":{"title":true,"content":true,"excerpt":false},"ee":{"title":true,"content":true,"excerpt":false},"fi":{"title":true,"content":true,"excerpt":false},"ru":{"title":true,"content":true,"excerpt":false},"fr":{"title":true,"content":true,"excerpt":false},"es":{"title":true,"content":true,"excerpt":false},"it":{"title":true,"content":true,"excerpt":false},"de":{"title":true,"content":true,"excerpt":false}}},"_links":{"self":[{"href":"https:\/\/dymet.ee\/fi\/wp-json\/wp\/v2\/pages\/40","targetHints":{"allow":["GET"]}}],"collection":[{"href":"https:\/\/dymet.ee\/fi\/wp-json\/wp\/v2\/pages"}],"about":[{"href":"https:\/\/dymet.ee\/fi\/wp-json\/wp\/v2\/types\/page"}],"author":[{"embeddable":true,"href":"https:\/\/dymet.ee\/fi\/wp-json\/wp\/v2\/users\/1"}],"replies":[{"embeddable":true,"href":"https:\/\/dymet.ee\/fi\/wp-json\/wp\/v2\/comments?post=40"}],"version-history":[{"count":6,"href":"https:\/\/dymet.ee\/fi\/wp-json\/wp\/v2\/pages\/40\/revisions"}],"predecessor-version":[{"id":630,"href":"https:\/\/dymet.ee\/fi\/wp-json\/wp\/v2\/pages\/40\/revisions\/630"}],"up":[{"embeddable":true,"href":"https:\/\/dymet.ee\/fi\/wp-json\/wp\/v2\/pages\/24"}],"wp:attachment":[{"href":"https:\/\/dymet.ee\/fi\/wp-json\/wp\/v2\/media?parent=40"}],"curies":[{"name":"wp","href":"https:\/\/api.w.org\/{rel}","templated":true}]}}