{"id":29,"date":"2016-08-20T18:23:15","date_gmt":"2016-08-20T15:23:15","guid":{"rendered":"http:\/\/dymet.ee\/?page_id=29"},"modified":"2025-06-05T22:00:36","modified_gmt":"2025-06-05T19:00:36","slug":"metal-coatings","status":"publish","type":"page","link":"https:\/\/dymet.ee\/fi\/technology\/metal-coatings\/","title":{"rendered":"Metalliteollisuuden pinnoitteet"},"content":{"rendered":"<p>Kaasun dynaamisimpien levityskoneiston DYMET sovelletaan suihkeeseen eri metallin pinnoitteiden maksavien alumiini, kupari, sinkki, lyijy, nikkeli, Tinaj\u00e4tteet, babbit. Laskeuman kobolttituotteiden, rauta, vanadiini ja er\u00e4\u00e4t muut metallit on my\u00f6s mahdollista.<\/p>\n<p>P\u00e4\u00e4uyst\u00e4miseen tuotelajeja<\/p>\n<p>Metalliteollisuuden pinnoitteet, joita DYMET, k\u00e4ytet\u00e4\u00e4n eri tarkoituksiin kuten:<\/p>\n<p>palauttamista. muodon ja koon metalliosat.<br \/>\nelectric yhteytt\u00e4 pads laskeuduttuaan metalli, lasi ja keraamiset;<br \/>\npalauttamista. sys\u00e4\u00e4m\u00e4tt\u00e4 mekaanisia vikoja ja puutteita.<br \/>\nkaasu &#8211; ja nestetiivis tiivistys (hermeettinen tiivistys).<br \/>\nkitkaominaisuus suojelua. (palauttamista. luisui laakereista).<br \/>\nKorroosion suojelua.<br \/>\nTakavarikko suojelua. (kouristuksenestotehoon pinnoitteiden).<br \/>\nKipin\u00e4 suojelua. (anti-kipin\u00e4 pinnoitteiden).<br \/>\nkunniamerkin.<\/p>\n<p>Perusindikaattoreista pinnoitteiden ominaisuuksia<\/p>\n<p>Korkea liittymisvaatimuksia (30 &#8211; 80 mpa-hormonin).<br \/>\nKorkea koheesio (30 &#8211; 80 mpa-hormonin).<br \/>\nyhdenmukaistettuine p\u00e4\u00e4uyst\u00e4miseen rakenne.<br \/>\nHuokoisuus alhainen (1-3%).<br \/>\nKorkea electric yhden v\u00e4lill\u00e4 p\u00e4\u00e4uyst\u00e4miseen ja materiaalia.<br \/>\nKaikki p\u00e4\u00e4uyst\u00e4miseen paksuus (10 mikron jopa 10 cm).<br \/>\np\u00e4\u00e4uyst\u00e4miseen pinnan rosoisuus Rz = 20-40;<br \/>\nPinnoitteiden voidaan koneistettuja jokin mekaaninen toiminta.<br \/>\nPinnoitteiden voidaan tallettaa mit\u00e4\u00e4n metallia, lasia ja keraamiset materiaalia.<\/p>\n<p>Pinnoitteiden rakenne<\/p>\n<p>Pinnoitteet ovat yhten\u00e4inen tihe\u00e4 kerros tiivistetty plastisesti muotoaan metallihiukkasilla kanssa lis\u00e4ykset on t\u00f6rm\u00e4ysdif keraamisten hiukkasten.<\/p>\n<p>Ni p\u00e4\u00e4uyst\u00e4miseen klo ter\u00e4salaa.<\/p>\n<p><img loading=\"lazy\" decoding=\"async\" class=\"alignnone size-medium wp-image-31\" src=\"http:\/\/dymet.ee\/wp-content\/uploads\/2016\/08\/1329636827_image002-300x178.jpg\" alt=\"1329636827_image002\" width=\"300\" height=\"178\" srcset=\"https:\/\/dymet.ee\/wp-content\/uploads\/2016\/08\/1329636827_image002-300x178.jpg 300w, https:\/\/dymet.ee\/wp-content\/uploads\/2016\/08\/1329636827_image002-250x148.jpg 250w, https:\/\/dymet.ee\/wp-content\/uploads\/2016\/08\/1329636827_image002-150x89.jpg 150w, https:\/\/dymet.ee\/wp-content\/uploads\/2016\/08\/1329636827_image002.jpg 338w\" sizes=\"auto, (max-width: 300px) 100vw, 300px\" \/><\/p>\n<p>Cu p\u00e4\u00e4uyst\u00e4miseen, ter\u00e4st\u00e4<\/p>\n<p><img loading=\"lazy\" decoding=\"async\" class=\"alignnone size-medium wp-image-32\" src=\"http:\/\/dymet.ee\/wp-content\/uploads\/2016\/08\/1329636922_image003-300x200.jpg\" alt=\"1329636922_image003\" width=\"300\" height=\"200\" srcset=\"https:\/\/dymet.ee\/wp-content\/uploads\/2016\/08\/1329636922_image003.jpg 300w, https:\/\/dymet.ee\/wp-content\/uploads\/2016\/08\/1329636922_image003-225x150.jpg 225w, https:\/\/dymet.ee\/wp-content\/uploads\/2016\/08\/1329636922_image003-150x100.jpg 150w\" sizes=\"auto, (max-width: 300px) 100vw, 300px\" \/><br \/>\nAl p\u00e4\u00e4uyst\u00e4miseen klo ter\u00e4salaa interface-lehdess\u00e4.<\/p>\n<p><img loading=\"lazy\" decoding=\"async\" class=\"alignnone size-medium wp-image-33\" src=\"http:\/\/dymet.ee\/wp-content\/uploads\/2016\/08\/1329637064_image004-225x300.jpg\" alt=\"1329637064_image004\" width=\"225\" height=\"300\" srcset=\"https:\/\/dymet.ee\/wp-content\/uploads\/2016\/08\/1329637064_image004.jpg 225w, https:\/\/dymet.ee\/wp-content\/uploads\/2016\/08\/1329637064_image004-113x150.jpg 113w\" sizes=\"auto, (max-width: 225px) 100vw, 225px\" \/><\/p>\n","protected":false},"excerpt":{"rendered":"<p>Kaasun dynaamisimpien levityskoneiston DYMET sovelletaan suihkeeseen eri metallin pinnoitteiden maksavien alumiini, kupari, sinkki, lyijy, nikkeli, Tinaj\u00e4tteet, babbit. Laskeuman kobolttituotteiden, rauta, vanadiini ja er\u00e4\u00e4t muut metallit on my\u00f6s mahdollista. P\u00e4\u00e4uyst\u00e4miseen tuotelajeja Metalliteollisuuden pinnoitteet, joita DYMET, k\u00e4ytet\u00e4\u00e4n eri tarkoituksiin kuten: palauttamista. muodon ja koon metalliosat. electric yhteytt\u00e4 pads laskeuduttuaan metalli, lasi ja \u2026 <a class=\"continue-reading-link\" href=\"https:\/\/dymet.ee\/fi\/technology\/metal-coatings\/\"> Continue reading <span class=\"meta-nav\">&rarr; <\/span><\/a><\/p>\n","protected":false},"author":1,"featured_media":0,"parent":24,"menu_order":0,"comment_status":"closed","ping_status":"closed","template":"","meta":{"two_page_speed":{"previous_score":{"desktop_score":99,"desktop_tti":"0.4\u00a0","mobile_score":98,"mobile_tti":"1.8\u00a0","date":"01.06.2023 08:17:31 pm","status":"completed"},"current_score":{"desktop_score":97,"desktop_tti":"0.4\u00a0","mobile_score":98,"mobile_tti":"1.9\u00a0","date":"19.04.2025 03:52:44 pm","status":"completed"}},"footnotes":""},"class_list":["post-29","page","type-page","status-publish","hentry"],"translation":{"provider":"WPGlobus","version":"3.0.2","language":"fi","enabled_languages":["en","ee","fi","ru","fr","es","it","de"],"languages":{"en":{"title":true,"content":true,"excerpt":false},"ee":{"title":true,"content":true,"excerpt":false},"fi":{"title":true,"content":true,"excerpt":false},"ru":{"title":true,"content":true,"excerpt":false},"fr":{"title":true,"content":true,"excerpt":false},"es":{"title":true,"content":true,"excerpt":false},"it":{"title":true,"content":true,"excerpt":false},"de":{"title":true,"content":true,"excerpt":false}}},"_links":{"self":[{"href":"https:\/\/dymet.ee\/fi\/wp-json\/wp\/v2\/pages\/29","targetHints":{"allow":["GET"]}}],"collection":[{"href":"https:\/\/dymet.ee\/fi\/wp-json\/wp\/v2\/pages"}],"about":[{"href":"https:\/\/dymet.ee\/fi\/wp-json\/wp\/v2\/types\/page"}],"author":[{"embeddable":true,"href":"https:\/\/dymet.ee\/fi\/wp-json\/wp\/v2\/users\/1"}],"replies":[{"embeddable":true,"href":"https:\/\/dymet.ee\/fi\/wp-json\/wp\/v2\/comments?post=29"}],"version-history":[{"count":3,"href":"https:\/\/dymet.ee\/fi\/wp-json\/wp\/v2\/pages\/29\/revisions"}],"predecessor-version":[{"id":651,"href":"https:\/\/dymet.ee\/fi\/wp-json\/wp\/v2\/pages\/29\/revisions\/651"}],"up":[{"embeddable":true,"href":"https:\/\/dymet.ee\/fi\/wp-json\/wp\/v2\/pages\/24"}],"wp:attachment":[{"href":"https:\/\/dymet.ee\/fi\/wp-json\/wp\/v2\/media?parent=29"}],"curies":[{"name":"wp","href":"https:\/\/api.w.org\/{rel}","templated":true}]}}