{"id":24,"date":"2016-08-20T16:02:53","date_gmt":"2016-08-20T13:02:53","guid":{"rendered":"http:\/\/dymet.ee\/?page_id=24"},"modified":"2025-06-04T15:31:22","modified_gmt":"2025-06-04T12:31:22","slug":"technology","status":"publish","type":"page","link":"https:\/\/dymet.ee\/fi\/technology\/","title":{"rendered":"Teknologia"},"content":{"rendered":"<p>My\u00f6s dymet\u00ae teknologiatilastot metallin p\u00e4\u00e4uyst\u00e4miseen kuitenkin versio maamenetelm\u00e4 flunssastanne kaasu-dynaaminen suihkeeseen (flunssastanne suihkeeseen)\u00a0 <a href=\"http:\/\/en.wikipedia.org\/wiki\/Gas_dynamic_cold_spray\">http:\/\/en.wikipedia.org\/wiki\/Gas_dynamic_cold_spray<\/a><br \/>\nKylm\u00e4n suihkeeseen perustuu , ett\u00e4 hiukkaset etenev\u00e4t yli\u00e4\u00e4nikone liitty\u00e4 pintavesist\u00f6ihin j\u00e4lkeen t\u00f6rm\u00e4ys. My\u00f6s DYMET\u00ae on saanut nimens\u00e4 &#8220;matalapaineet flunssastanne suihkeeseen&#8221; (LPSC).<\/p>\n<p>Ainutlaatuinen innovaatioista DYMET\u00ae ovat:<\/p>\n<p>&#8211; k\u00e4ytet\u00e4\u00e4n alhaisen l\u00e4mp\u00f6tilan paineilma kuten ty\u00f6 &#8211; v\u00e4lineell\u00e4.<br \/>\n&#8211; k\u00e4ytet\u00e4\u00e4n sekoitus metallia ja keraamisten hiukkasten, laskeuman, p\u00e4\u00e4s\u00e4\u00e4nt\u00f6isesti.<br \/>\n&#8211; k\u00e4ytt\u00f6\u00f6nottoa. injektiokuiva &#8211; materiaalia m\u00e4\u00e4ritt\u00e4miseksi. yli\u00e4\u00e4nikoneiden suuttimen j\u00e4lkeen sen kriittinen kohta.<\/p>\n<p>Tekniikka mahdollistaa laskeuman pinnoitteiden kasvavat. metalli, lasi, keramiikka, kive\u00e4, betonia ja alustoja. T\u00e4ll\u00e4 hetkell\u00e4 DYMET\u00ae pinnoitteiden voi olla alumiini, sinkki\u00e4, kuparia, tinaa, lyijy\u00e4, babbit seoster\u00e4ksest\u00e4, nikkelin ja muita metalleja.<\/p>\n<p>Keskeisi\u00e4 tekij\u00f6it\u00e4 tekniikan<\/p>\n<p>Kun DYMET\u00ae pinnoitusprosessi, paineilma l\u00e4mmitet\u00e4\u00e4n ja pakotti yli\u00e4\u00e4nikoneiden suuttimen l\u00e4pi. Jauhe on sy\u00f6tt\u00e4\u00e4 minipaketin yli\u00e4\u00e4nikoneiden ilman jet-laite, joka nopeuttaa jauhe hiukkasia ja niiden talletuksiksi tavoitteen kiinni alustassaan.<br \/>\nMy\u00f6s jauheet koostuvat metallien tai metalliseosten, metallin seoksia ja keraamiset hiukkasia. K\u00e4sitelty pinta voi olla joko heikent\u00e4\u00e4 tai p\u00e4\u00e4llystetty tarpeen metallin koostumus riippuu toimintatavasta laite.<\/p>\n<p>Ainutlaatuinen n\u00e4k\u00f6kohtia. tekniikka<\/p>\n<p>Perinteisimpi\u00e4 terminen suihkeeseen p\u00e4\u00e4uyst\u00e4miseen menetelmi\u00e4 energiaer\u00e4ll\u00e4 laskeuman materiaalisistakin hiukkasia korkeassa l\u00e4mp\u00f6tilassa, yleens\u00e4 yli sulamispiste materiaali on talletettu.<\/p>\n<p><img loading=\"lazy\" decoding=\"async\" class=\"alignnone size-medium wp-image-66\" src=\"http:\/\/dymet.ee\/wp-content\/uploads\/2016\/08\/1312395226_scheme3e-300x159.jpg\" alt=\"1312395226_scheme3e\" width=\"300\" height=\"159\" srcset=\"https:\/\/dymet.ee\/wp-content\/uploads\/2016\/08\/1312395226_scheme3e-300x159.jpg 300w, https:\/\/dymet.ee\/wp-content\/uploads\/2016\/08\/1312395226_scheme3e-250x133.jpg 250w, https:\/\/dymet.ee\/wp-content\/uploads\/2016\/08\/1312395226_scheme3e-150x80.jpg 150w, https:\/\/dymet.ee\/wp-content\/uploads\/2016\/08\/1312395226_scheme3e.jpg 390w\" sizes=\"auto, (max-width: 300px) 100vw, 300px\" \/><\/p>\n<p>Kun kaasu-dynaaminen suihkeeseen teknologiatilastot (joka voi olla k\u00e4yt\u00e4nn\u00f6ss\u00e4 kutsutaan &#8220;metalli&#8221; kasvavat &#8220;ehdostaan ei ole tarpeen. Laskeuman liityta\u00e8a\u00e8n avulla kiinteit\u00e4 hiukkasia vaikuttaa ymp\u00e4rist\u00f6\u00f6n korkealla nopeudet. Kun DYMET\u00ae muutossarjoissa nopeudenrajoittimista kehitti olefiinikopolymeerien, kiihdytys hiukkasia tarpeeksi nopeudet saavutetaan kautta yli\u00e4\u00e4nikoneiden ilman jet-laite. Laitteita ei ole analogit p\u00e4\u00e4uyst\u00e4miseen perinteisill\u00e4 menetelmill\u00e4.<\/p>\n<p>Pinnoitteiden mukanaan DYMET\u00ae teknologiatilastot ole enemmist\u00f6n vaikeudet. yhteisi\u00e4 muiden metallien laskeuman menetelmi\u00e4. Heill\u00e4 on my\u00f6s useita muita teknologiset, taloudelliset ja ekologiset edut. T\u00e4m\u00e4 tekee tekniikka houkuttelee teollisuusyritysten ja antaa sen tehokas t\u00e4yt\u00e4nt\u00f6\u00f6npano monenlaisia metallin laskeuman teht\u00e4vi\u00e4.<\/p>\n<p>Edut LPSC<\/p>\n<ul style=\"list-style-type: square;\">\n<li>Prosessi ei vaadi korkeita l\u00e4mp\u00f6tiloja tai paineita ja voidaan tehd\u00e4 lento-onnettomuudessa tunnelmaa.<\/li>\n<li>L\u00e4mp\u00f6tila materiaalia ei kohoa 100 &#8211; 150 C, joka est\u00e4\u00e4 ulkon\u00e4k\u00f6 sis\u00e4ist\u00e4 kuormitusta ja muodonmuutokset sek\u00e4 hapettuminen eli alusta tai laskeuman materiaaleja. T\u00e4t\u00e4 ominaisuutta LPSC on eritt\u00e4in hy\u00f6dyllinen hoidossa valossa. seoster\u00e4ksest\u00e4 ohutsein\u00e4isi\u00e4 osia., rakenteellisesti monimutkaisia kohteita, vastalausettaan herk\u00e4sti muodonmuutos, ja lasi, keramiikka, ja muita alustoja.<\/li>\n<li>Tekniikka on ymp\u00e4rist\u00f6yst\u00e4v\u00e4llisimmille (ei korkeita l\u00e4mp\u00f6tiloja, vaarallisia kaasuja tai s\u00e4teilylle, ei kemiallisesti aggressiivinen j\u00e4tteet).<\/li>\n<li>Tekniikkaa k\u00e4ytet\u00e4\u00e4n edullista ja turvallista ty\u00f6t\u00e4 -: Paineilma on 6 &#8211; 10 atm;<br \/>\nKennojen eiv\u00e4t vaadi esil\u00e4mmitykseen. Ei ole mekaanista valmisteltaessa. substraatin tarvitaan: My\u00f6s korkea-nopeus hiukkasen jet-laite automaattisesti puhdistaa tutkimusalueena aineiden, ruoste, \u00f6ljyt, ja maali, ja paljastaa sen kiderakenne on alustassaan materiaalista.<\/li>\n<li>Hiukkasten jet-laite on hyvin hallittavissa: Se on kapea ja on pienten kerroksiin. T\u00e4m\u00e4 on mahdollista tallettaa pinnoitteiden tietyille alueille tai erityiskohtia alustalla, ja k\u00e4ytt\u00e4\u00e4 sapluunalla. (perinteinen terminen suihkeeseen p\u00e4\u00e4uyst\u00e4miseen menetelm\u00e4t eiv\u00e4t tarjoa tilaisuutta).<\/li>\n<li>On mahdollista tallettaa monikomponenttisen pinnoitteiden kanssa p\u00e4tevyystasot\u00a0 paksuus.<br \/>\nLaitteet on kompakti, kannettavat, k\u00e4yt\u00e4nn\u00f6ss\u00e4 saatavilla kaikille teollisuuden yritys, eik\u00e4 vaadi laajaa koulutusta tai eritt\u00e4in p\u00e4tev\u00e4\u00e4 henkil\u00f6st\u00f6\u00e4.<\/li>\n<li>Laitteiden avulla helppo vaihtaa v\u00e4lill\u00e4 hiovat suihkeeseen hoidon ja materiaalin p\u00e4in;<br \/>\nLaitteita k\u00e4ytet\u00e4\u00e4n tallettaa kaikki p\u00e4\u00e4uyst\u00e4miseen tuotelajeja;<br \/>\nLaitetta voidaan k\u00e4ytt\u00e4\u00e4 kentt\u00e4olosuhteissa.<\/li>\n<\/ul>\n<p>Suuri muunneltavuus ja erinomaista DYMET\u00ae pinnoitteiden on todettu monta kertaa, sek\u00e4 laboratoriotestist\u00e4 ja rakennusteollisuutta. Jotkut metallin laskeuman teht\u00e4v\u00e4t olivat k\u00e4yt\u00e4nn\u00f6ss\u00e4 mahdotonta toteuttaa tuloon saakka DYMET\u00ae teknologiatilastot.<\/p>\n","protected":false},"excerpt":{"rendered":"<p>My\u00f6s dymet\u00ae teknologiatilastot metallin p\u00e4\u00e4uyst\u00e4miseen kuitenkin versio maamenetelm\u00e4 flunssastanne kaasu-dynaaminen suihkeeseen (flunssastanne suihkeeseen)\u00a0 http:\/\/en.wikipedia.org\/wiki\/Gas_dynamic_cold_spray Kylm\u00e4n suihkeeseen perustuu , ett\u00e4 hiukkaset etenev\u00e4t yli\u00e4\u00e4nikone liitty\u00e4 pintavesist\u00f6ihin j\u00e4lkeen t\u00f6rm\u00e4ys. My\u00f6s DYMET\u00ae on saanut nimens\u00e4 &#8220;matalapaineet flunssastanne suihkeeseen&#8221; (LPSC). Ainutlaatuinen innovaatioista DYMET\u00ae ovat: &#8211; k\u00e4ytet\u00e4\u00e4n alhaisen l\u00e4mp\u00f6tilan paineilma kuten ty\u00f6 &#8211; v\u00e4lineell\u00e4. &#8211; k\u00e4ytet\u00e4\u00e4n \u2026 <a class=\"continue-reading-link\" href=\"https:\/\/dymet.ee\/fi\/technology\/\"> Continue reading <span class=\"meta-nav\">&rarr; <\/span><\/a><\/p>\n","protected":false},"author":1,"featured_media":0,"parent":0,"menu_order":2,"comment_status":"closed","ping_status":"closed","template":"","meta":{"two_page_speed":[],"footnotes":""},"class_list":["post-24","page","type-page","status-publish","hentry"],"translation":{"provider":"WPGlobus","version":"3.0.2","language":"fi","enabled_languages":["en","ee","fi","ru","fr","es","it","de"],"languages":{"en":{"title":true,"content":true,"excerpt":false},"ee":{"title":true,"content":true,"excerpt":false},"fi":{"title":true,"content":true,"excerpt":false},"ru":{"title":true,"content":true,"excerpt":false},"fr":{"title":true,"content":true,"excerpt":false},"es":{"title":true,"content":true,"excerpt":false},"it":{"title":true,"content":true,"excerpt":false},"de":{"title":true,"content":true,"excerpt":false}}},"_links":{"self":[{"href":"https:\/\/dymet.ee\/fi\/wp-json\/wp\/v2\/pages\/24","targetHints":{"allow":["GET"]}}],"collection":[{"href":"https:\/\/dymet.ee\/fi\/wp-json\/wp\/v2\/pages"}],"about":[{"href":"https:\/\/dymet.ee\/fi\/wp-json\/wp\/v2\/types\/page"}],"author":[{"embeddable":true,"href":"https:\/\/dymet.ee\/fi\/wp-json\/wp\/v2\/users\/1"}],"replies":[{"embeddable":true,"href":"https:\/\/dymet.ee\/fi\/wp-json\/wp\/v2\/comments?post=24"}],"version-history":[{"count":13,"href":"https:\/\/dymet.ee\/fi\/wp-json\/wp\/v2\/pages\/24\/revisions"}],"predecessor-version":[{"id":611,"href":"https:\/\/dymet.ee\/fi\/wp-json\/wp\/v2\/pages\/24\/revisions\/611"}],"wp:attachment":[{"href":"https:\/\/dymet.ee\/fi\/wp-json\/wp\/v2\/media?parent=24"}],"curies":[{"name":"wp","href":"https:\/\/api.w.org\/{rel}","templated":true}]}}