{"id":19,"date":"2016-08-20T18:36:37","date_gmt":"2016-08-20T15:36:37","guid":{"rendered":"http:\/\/dymet.ee\/?page_id=19"},"modified":"2025-06-04T16:08:44","modified_gmt":"2025-06-04T13:08:44","slug":"proffesional-manual-and-cnc-operating-cold-gas-dynamic-spray-dymet-423","status":"publish","type":"page","link":"https:\/\/dymet.ee\/fi\/products-2\/proffesional-manual-and-cnc-operating-cold-gas-dynamic-spray-dymet-423\/","title":{"rendered":"Proffesional  manual and CNC operating Cold Gas Dynamic Spray DYMET 423"},"content":{"rendered":"<p><img loading=\"lazy\" decoding=\"async\" class=\"alignnone size-medium wp-image-9\" src=\"http:\/\/dymet.ee\/wp-content\/uploads\/2016\/08\/DYMET423-300x274.jpg\" alt=\"DYMET423\" width=\"300\" height=\"274\" srcset=\"https:\/\/dymet.ee\/wp-content\/uploads\/2016\/08\/DYMET423-300x274.jpg 300w, https:\/\/dymet.ee\/wp-content\/uploads\/2016\/08\/DYMET423-768x703.jpg 768w, https:\/\/dymet.ee\/wp-content\/uploads\/2016\/08\/DYMET423-1024x937.jpg 1024w, https:\/\/dymet.ee\/wp-content\/uploads\/2016\/08\/DYMET423.jpg 1350w\" sizes=\"auto, (max-width: 300px) 100vw, 300px\" \/><\/p>\n<p>My\u00f6s DYMET 423 malli on suunniteltu laskeuman alumiini, sinkki, kupari, nikkeli, tinaa, lyijy\u00e4 metalliteollisuuden pinnoitteet. Sit\u00e4 voidaan k\u00e4ytt\u00e4\u00e4 k\u00e4sin tai asennettu automaattinen ja huumautuneen j\u00e4rjestelmi\u00e4. Se pystyy my\u00f6s hiekkapuhallus pinnat.<\/p>\n<p>Eritelmill\u00e4<\/p>\n<p>Enimm\u00e4ism\u00e4\u00e4r\u00e4\u00e4. paineilman sy\u00f6tt\u00f6 paineita. 12 bar (170 psi)<br \/>\nPaineilman kulutuksen 0,3-0,4 m3\/min<br \/>\nPaineilma puhtaus ilman vesi &#8211; ja<br \/>\nPaineilma k\u00e4ytt\u00f6paine<br \/>\n(sis\u00e4ll\u00e4 ruiskutus ase DM45) 5 &#8211; 8 bar (70 120 psi)<br \/>\nPaineilma toimintatukia l\u00e4mp\u00f6tila<br \/>\n(panos suuttimen) 200 &#8211; 600 \u00b0 C<br \/>\nVirransy\u00f6tt\u00f6j\u00e4rjestelm\u00e4n:<br \/>\nYksi-vaihe varaj\u00e4sen nykyinen 50 Hz ja 1 220 V<br \/>\nEnimm\u00e4istehosta kulutus 3,3 kW<br \/>\nMelutaso toiminnassa ilman suojannut vastoinovat enint\u00e4\u00e4n 75 dB<br \/>\nJauhe kulutus 0,1-0,8 g \/ sec<br \/>\nAjan tarvitse reach-j\u00e4rjestelm\u00e4n toimintakunnossa korkeintaan 10 sekuntia<br \/>\nMitoista. laitteet:<br \/>\nRack kokoontumisoikeutta &#8211; 550\u0445260\u0445480 mm<br \/>\nRuiskutus Gun (kanssa hoitaa) &#8211; 450\u044580\u0445175 mm<br \/>\nRuiskutus Gun (ilman hoitaa) &#8211; 450\u044564 mm<br \/>\nKokonaismassa valvontalaitteella &#8211; 20 kg<br \/>\nRuiskutus Gun (kanssa hoitaa) &#8211; 1,7 kg<\/p>\n<p><img loading=\"lazy\" decoding=\"async\" class=\"alignnone size-medium wp-image-48\" src=\"http:\/\/dymet.ee\/wp-content\/uploads\/2016\/08\/dymet-1-234x300.jpg\" alt=\"dymet\" width=\"234\" height=\"300\" srcset=\"https:\/\/dymet.ee\/wp-content\/uploads\/2016\/08\/dymet-1-234x300.jpg 234w, https:\/\/dymet.ee\/wp-content\/uploads\/2016\/08\/dymet-1-117x150.jpg 117w, https:\/\/dymet.ee\/wp-content\/uploads\/2016\/08\/dymet-1.jpg 250w\" sizes=\"auto, (max-width: 234px) 100vw, 234px\" \/><\/p>\n","protected":false},"excerpt":{"rendered":"<p>My\u00f6s DYMET 423 malli on suunniteltu laskeuman alumiini, sinkki, kupari, nikkeli, tinaa, lyijy\u00e4 metalliteollisuuden pinnoitteet. Sit\u00e4 voidaan k\u00e4ytt\u00e4\u00e4 k\u00e4sin tai asennettu automaattinen ja huumautuneen j\u00e4rjestelmi\u00e4. Se pystyy my\u00f6s hiekkapuhallus pinnat. Eritelmill\u00e4 Enimm\u00e4ism\u00e4\u00e4r\u00e4\u00e4. paineilman sy\u00f6tt\u00f6 paineita. 12 bar (170 psi) Paineilman kulutuksen 0,3-0,4 m3\/min Paineilma puhtaus ilman vesi &#8211; ja Paineilma \u2026 <a class=\"continue-reading-link\" href=\"https:\/\/dymet.ee\/fi\/products-2\/proffesional-manual-and-cnc-operating-cold-gas-dynamic-spray-dymet-423\/\"> Continue reading <span class=\"meta-nav\">&rarr; <\/span><\/a><\/p>\n","protected":false},"author":1,"featured_media":0,"parent":137,"menu_order":2,"comment_status":"closed","ping_status":"closed","template":"","meta":{"two_page_speed":[],"footnotes":""},"class_list":["post-19","page","type-page","status-publish","hentry"],"translation":{"provider":"WPGlobus","version":"3.0.2","language":"fi","enabled_languages":["en","ee","fi","ru","fr","es","it","de"],"languages":{"en":{"title":true,"content":true,"excerpt":false},"ee":{"title":true,"content":true,"excerpt":false},"fi":{"title":true,"content":true,"excerpt":false},"ru":{"title":true,"content":true,"excerpt":false},"fr":{"title":true,"content":true,"excerpt":false},"es":{"title":true,"content":true,"excerpt":false},"it":{"title":true,"content":true,"excerpt":false},"de":{"title":true,"content":true,"excerpt":false}}},"_links":{"self":[{"href":"https:\/\/dymet.ee\/fi\/wp-json\/wp\/v2\/pages\/19","targetHints":{"allow":["GET"]}}],"collection":[{"href":"https:\/\/dymet.ee\/fi\/wp-json\/wp\/v2\/pages"}],"about":[{"href":"https:\/\/dymet.ee\/fi\/wp-json\/wp\/v2\/types\/page"}],"author":[{"embeddable":true,"href":"https:\/\/dymet.ee\/fi\/wp-json\/wp\/v2\/users\/1"}],"replies":[{"embeddable":true,"href":"https:\/\/dymet.ee\/fi\/wp-json\/wp\/v2\/comments?post=19"}],"version-history":[{"count":8,"href":"https:\/\/dymet.ee\/fi\/wp-json\/wp\/v2\/pages\/19\/revisions"}],"predecessor-version":[{"id":615,"href":"https:\/\/dymet.ee\/fi\/wp-json\/wp\/v2\/pages\/19\/revisions\/615"}],"up":[{"embeddable":true,"href":"https:\/\/dymet.ee\/fi\/wp-json\/wp\/v2\/pages\/137"}],"wp:attachment":[{"href":"https:\/\/dymet.ee\/fi\/wp-json\/wp\/v2\/media?parent=19"}],"curies":[{"name":"wp","href":"https:\/\/api.w.org\/{rel}","templated":true}]}}