{"id":7,"date":"2016-08-20T13:24:28","date_gmt":"2016-08-20T10:24:28","guid":{"rendered":"http:\/\/dymet.ee\/?page_id=7"},"modified":"2025-06-05T22:07:11","modified_gmt":"2025-06-05T19:07:11","slug":"main","status":"publish","type":"page","link":"https:\/\/dymet.ee\/es\/","title":{"rendered":"Portada"},"content":{"rendered":"<h3><span style=\"font-family: arial black,sans-serif;\">Metalizaci\u00f3n cin\u00e9tica, Spray de Gas Fr\u00edo, Spray de la presi\u00f3n Bajo, Spray Met\u00e1lico Fr\u00edo, Spray Din\u00e1mico de Gas Fr\u00edo, CGDS<\/span><\/h3>\n<p><img loading=\"lazy\" decoding=\"async\" class=\"alignnone size-medium wp-image-57\" src=\"http:\/\/dymet.ee\/wp-content\/uploads\/2016\/08\/dimet-3-1276722001-1305052568-e1471707970277-300x232.jpg\" alt=\"dimet-3-1276722001-1305052568\" width=\"300\" height=\"232\" srcset=\"https:\/\/dymet.ee\/wp-content\/uploads\/2016\/08\/dimet-3-1276722001-1305052568-e1471707970277-300x232.jpg 300w, https:\/\/dymet.ee\/wp-content\/uploads\/2016\/08\/dimet-3-1276722001-1305052568-e1471707970277-194x150.jpg 194w, https:\/\/dymet.ee\/wp-content\/uploads\/2016\/08\/dimet-3-1276722001-1305052568-e1471707970277-150x116.jpg 150w, https:\/\/dymet.ee\/wp-content\/uploads\/2016\/08\/dimet-3-1276722001-1305052568-e1471707970277.jpg 746w\" sizes=\"auto, (max-width: 300px) 100vw, 300px\" \/><br \/>\nLa tecnolog\u00eda del spray fr\u00eda se aplica para rociar varias capas met\u00e1licas en la base de aluminio, cobre, zinc, n\u00edquel, plomo, esta\u00f1o, babbit. La deposici\u00f3n de hierro, cobalto, vanadio y algunos otros metales tambi\u00e9n es posible.<\/p>\n<p>Las capas met\u00e1licas se usan con varios objetivos como:<br \/>\n\u00b7 restauraci\u00f3n de forma y talla de partes met\u00e1licas;<br \/>\n\u00b7 el contacto el\u00e9ctrico rellena la deposici\u00f3n al metal, de cristal y de cer\u00e1mica;<br \/>\n\u00b7 restauraci\u00f3n de echar defectos y defectos mec\u00e1nicos;<br \/>\n\u00b7 gas &#8211; y caza de focas herm\u00e9tica (herm\u00e9tica que sella);<br \/>\n\u00b7 protecci\u00f3n de fricci\u00f3n (restauraci\u00f3n de portes corredizos);<br \/>\n\u00b7 protecci\u00f3n de la corrosi\u00f3n;<br \/>\n\u00b7 protecci\u00f3n de asimiento (capas de antiasimiento);<br \/>\n\u00b7 la protecci\u00f3n de la chispa (antiprovocan capas);<br \/>\n\u00b7 decoraci\u00f3n.<\/p>\n","protected":false},"excerpt":{"rendered":"<p>Metalizaci\u00f3n cin\u00e9tica, Spray de Gas Fr\u00edo, Spray de la presi\u00f3n Bajo, Spray Met\u00e1lico Fr\u00edo, Spray Din\u00e1mico de Gas Fr\u00edo, CGDS La tecnolog\u00eda del spray fr\u00eda se aplica para rociar varias capas met\u00e1licas en la base de aluminio, cobre, zinc, n\u00edquel, plomo, esta\u00f1o, babbit. La deposici\u00f3n de hierro, cobalto, vanadio y \u2026 <a class=\"continue-reading-link\" href=\"https:\/\/dymet.ee\/es\/\"> Continue reading <span class=\"meta-nav\">&rarr; <\/span><\/a><\/p>\n","protected":false},"author":1,"featured_media":0,"parent":0,"menu_order":1,"comment_status":"closed","ping_status":"closed","template":"","meta":{"two_page_speed":null,"footnotes":""},"class_list":["post-7","page","type-page","status-publish","hentry"],"translation":{"provider":"WPGlobus","version":"3.0.2","language":"es","enabled_languages":["en","ee","fi","ru","fr","es","it","de"],"languages":{"en":{"title":true,"content":true,"excerpt":false},"ee":{"title":true,"content":true,"excerpt":false},"fi":{"title":true,"content":true,"excerpt":false},"ru":{"title":true,"content":false,"excerpt":false},"fr":{"title":true,"content":true,"excerpt":false},"es":{"title":true,"content":true,"excerpt":false},"it":{"title":true,"content":true,"excerpt":false},"de":{"title":true,"content":true,"excerpt":false}}},"_links":{"self":[{"href":"https:\/\/dymet.ee\/es\/wp-json\/wp\/v2\/pages\/7","targetHints":{"allow":["GET"]}}],"collection":[{"href":"https:\/\/dymet.ee\/es\/wp-json\/wp\/v2\/pages"}],"about":[{"href":"https:\/\/dymet.ee\/es\/wp-json\/wp\/v2\/types\/page"}],"author":[{"embeddable":true,"href":"https:\/\/dymet.ee\/es\/wp-json\/wp\/v2\/users\/1"}],"replies":[{"embeddable":true,"href":"https:\/\/dymet.ee\/es\/wp-json\/wp\/v2\/comments?post=7"}],"version-history":[{"count":15,"href":"https:\/\/dymet.ee\/es\/wp-json\/wp\/v2\/pages\/7\/revisions"}],"predecessor-version":[{"id":437,"href":"https:\/\/dymet.ee\/es\/wp-json\/wp\/v2\/pages\/7\/revisions\/437"}],"wp:attachment":[{"href":"https:\/\/dymet.ee\/es\/wp-json\/wp\/v2\/media?parent=7"}],"curies":[{"name":"wp","href":"https:\/\/api.w.org\/{rel}","templated":true}]}}