{"id":40,"date":"2016-08-20T18:31:35","date_gmt":"2016-08-20T15:31:35","guid":{"rendered":"http:\/\/dymet.ee\/?page_id=40"},"modified":"2025-06-05T21:06:38","modified_gmt":"2025-06-05T18:06:38","slug":"workplace","status":"publish","type":"page","link":"https:\/\/dymet.ee\/es\/technology\/workplace\/","title":{"rendered":"El lugar de trabajo"},"content":{"rendered":"<p>Requisitos del personal:<\/p>\n<p>Una persona que trabaja con el equipo DYMET\u00ae deber\u00eda tener el permiso de trabajar con instrumentos el\u00e9ctricos y aire comprimido y deber\u00eda ser instruida por el proveedor en reglas de trabajo y t\u00e9cnicas.<\/p>\n<p>Lugar de trabajo y requisitos de seguridad<\/p>\n<p>A fin de proteger el personal y el ambiente del polvo trabajando dentro con el equipo DYMET\u00ae es necesario quitar el aire quitado el polvo del \u00e1rea de la deposici\u00f3n de capas; el aire quitado se deber\u00eda filtrar adelante (limpiado). El esquema aproximado de la organizaci\u00f3n del lugar de trabajo se muestra abajo:<\/p>\n<p><img decoding=\"async\" title=\"\" src=\"http:\/\/en.dymet.net\/uploads\/posts\/2011-08\/1312522665_fltreng.gif\" alt=\"\" \/><\/p>\n<p>Los componentes tratados se deber\u00edan asignar en la c\u00e1mara protectora por el polvo, que podr\u00eda proporcionar el acceso f\u00e1cil de rociar el inyector de la unidad. El personal trabajador deber\u00eda ser provisto por la ropa protectora por el polvo individual (gafas, respirador).<\/p>\n<p>El filtro deber\u00eda proporcionar la limpieza de aire quitado el polvo del polvo (part\u00edculas en polvo, que no se adhirieron a la superficie tratada).<\/p>\n<p>El ventilador deber\u00eda quitar con eficacia el aire quitado el polvo de &#8216;la c\u00e1mara protectora por el polvo &#8211; filtro &#8211; el sistema de los tubos de aire. La capacidad de ventilador cargado en el filtro deber\u00eda ser no menos entonces 2 m3\/min.<\/p>\n<p>Los removedores del polvo industriales listos con bastante nivel de la filtraci\u00f3n de aire y capacidad o sistemas especialmente dise\u00f1ados (que puede incluir ciclones, filtros de limpieza finos y ventiladores) se pueden usar como sistemas de quitando del polvo para el trabajo con el equipo DYMET\u00ae.<\/p>\n<p><img loading=\"lazy\" decoding=\"async\" class=\"alignnone size-medium wp-image-74\" src=\"http:\/\/dymet.ee\/wp-content\/uploads\/2016\/08\/place01a-300x235.jpg\" alt=\"place01a\" width=\"300\" height=\"235\" srcset=\"https:\/\/dymet.ee\/wp-content\/uploads\/2016\/08\/place01a-300x235.jpg 300w, https:\/\/dymet.ee\/wp-content\/uploads\/2016\/08\/place01a-191x150.jpg 191w, https:\/\/dymet.ee\/wp-content\/uploads\/2016\/08\/place01a-150x118.jpg 150w, https:\/\/dymet.ee\/wp-content\/uploads\/2016\/08\/place01a.jpg 480w\" sizes=\"auto, (max-width: 300px) 100vw, 300px\" \/><\/p>\n<p>Versi\u00f3n del dispositivo de protecci\u00f3n del polvo: 1 &#8211; c\u00e1mara para colocaci\u00f3n de un detalle, 2 &#8211; un cicl\u00f3n, 3 &#8211; el b\u00fanker del cicl\u00f3n para el polvo tranquilo, 4 &#8211; el soplador<\/p>\n","protected":false},"excerpt":{"rendered":"<p>Requisitos del personal: Una persona que trabaja con el equipo DYMET\u00ae deber\u00eda tener el permiso de trabajar con instrumentos el\u00e9ctricos y aire comprimido y deber\u00eda ser instruida por el proveedor en reglas de trabajo y t\u00e9cnicas. Lugar de trabajo y requisitos de seguridad A fin de proteger el personal y \u2026 <a class=\"continue-reading-link\" href=\"https:\/\/dymet.ee\/es\/technology\/workplace\/\"> Continue reading <span class=\"meta-nav\">&rarr; <\/span><\/a><\/p>\n","protected":false},"author":1,"featured_media":0,"parent":24,"menu_order":0,"comment_status":"closed","ping_status":"closed","template":"","meta":{"two_page_speed":{"previous_score":{"desktop_score":99,"desktop_tti":"0.7\u00a0","mobile_score":97,"mobile_tti":"2.2\u00a0","date":"25.12.2024 03:45:05 pm","status":"completed"}},"footnotes":""},"class_list":["post-40","page","type-page","status-publish","hentry"],"translation":{"provider":"WPGlobus","version":"3.0.2","language":"es","enabled_languages":["en","ee","fi","ru","fr","es","it","de"],"languages":{"en":{"title":true,"content":true,"excerpt":false},"ee":{"title":true,"content":true,"excerpt":false},"fi":{"title":true,"content":true,"excerpt":false},"ru":{"title":true,"content":true,"excerpt":false},"fr":{"title":true,"content":true,"excerpt":false},"es":{"title":true,"content":true,"excerpt":false},"it":{"title":true,"content":true,"excerpt":false},"de":{"title":true,"content":true,"excerpt":false}}},"_links":{"self":[{"href":"https:\/\/dymet.ee\/es\/wp-json\/wp\/v2\/pages\/40","targetHints":{"allow":["GET"]}}],"collection":[{"href":"https:\/\/dymet.ee\/es\/wp-json\/wp\/v2\/pages"}],"about":[{"href":"https:\/\/dymet.ee\/es\/wp-json\/wp\/v2\/types\/page"}],"author":[{"embeddable":true,"href":"https:\/\/dymet.ee\/es\/wp-json\/wp\/v2\/users\/1"}],"replies":[{"embeddable":true,"href":"https:\/\/dymet.ee\/es\/wp-json\/wp\/v2\/comments?post=40"}],"version-history":[{"count":6,"href":"https:\/\/dymet.ee\/es\/wp-json\/wp\/v2\/pages\/40\/revisions"}],"predecessor-version":[{"id":630,"href":"https:\/\/dymet.ee\/es\/wp-json\/wp\/v2\/pages\/40\/revisions\/630"}],"up":[{"embeddable":true,"href":"https:\/\/dymet.ee\/es\/wp-json\/wp\/v2\/pages\/24"}],"wp:attachment":[{"href":"https:\/\/dymet.ee\/es\/wp-json\/wp\/v2\/media?parent=40"}],"curies":[{"name":"wp","href":"https:\/\/api.w.org\/{rel}","templated":true}]}}