{"id":36,"date":"2016-08-20T18:26:06","date_gmt":"2016-08-20T15:26:06","guid":{"rendered":"http:\/\/dymet.ee\/?page_id=36"},"modified":"2025-06-05T21:58:35","modified_gmt":"2025-06-05T18:58:35","slug":"equipment-applications","status":"publish","type":"page","link":"https:\/\/dymet.ee\/es\/technology\/equipment-applications\/","title":{"rendered":"\u00c1mbitos de aplicaci\u00f3n del equipo"},"content":{"rendered":"<div class=\"shadlr\">\n<div class=\"shadlr\">\n<div class=\"container\">\n<div class=\"vsep\">\n<div class=\"vsep\">\n<div id=\"midside\" class=\"rcol\">\n<div id=\"dle-content\">\n<div class=\"basecont\">\n<p>A la fecha, se ha acumulado una experiencia considerable en la aplicaci\u00f3n de la tecnolog\u00eda y los equipos DYMET\u00ae para la soluci\u00f3n de las siguientes tareas:<\/p>\n<ul style=\"list-style-type: square;\">\n<li>Restauraci\u00f3n de volumenes perdidos de metal (reparaci\u00f3n de defectos de fundici\u00f3n y defectos mec\u00e1nicos de las piezas)<\/li>\n<li>Selladode fugas de l\u00edquidos y gases<\/li>\n<li>Aplicaci\u00f3n de revestimientos conductores de electricidad<\/li>\n<li>Aplicaci\u00f3n de subcapas para soldadura de esta\u00f1o<\/li>\n<li>Revestimientos contra escoriaci\u00f3n (revestimientos para evitar el fraguado adhesivo)<\/li>\n<li>Aplicaci\u00f3n de revestimientos antifricci\u00f3n<\/li>\n<li>Protecci\u00f3n contra la corrosi\u00f3n<\/li>\n<li>Reparaci\u00f3n de autom\u00f3viles<\/li>\n<li>Sellado de cordones de soldadurade productos de aluminio reforzado por calor<\/li>\n<li>Sellado de los empalmes de tuber\u00edas de alta presi\u00f3n de aluminio y acero inoxidable<\/li>\n<li>Aplicaci\u00f3n de revestimientos termoradiantes<\/li>\n<li>Revestimientos en las herramientas para evitar chispas<\/li>\n<li>Protecci\u00f3n contra la corrosi\u00f3n de alta temperatura<\/li>\n<li>Uso en el arte decorativo aplicado<\/li>\n<li><b>Restauraci\u00f3n de volumenes perdidos de metal<\/b>\n<p>La tecnolog\u00eda y los equipos DYMET\u00ae son muy eficaces para la restauraci\u00f3n de las zonas defectuosas de una amplia variedad de piezas y productos. Esto se debe en gran parte al hecho de que debido a la baja aportaci\u00f3n de calor, la eliminaci\u00f3n del defecto no conduce a la deformaci\u00f3n del producto, la aparici\u00f3n de tensiones internas, la transformaci\u00f3n estructural del metal del producto. Este producto est\u00e1 dise\u00f1ado para proporcionar un impacto localizado en la pieza de trabajo sin afectar a las zonas libres de defectos. Sin embargo, esta t\u00e9cnica s\u00f3lo es \u00fatil en aquellos casos cuando no existe alta exigencia de dureza y resistencia al desgaste de los revestimientos aplicados.<\/p>\n<p>la p\u00e1gina se est\u00e1 elaborando<\/p>\n<p>reparaci\u00f3n de partes de la maquinaria diferentes, componentes o unidades;<br \/>\nreparaci\u00f3n de moldear formas, el aluminio exige a formas la moldura de embalaje pl\u00e1stica, exige a formas la moldura de goma.<br \/>\nreparaci\u00f3n de componentes de coches;<\/li>\n<\/ul>\n<div align=\"center\"><img decoding=\"async\" title=\"\" src=\"http:\/\/en.dymet.net\/uploads\/posts\/2011-08\/1312442965_6a.jpg\" alt=\"\" \/> <img decoding=\"async\" title=\"\" src=\"http:\/\/en.dymet.net\/uploads\/posts\/2011-08\/1312443013_6b.jpg\" alt=\"\" \/><\/div>\n<p>&nbsp;<\/p>\n<div align=\"center\"><img decoding=\"async\" title=\"\" src=\"http:\/\/en.dymet.net\/uploads\/posts\/2011-08\/1312443040_7a.jpg\" alt=\"\" \/> <img decoding=\"async\" title=\"\" src=\"http:\/\/en.dymet.net\/uploads\/posts\/2011-08\/1312443057_7b.jpg\" alt=\"\" \/><\/div>\n<p>&nbsp;<\/p>\n<div align=\"center\"><img decoding=\"async\" title=\"\" src=\"http:\/\/en.dymet.net\/uploads\/posts\/2011-08\/1312442999_9.jpg\" alt=\"\" \/><\/div>\n<p>&nbsp;<\/p>\n<div align=\"center\"><img decoding=\"async\" title=\"\" src=\"http:\/\/en.dymet.net\/uploads\/posts\/2011-08\/1312443001_9a.jpg\" alt=\"\" \/> <img decoding=\"async\" title=\"\" src=\"http:\/\/en.dymet.net\/uploads\/posts\/2011-08\/1312442974_9b.jpg\" alt=\"\" \/><\/div>\n<p><b>Selladode fugas de l\u00edquidos y gases<\/b><\/p>\n<p>La baja porosidad y permeabilidad al gas de los revestimientos aplicados con equipos DYMET\u00ae, permite utilizarlos con eficacia para el sellado de fugas en aquellos casos en los que es imposible utilizar compuestos de sellado. En particular, es conveniente para recipientes que operan bajo presi\u00f3n o, a bajas y altas temperaturas, tales como sistemas criog\u00e9nicos, sistemas de refrigeraci\u00f3n, recipientes, tuber\u00edas, intercambiadores de calor, etc.<\/p>\n<p><b>Aplicaci\u00f3n de revestimientos conductores de electricidad<\/b><\/p>\n<p>La posibilidad de aplicaci\u00f3n de revestimientos con alta conductividad el\u00e9ctrica (aluminio, cobre) en cualquier base met\u00e1lica o cer\u00e1mica con alta adhesi\u00f3n, permite el uso eficaz de revestimientos en diversos productos electr\u00f3nicos y electrot\u00e9cnicos.<\/p>\n<p><b>Aplicaci\u00f3n de subcapas para soldadura de esta\u00f1o<\/b><\/p>\n<p>La tecnolog\u00eda DYMET\u00ae permite aplicar revestimientos met\u00e1licos no s\u00f3lo en bases met\u00e1licas, sino tambi\u00e9n en vidrio, cer\u00e1mica y sitall. Despu\u00e9s de la aplicaci\u00f3n de la subcapa met\u00e1licaen la base, que proporciona una alta adhesi\u00f3n del revestimiento a la base, es posible la aplicaci\u00f3n de la subcapa de cobre, despues de cuyo esta\u00f1ado se pueden crear uniones de soldadura de esta\u00f1o para diversos fines.<\/p>\n<p><b>Revestimientos contra escoriaci\u00f3n (revestimientos para evitar el fraguado adhesivo)<\/b><\/p>\n<p>La simplicidad tecnol\u00f3gica de la aplicaci\u00f3n de revestimientos sobre un \u00e1reas estrictamente definidas de la superficie y el ligero calentamiento de las piezas, que no conduce al reblandecimiento del metal, permite que la tecnolog\u00eda DYMET\u00ae sea utilizada con \u00e9xito para la aplicaci\u00f3n de revestimientos &#8220;contra escoriaci\u00f3n&#8221; en las partes roscadas de las conexiones de tornillo de alta resistencia que se utilizan en equipos del sector petrolero y en construcci\u00f3n naval.<\/p>\n<p><b>Aplicaci\u00f3n de revestimientos antifricci\u00f3n<\/b><\/p>\n<p>El equipo DYMET\u00ae se puede utilizar para aplicar revestimientos de babbitta los rodamientos antifricci\u00f3n. Suaplicaci\u00f3n m\u00e1s efectiva es en la reparaci\u00f3n de da\u00f1os de revestimientos de babbitt, cuando se requiere eliminar defectos locales, tales como rasgu\u00f1os, cizallamientos, raspaduras.<\/p>\n<p><b>Protecci\u00f3n contra la corrosi\u00f3n<\/b><\/p>\n<p>La protecci\u00f3n contra la corrosi\u00f3n a baja temperatura se logra con revestimientos a base de aluminio y zinc. Por las propiedades anticorrosivas superan a muchos otros revestimientos met\u00e1licos, incluyendo lacas y pinturas.<br \/>\nLa tecnolog\u00eda es \u00fatil y eficaz para la protecci\u00f3n contra la corrosi\u00f3n de piezas de peque\u00f1as dimensiones o de puntos locales de corrosi\u00f3n. Esto \u00faltimo es importante, por ejemplo, durante el montaje de grandes estructuras en las que los cordones de soldadura quedan sin protecci\u00f3n, sometidos a un desgaste corrosivo intenso. En algunos casos, en la fabricaci\u00f3n de tubos, para proteger el cord\u00f3n de soldadura, es posible la aplicaci\u00f3n previa de anillos de protecci\u00f3n de revestimiento de aluminio y zinc cerca de los extremos de los tubos.<\/p>\n<p><b>Reparaci\u00f3n de autom\u00f3viles<\/b><\/p>\n<p>El equipo DYMET\u00ae ha obtenido un amplio campo de aplicaci\u00f3n en la reparaci\u00f3n de autom\u00f3viles, para eliminar da\u00f1os en el motor, componentes y carrocer\u00eda del autom\u00f3vil. Las reparaciones son, en particular:<\/p>\n<ul>\n<li>Da\u00f1os por corrosi\u00f3n, surcos y quemaduras de la culata.<\/li>\n<li>Fugas de fre\u00f3n en el aire acondicionado de los autom\u00f3viless.<\/li>\n<li>Fugas de radiadores.<\/li>\n<li>Tratamiento anticorrosivo de \u00e1reas locales y cordones de soldadura durante la reparaci\u00f3n de carrocer\u00edas, escapes.<\/li>\n<li>Asientos de rodamientos.<b>Sellado de cordones de soldadurade productos de aluminio reforzado por calor<\/b>\n<p>Durante la fabricaci\u00f3n de elementos de la tecnolog\u00eda espacial mediante el m\u00e9todo de soldadura de aluminio reforzado por calor, que no permite sobrecalentamiento, surgen situaciones, cuando el cord\u00f3n de soldadura, al garantizar la fuerza de uni\u00f3n necesaria, en algunas \u00e1reas no tiene suficiente hermeticidad. No siempre es posible volver a soldar el \u00e1rea defectuosa del producto. En estos casos, el uso de la tecnolog\u00eda DYMET\u00ae garantiza totalmentela hermeticidad de los lugares defectuosos del cord\u00f3n de soldadura y permite ahorrar importantes recursos financieros.<\/p>\n<p><b>Sellado de los empalmes de tuber\u00edas de alta presi\u00f3n de aluminio y acero inoxidable<\/b><\/p>\n<p>En diferentes aplicaciones t\u00e9cnicas existe la tarea de un ir herm\u00e9ticamente tuber\u00edas de metales diferentes que no pueden ser soldadas mediante t\u00e9cnicas de soldadura convencionales.<br \/>\nLa tecnolog\u00eda DYMET\u00ae ayuda a resolver este problema de la siguiente manera: Se fabrica un conector especial (acoplamiento) con dos segmentos de tuber\u00eda de diferentes materiales. Estos segmentos se unen entre s\u00ed mediante una uni\u00f3n roscada, que proporciona resistencia mec\u00e1nica. El sellado del empalme se lleva a cabo mediante la aplicaci\u00f3n de un revestimiento met\u00e1lico del espesor requerido. Luego, mediante soldadura, la brida se suelda a las partes correspondientes de la tuber\u00eda. Los estudios experimentales han demostrado que una uni\u00f3n de este tipo proporciona una hermeticidad de las tuber\u00edas hasta una presi\u00f3n de aproximadamente 200 atm\u00f3sferas.<\/p>\n<p><b>Aplicaci\u00f3n de revestimientos termoradiantes<\/b><\/p>\n<p>Cuando se opera con tecnolog\u00eda espacial de misiles existe la necesidad de eliminar el calor de los objetos calentados hacia el vac\u00edo por radiaci\u00f3n en una zona infrarroja de onda larga del espectro. Con la tecnolog\u00eda DYMET\u00ae se han desarrollado revestimientos con un alto coeficiente de calor radiante (\u03b5 = 0,75).<\/p>\n<p><b>Revestimientos en las herramientas para evitar chispas<\/b><\/p>\n<p>En las industrias, donde la aparici\u00f3n de una chispa en la realizaci\u00f3n de diversos trabajos de montaje puede provocar un incendio, normalmente se utilizan herramientas que no producen chispas. La tecnolog\u00eda DYMET\u00ae permite la aplicaci\u00f3n de revestimientos resistentes de aluminio y cobre en las herramientas que evitan la formaci\u00f3n de chispas.<\/p>\n<p><b>Protecci\u00f3n contra la corrosi\u00f3n de alta temperatura<\/b><\/p>\n<p>En diversas industrias se necesita protecci\u00f3n contra la corrosi\u00f3n de alta temperatura. La tecnolog\u00eda DYMET\u00ae permite aplicar revestimientos a base de n\u00edquel y aluminio, resistentes a las altas temperaturas. Estos revestimientos se aplicaron a las cubiertas de termocuplas, que operan bajo condiciones de fundici\u00f3n de algunos metales. La experiencia ha demostrado que la vida \u00fatil de estas cubiertas es sustancialmente m\u00e1s alta que la cubiertas no protegidas.<\/p>\n<p><b>Uso en el arte decorativo aplicado <\/b><\/p>\n<p>Tales caracter\u00edsticas de la tecnolog\u00eda DYMET\u00ae, como la ausencia de un efecto t\u00e9rmico significativo sobre el producto y un punto de pulverizaci\u00f3n peque\u00f1o, resultaron esenciales para su aplicaci\u00f3n en el arte decorativo aplicado para la creaci\u00f3n de obras de gr\u00e1fica met\u00e1lica y restauraci\u00f3n de monumentos escult\u00f3ricos met\u00e1licos.<\/li>\n<li>Restauraci\u00f3n de esculturas<\/li>\n<li>Gr\u00e1fica met\u00e1lica<\/li>\n<li>Revestimientos met\u00e1licos decorativos y tratamiento de superficies de vidrio y cer\u00e1mica por microerosi\u00f3n. <br clear=\"all\" \/>\n<div class=\"storenumber\"><\/div>\n<\/li>\n<\/ul>\n<\/div>\n<\/div>\n<\/div>\n<div id=\"sidebar\" class=\"lcol\"><\/div>\n<div class=\"clr\"><\/div>\n<\/div>\n<\/div>\n<div class=\"footbox\"><\/div>\n<\/div>\n<\/div>\n<\/div>\n<div class=\"wbtm wsh\"><\/div>\n","protected":false},"excerpt":{"rendered":"<p>A la fecha, se ha acumulado una experiencia considerable en la aplicaci\u00f3n de la tecnolog\u00eda y los equipos DYMET\u00ae para la soluci\u00f3n de las siguientes tareas: Restauraci\u00f3n de volumenes perdidos de metal (reparaci\u00f3n de defectos de fundici\u00f3n y defectos mec\u00e1nicos de las piezas) Selladode fugas de l\u00edquidos y gases Aplicaci\u00f3n \u2026 <a class=\"continue-reading-link\" href=\"https:\/\/dymet.ee\/es\/technology\/equipment-applications\/\"> Continue reading <span class=\"meta-nav\">&rarr; <\/span><\/a><\/p>\n","protected":false},"author":1,"featured_media":0,"parent":24,"menu_order":0,"comment_status":"closed","ping_status":"closed","template":"","meta":{"two_page_speed":[],"footnotes":""},"class_list":["post-36","page","type-page","status-publish","hentry"],"translation":{"provider":"WPGlobus","version":"3.0.2","language":"es","enabled_languages":["en","ee","fi","ru","fr","es","it","de"],"languages":{"en":{"title":true,"content":true,"excerpt":false},"ee":{"title":true,"content":true,"excerpt":false},"fi":{"title":true,"content":false,"excerpt":false},"ru":{"title":true,"content":true,"excerpt":false},"fr":{"title":true,"content":true,"excerpt":false},"es":{"title":true,"content":true,"excerpt":false},"it":{"title":true,"content":true,"excerpt":false},"de":{"title":true,"content":true,"excerpt":false}}},"_links":{"self":[{"href":"https:\/\/dymet.ee\/es\/wp-json\/wp\/v2\/pages\/36","targetHints":{"allow":["GET"]}}],"collection":[{"href":"https:\/\/dymet.ee\/es\/wp-json\/wp\/v2\/pages"}],"about":[{"href":"https:\/\/dymet.ee\/es\/wp-json\/wp\/v2\/types\/page"}],"author":[{"embeddable":true,"href":"https:\/\/dymet.ee\/es\/wp-json\/wp\/v2\/users\/1"}],"replies":[{"embeddable":true,"href":"https:\/\/dymet.ee\/es\/wp-json\/wp\/v2\/comments?post=36"}],"version-history":[{"count":5,"href":"https:\/\/dymet.ee\/es\/wp-json\/wp\/v2\/pages\/36\/revisions"}],"predecessor-version":[{"id":650,"href":"https:\/\/dymet.ee\/es\/wp-json\/wp\/v2\/pages\/36\/revisions\/650"}],"up":[{"embeddable":true,"href":"https:\/\/dymet.ee\/es\/wp-json\/wp\/v2\/pages\/24"}],"wp:attachment":[{"href":"https:\/\/dymet.ee\/es\/wp-json\/wp\/v2\/media?parent=36"}],"curies":[{"name":"wp","href":"https:\/\/api.w.org\/{rel}","templated":true}]}}