{"id":29,"date":"2016-08-20T18:23:15","date_gmt":"2016-08-20T15:23:15","guid":{"rendered":"http:\/\/dymet.ee\/?page_id=29"},"modified":"2025-06-05T22:00:36","modified_gmt":"2025-06-05T19:00:36","slug":"metal-coatings","status":"publish","type":"page","link":"https:\/\/dymet.ee\/es\/technology\/metal-coatings\/","title":{"rendered":"Revestimientos metalicos"},"content":{"rendered":"<p>El equipo de pulverizaci\u00f3n de gas din\u00e1mico DYMET\u00ae se utiliza para la aplicaci\u00f3n de diferentes revestimientos met\u00e1licos a base de aluminio, cobre, zinc, n\u00edquel, plomo, esta\u00f1o, babbitt.<\/p>\n<p><b>Tipos de revestimientos<\/b><\/p>\n<p>Los revestimientos met\u00e1licos aplicados con el equipo DYMET\u00ae se utilizan para diferentes prop\u00f3sitos, tales como:<\/p>\n<ul>\n<li>Recuperaci\u00f3n de la forma y dimensiones de las piezas<\/li>\n<li>Creaci\u00f3n de superficies de contacto de equipos el\u00e9ctricos<\/li>\n<li>Eliminaci\u00f3n de defectos de fundici\u00f3n y mec\u00e1nicos<\/li>\n<li>Eliminaci\u00f3n de fugas de l\u00edquidos y gases (sellado)<\/li>\n<li>Protecci\u00f3n contra la corrosi\u00f3n<\/li>\n<li>Protecci\u00f3n contra el &#8220;fraguado&#8221; (revestimientos antiadherentes)<\/li>\n<li>Prevenci\u00f3n contra la formaci\u00f3n de chispas<\/li>\n<li>Recuperaci\u00f3n del revestimiento antifricci\u00f3n de cojinetes deslizantes<\/li>\n<li>Decoraci\u00f3n<\/li>\n<\/ul>\n<p><b>Principales propiedades de los revestimientos<\/b><\/p>\n<ul>\n<li>Alta adhesi\u00f3n (30-80 MPa)<\/li>\n<li>Alta cohesi\u00f3n (30-80 MPa)<\/li>\n<li>Uniformidad de los revestimientos<\/li>\n<li>Baja porosidad (1-3%)<\/li>\n<li>Alta conductividad el\u00e9ctrica entre el revestimiento y la base<\/li>\n<li>Cualquier espesor de revestimiento (desde 20 micras hasta 10 cm)<\/li>\n<li>La rugosidad de la superficie de los revestimientos es Rz = 20-40<\/li>\n<li>El tratamiento de los revestimientos se lleva a cabo por m\u00e9todos convencionales de mecanizado<\/li>\n<li>Los revestimientos se pueden aplicar a cualquier metal, vidrio y cer\u00e1mica<\/li>\n<\/ul>\n<p><b>Estructura de los revestimientos<\/b><\/p>\n<p>Los revestimientos son capas uniformes de part\u00edculas met\u00e1licas prensadas deformadas con part\u00edculas cer\u00e1micas embebidas.<\/p>\n<p><b>Revestimiento niquel sobre el acero<\/b><\/p>\n<p><img loading=\"lazy\" decoding=\"async\" class=\"alignnone size-medium wp-image-31\" src=\"http:\/\/dymet.ee\/wp-content\/uploads\/2016\/08\/1329636827_image002-300x178.jpg\" alt=\"1329636827_image002\" width=\"300\" height=\"178\" srcset=\"https:\/\/dymet.ee\/wp-content\/uploads\/2016\/08\/1329636827_image002-300x178.jpg 300w, https:\/\/dymet.ee\/wp-content\/uploads\/2016\/08\/1329636827_image002-250x148.jpg 250w, https:\/\/dymet.ee\/wp-content\/uploads\/2016\/08\/1329636827_image002-150x89.jpg 150w, https:\/\/dymet.ee\/wp-content\/uploads\/2016\/08\/1329636827_image002.jpg 338w\" sizes=\"auto, (max-width: 300px) 100vw, 300px\" \/><\/p>\n<p><b>Revestimiento cobre sobre el acero<\/b><\/p>\n<p><img loading=\"lazy\" decoding=\"async\" class=\"alignnone size-medium wp-image-32\" src=\"http:\/\/dymet.ee\/wp-content\/uploads\/2016\/08\/1329636922_image003-300x200.jpg\" alt=\"1329636922_image003\" width=\"300\" height=\"200\" srcset=\"https:\/\/dymet.ee\/wp-content\/uploads\/2016\/08\/1329636922_image003.jpg 300w, https:\/\/dymet.ee\/wp-content\/uploads\/2016\/08\/1329636922_image003-225x150.jpg 225w, https:\/\/dymet.ee\/wp-content\/uploads\/2016\/08\/1329636922_image003-150x100.jpg 150w\" sizes=\"auto, (max-width: 300px) 100vw, 300px\" \/><\/p>\n<p><b>La frontera del revestimiento Al y la base de acero<\/b><\/p>\n<p><img loading=\"lazy\" decoding=\"async\" class=\"alignnone size-medium wp-image-33\" src=\"http:\/\/dymet.ee\/wp-content\/uploads\/2016\/08\/1329637064_image004-225x300.jpg\" alt=\"1329637064_image004\" width=\"225\" height=\"300\" srcset=\"https:\/\/dymet.ee\/wp-content\/uploads\/2016\/08\/1329637064_image004.jpg 225w, https:\/\/dymet.ee\/wp-content\/uploads\/2016\/08\/1329637064_image004-113x150.jpg 113w\" sizes=\"auto, (max-width: 225px) 100vw, 225px\" \/><\/p>\n","protected":false},"excerpt":{"rendered":"<p>El equipo de pulverizaci\u00f3n de gas din\u00e1mico DYMET\u00ae se utiliza para la aplicaci\u00f3n de diferentes revestimientos met\u00e1licos a base de aluminio, cobre, zinc, n\u00edquel, plomo, esta\u00f1o, babbitt. Tipos de revestimientos Los revestimientos met\u00e1licos aplicados con el equipo DYMET\u00ae se utilizan para diferentes prop\u00f3sitos, tales como: Recuperaci\u00f3n de la forma y \u2026 <a class=\"continue-reading-link\" href=\"https:\/\/dymet.ee\/es\/technology\/metal-coatings\/\"> Continue reading <span class=\"meta-nav\">&rarr; <\/span><\/a><\/p>\n","protected":false},"author":1,"featured_media":0,"parent":24,"menu_order":0,"comment_status":"closed","ping_status":"closed","template":"","meta":{"two_page_speed":{"previous_score":{"desktop_score":99,"desktop_tti":"0.4\u00a0","mobile_score":98,"mobile_tti":"1.8\u00a0","date":"01.06.2023 08:17:31 pm","status":"completed"},"current_score":{"desktop_score":97,"desktop_tti":"0.4\u00a0","mobile_score":98,"mobile_tti":"1.9\u00a0","date":"19.04.2025 03:52:44 pm","status":"completed"}},"footnotes":""},"class_list":["post-29","page","type-page","status-publish","hentry"],"translation":{"provider":"WPGlobus","version":"3.0.2","language":"es","enabled_languages":["en","ee","fi","ru","fr","es","it","de"],"languages":{"en":{"title":true,"content":true,"excerpt":false},"ee":{"title":true,"content":true,"excerpt":false},"fi":{"title":true,"content":true,"excerpt":false},"ru":{"title":true,"content":true,"excerpt":false},"fr":{"title":true,"content":true,"excerpt":false},"es":{"title":true,"content":true,"excerpt":false},"it":{"title":true,"content":true,"excerpt":false},"de":{"title":true,"content":true,"excerpt":false}}},"_links":{"self":[{"href":"https:\/\/dymet.ee\/es\/wp-json\/wp\/v2\/pages\/29","targetHints":{"allow":["GET"]}}],"collection":[{"href":"https:\/\/dymet.ee\/es\/wp-json\/wp\/v2\/pages"}],"about":[{"href":"https:\/\/dymet.ee\/es\/wp-json\/wp\/v2\/types\/page"}],"author":[{"embeddable":true,"href":"https:\/\/dymet.ee\/es\/wp-json\/wp\/v2\/users\/1"}],"replies":[{"embeddable":true,"href":"https:\/\/dymet.ee\/es\/wp-json\/wp\/v2\/comments?post=29"}],"version-history":[{"count":3,"href":"https:\/\/dymet.ee\/es\/wp-json\/wp\/v2\/pages\/29\/revisions"}],"predecessor-version":[{"id":651,"href":"https:\/\/dymet.ee\/es\/wp-json\/wp\/v2\/pages\/29\/revisions\/651"}],"up":[{"embeddable":true,"href":"https:\/\/dymet.ee\/es\/wp-json\/wp\/v2\/pages\/24"}],"wp:attachment":[{"href":"https:\/\/dymet.ee\/es\/wp-json\/wp\/v2\/media?parent=29"}],"curies":[{"name":"wp","href":"https:\/\/api.w.org\/{rel}","templated":true}]}}