{"id":24,"date":"2016-08-20T16:02:53","date_gmt":"2016-08-20T13:02:53","guid":{"rendered":"http:\/\/dymet.ee\/?page_id=24"},"modified":"2025-06-04T15:31:22","modified_gmt":"2025-06-04T12:31:22","slug":"technology","status":"publish","type":"page","link":"https:\/\/dymet.ee\/es\/technology\/","title":{"rendered":"la tecnolog\u00eda"},"content":{"rendered":"<p><b>Tecnolog\u00eda de aplicaci\u00f3n de revestimientos met\u00e1licos DYMET\u00ae<\/b><br \/>\nLa tecnolog\u00eda de aplicaci\u00f3n de metales en la superficie de las piezas utiliza el m\u00e9todo de revestimiento de gas din\u00e1mico (<b>pulverizaci\u00f3n en fr\u00edo<\/b>). (<b>Cold Spray<\/b>) <a href=\"http:\/\/en.wikipedia.org\/wiki\/Gas_dynamic_cold_spray\" target=\"_blank\" rel=\"noopener\">http:\/\/en.wikipedia.org\/wiki\/Gas_dynamic_cold_spray<\/a><br \/>\nque consiste en que las part\u00edculas s\u00f3lidas de metal en movimiento a una velocidad supers\u00f3nica, se fijan firmemente en la superficie por colisi\u00f3n con ella. La tecnolog\u00eda DYMET\u00ae recibi\u00f3 el nombre de pulverizaci\u00f3n en fr\u00edo de baja presi\u00f3n (PFBP).<\/p>\n<p><b>Las innovaciones tecnol\u00f3gicas \u00fanicas son:<\/b><\/p>\n<p>&#8211; Utilizaci\u00f3nde aire comprimido a baja temperatura como medio gaseoso de operaci\u00f3n.<br \/>\n&#8211; Utilizaci\u00f3n, como regla general, de polvos de una mezcla de part\u00edculas met\u00e1licas y cer\u00e1micas.<br \/>\n&#8211; Introducci\u00f3n de material en polvo dentro de la boquilla supers\u00f3nica despu\u00e9s de su secci\u00f3n cr\u00edtica.<\/p>\n<p>La tecnolog\u00eda no s\u00f3lo es capaz de aplicar los revestimientos met\u00e1licos en metales, sino que tambi\u00e9n en vidrio, cer\u00e1mica, piedra, hormig\u00f3n. Hasta la fecha, la tecnolog\u00eda DYMET\u00ae es capaz de aplicar revestimientos de aluminio, zinc, cobre, esta\u00f1o, plomo, babbitt, n\u00edquel.<\/p>\n<p><b>Elementos principales de la tecnolog\u00eda<\/b><\/p>\n<p>La tecnolog\u00eda DYMET\u00ae incluye en s\u00ed, el calentamiento de gas comprimido (aire), su suministro a una boquilla supers\u00f3nica y la formaci\u00f3n en esta boquilla de un flujo de aire supers\u00f3nico, el suministro a este flujo del material en polvo, la aceleraci\u00f3n de este material en la boquilla conun flujo de aire supers\u00f3nico y su env\u00edo a la superficie de la pieza procesada.<\/p>\n<div align=\"center\"><img loading=\"lazy\" decoding=\"async\" class=\"alignnone wp-image-65\" src=\"http:\/\/dymet.ee\/wp-content\/uploads\/2016\/08\/1462357728_risunok-dlya-ispanskogo-sayta-300x132.jpg\" alt=\"1462357728_risunok-dlya-ispanskogo-sayta\" width=\"532\" height=\"234\" srcset=\"https:\/\/dymet.ee\/wp-content\/uploads\/2016\/08\/1462357728_risunok-dlya-ispanskogo-sayta-300x132.jpg 300w, https:\/\/dymet.ee\/wp-content\/uploads\/2016\/08\/1462357728_risunok-dlya-ispanskogo-sayta-768x338.jpg 768w, https:\/\/dymet.ee\/wp-content\/uploads\/2016\/08\/1462357728_risunok-dlya-ispanskogo-sayta-1024x450.jpg 1024w, https:\/\/dymet.ee\/wp-content\/uploads\/2016\/08\/1462357728_risunok-dlya-ispanskogo-sayta-250x110.jpg 250w, https:\/\/dymet.ee\/wp-content\/uploads\/2016\/08\/1462357728_risunok-dlya-ispanskogo-sayta-150x66.jpg 150w, https:\/\/dymet.ee\/wp-content\/uploads\/2016\/08\/1462357728_risunok-dlya-ispanskogo-sayta.jpg 1526w\" sizes=\"auto, (max-width: 532px) 100vw, 532px\" \/><\/div>\n<p>En calidad de material en polvo se utilizan polvos de metales, aleaciones y\/o mezclas mec\u00e1nicas con polvos cer\u00e1micos. Por lo tanto, cambiando los modos de operaci\u00f3n del equipo,se puede llevar a cabo, ya sea el tratamiento (chorro abrasivo) erosivo de la superficie del producto, o la aplicaci\u00f3n de revestimientos met\u00e1licos de las composiciones requeridas.<\/p>\n<p><b>Aspectos \u00fanicos de la tecnolog\u00eda<\/b><\/p>\n<p>La mayor\u00eda de los m\u00e9todos convencionales de revestimiento por pulverizaci\u00f3n t\u00e9rmica implican la deposici\u00f3n de part\u00edculas de metal a altas temperaturas, normalmente por encima del punto de fusi\u00f3n del material. En la tecnolog\u00eda de pulverizaci\u00f3n de gas din\u00e1mico (que en la pr\u00e1ctica se denomina \u00abadici\u00f3n\u00bb de metal) la deposici\u00f3n se produce a trav\u00e9s de las part\u00edculas s\u00f3lidas que actuan en la superficie a velocidades muy altas. En las instalacionesde la serie DYMET\u00ae, desarrolladas por CPPO, la aceleraci\u00f3n de las part\u00edculas hasta las velocidades deseadas, se realiza por medio de una corriente de aire supers\u00f3nico. Este equipo no tiene an\u00e1logos dentro de los m\u00e9todos tradicionales de aplicaci\u00f3n de revestimientos.<\/p>\n<p>Los revestimientos creados por la tecnolog\u00eda DYMET\u00ae,est\u00e1n libres de la mayor\u00eda de los inconvenientes presentes en los otros m\u00e9todos de revestimiento met\u00e1lico. Tambi\u00e9n tienen una serie de ventajas adicionales tecnol\u00f3gicas, econ\u00f3micas y ambientales. Esto hace que la tecnolog\u00eda sea atractiva para las empresas industriales y permite que sea utilizada de manera eficaz en una amplia gama de tareas de deposici\u00f3n de metales.<\/p>\n<p><b>Ventajas de la tecnolog\u00eda<\/b><br \/>\nEl m\u00e9todo de gas din\u00e1mico para aplicaci\u00f3n de revestimientos met\u00e1licos tiene una serie de ventajas en comparaci\u00f3n con los m\u00e9todos tradicionales.<\/p>\n<ul>\n<li>Los revestimientos se aplican en una atm\u00f3sfera de aire a presi\u00f3n normal, a cualquier temperatura y humedad del aire.<\/li>\n<li>Cuando se aplican los revestimientos se ejerce un efecto t\u00e9rmico ligero en el producto a revestir (el producto en la zona de aplicaci\u00f3n del revestimiento no se calienta por encima de 100-150\u00b0C), lo que excluyeel aparecimiento de tensiones internas en los productos y su deformaci\u00f3n, as\u00ed como la oxidaci\u00f3n de los materiales de revestimiento y las piezas.<\/li>\n<li>La tecnolog\u00eda de aplicaci\u00f3n de revestimientos es ecologicamente segura (no existen altas temperaturas, gases peligrosos y radiaci\u00f3n, sin residuos qu\u00edmicos agresivos que requieren neutralizaci\u00f3n especial).<\/li>\n<li>Durante la acci\u00f3n del flujo de alta velocidad de las part\u00edculas pulverizadas se lleva a cabo la limpieza de la superficie de suciedades t\u00e9cnicas, aceites, pinturas y la activaci\u00f3n de la red cristalina del material.<\/li>\n<li>El flujo de las part\u00edculas pulverizadas es altamente direccional y tiene peque\u00f1a secci\u00f3n transversal. Esto permite, a diferencia de las t\u00e9cnicas de deposici\u00f3n por pulverizaci\u00f3n t\u00e9rmica convencionales, aplicar revestimientos a \u00e1reas locales (con bordes definidos) de la superficie de los productos, sin afectar a las superficies adyacentes.<\/li>\n<li>Es posible la aplicaci\u00f3nde revestimientos con contenido multicomponente por su espesor.<\/li>\n<li>El equipo se diferencia por ser compacto, m\u00f3vil, t\u00e9cnicamente accesible para cualquier planta industrial, se pueden integrar a l\u00edneas de producci\u00f3n automatizadas, no requiere personal altamente calificado para su operaci\u00f3n.<\/li>\n<li>Cambiando simplemente el modo tecnol\u00f3gico, el equipo permite llevar a cabo el tratamiento de las superficies por chorro abrasivo para la posterior aplicaci\u00f3n de los revestimientos o lograr un efecto decorativo.<\/li>\n<li>Es posible aplicar diversos tipos de revestimientos utilizando una \u00fanica instalaci\u00f3n.<\/li>\n<li>Es posible el uso del equipo no s\u00f3lo en condiciones estacionarias, sino tambi\u00e9n en m\u00f3viles.<\/li>\n<\/ul>\n<p>La amplia gama de ramas de aplicaci\u00f3n y las altas cualidades operativas de los diversos revestimientos han sido confirmadas repetidamente tanto en condiciones de laboratorio, como en condiciones de operaci\u00f3n pr\u00e1ctica de los revestimientos. Algunos de los problemas, que se resuelven utilizando equipos DYMET son \u00fanicos.La soluci\u00f3n de tales problemas con otros m\u00e9todos y utilizando otros equipos resulta pr\u00e1cticamente imposible.<\/p>\n<p><img decoding=\"async\" title=\"\" src=\"http:\/\/es.dymet.net\/uploads\/posts\/2016-05\/1462357569_c9e4bc79-6723-4bf0-8cc0-e8f017a2b8da.jpg\" alt=\"\" align=\"left\" \/><\/p>\n","protected":false},"excerpt":{"rendered":"<p>Tecnolog\u00eda de aplicaci\u00f3n de revestimientos met\u00e1licos DYMET\u00ae La tecnolog\u00eda de aplicaci\u00f3n de metales en la superficie de las piezas utiliza el m\u00e9todo de revestimiento de gas din\u00e1mico (pulverizaci\u00f3n en fr\u00edo). (Cold Spray) http:\/\/en.wikipedia.org\/wiki\/Gas_dynamic_cold_spray que consiste en que las part\u00edculas s\u00f3lidas de metal en movimiento a una velocidad supers\u00f3nica, se fijan \u2026 <a class=\"continue-reading-link\" href=\"https:\/\/dymet.ee\/es\/technology\/\"> Continue reading <span class=\"meta-nav\">&rarr; <\/span><\/a><\/p>\n","protected":false},"author":1,"featured_media":0,"parent":0,"menu_order":2,"comment_status":"closed","ping_status":"closed","template":"","meta":{"two_page_speed":[],"footnotes":""},"class_list":["post-24","page","type-page","status-publish","hentry"],"translation":{"provider":"WPGlobus","version":"3.0.2","language":"es","enabled_languages":["en","ee","fi","ru","fr","es","it","de"],"languages":{"en":{"title":true,"content":true,"excerpt":false},"ee":{"title":true,"content":true,"excerpt":false},"fi":{"title":true,"content":true,"excerpt":false},"ru":{"title":true,"content":true,"excerpt":false},"fr":{"title":true,"content":true,"excerpt":false},"es":{"title":true,"content":true,"excerpt":false},"it":{"title":true,"content":true,"excerpt":false},"de":{"title":true,"content":true,"excerpt":false}}},"_links":{"self":[{"href":"https:\/\/dymet.ee\/es\/wp-json\/wp\/v2\/pages\/24","targetHints":{"allow":["GET"]}}],"collection":[{"href":"https:\/\/dymet.ee\/es\/wp-json\/wp\/v2\/pages"}],"about":[{"href":"https:\/\/dymet.ee\/es\/wp-json\/wp\/v2\/types\/page"}],"author":[{"embeddable":true,"href":"https:\/\/dymet.ee\/es\/wp-json\/wp\/v2\/users\/1"}],"replies":[{"embeddable":true,"href":"https:\/\/dymet.ee\/es\/wp-json\/wp\/v2\/comments?post=24"}],"version-history":[{"count":13,"href":"https:\/\/dymet.ee\/es\/wp-json\/wp\/v2\/pages\/24\/revisions"}],"predecessor-version":[{"id":611,"href":"https:\/\/dymet.ee\/es\/wp-json\/wp\/v2\/pages\/24\/revisions\/611"}],"wp:attachment":[{"href":"https:\/\/dymet.ee\/es\/wp-json\/wp\/v2\/media?parent=24"}],"curies":[{"name":"wp","href":"https:\/\/api.w.org\/{rel}","templated":true}]}}