{"id":19,"date":"2016-08-20T18:36:37","date_gmt":"2016-08-20T15:36:37","guid":{"rendered":"http:\/\/dymet.ee\/?page_id=19"},"modified":"2025-06-04T16:08:44","modified_gmt":"2025-06-04T13:08:44","slug":"proffesional-manual-and-cnc-operating-cold-gas-dynamic-spray-dymet-423","status":"publish","type":"page","link":"https:\/\/dymet.ee\/es\/products-2\/proffesional-manual-and-cnc-operating-cold-gas-dynamic-spray-dymet-423\/","title":{"rendered":"Proffesional  manual and CNC operating Cold Gas Dynamic Spray DYMET 423"},"content":{"rendered":"<p><img loading=\"lazy\" decoding=\"async\" class=\"alignnone size-medium wp-image-9\" src=\"http:\/\/dymet.ee\/wp-content\/uploads\/2016\/08\/DYMET423-300x274.jpg\" alt=\"DYMET423\" width=\"300\" height=\"274\" srcset=\"https:\/\/dymet.ee\/wp-content\/uploads\/2016\/08\/DYMET423-300x274.jpg 300w, https:\/\/dymet.ee\/wp-content\/uploads\/2016\/08\/DYMET423-768x703.jpg 768w, https:\/\/dymet.ee\/wp-content\/uploads\/2016\/08\/DYMET423-1024x937.jpg 1024w, https:\/\/dymet.ee\/wp-content\/uploads\/2016\/08\/DYMET423.jpg 1350w\" sizes=\"auto, (max-width: 300px) 100vw, 300px\" \/><\/p>\n<p>El modelo 423 DYMET se dise\u00f1a para la deposici\u00f3n de aluminio, zinc, cobre, n\u00edquel, esta\u00f1o, capas met\u00e1licas de plomo. Se puede hacer funcionar a mano o instalarse en sistemas automatizados y rob\u00f3ticos. Tambi\u00e9n es capaz de limpiar superficies con chorro de arena.<\/p>\n<p>Especificaciones<\/p>\n<p>El aire comprimido m\u00e1ximo introdujo la presi\u00f3n 12 barra (170 psi)<br \/>\nConsumo de aire comprimido 0.3-0.4 m3\/min<br \/>\nPureza de aire comprimido sin el agua y petr\u00f3leo<br \/>\nAire comprimido presi\u00f3n de operaciones<br \/>\n(dentro de Rociar Arma 45 DM) 5 \u2013 8 barra (70-120 psi)<br \/>\nTemperatura de funcionamiento de aire comprimido<br \/>\n(en la entrada del inyector) 200 \u2013 600 \u00b0C<br \/>\nSuministro de energ\u00eda:<br \/>\nCorriente alterna de una fase de 50\u00b11 Hz y 220 V<br \/>\nConsumo de energ\u00eda m\u00e1ximo 3.3 kWs<br \/>\nEl nivel del ruido en la operaci\u00f3n sin la caja protegida no excede 75 dB<br \/>\nConsumo en polvo 0,1-0,8 g\/sec<br \/>\nTiempo requerido no alcanzar condici\u00f3n de funcionamiento m\u00e1s que 10 segundos<br \/>\nDimensiones del equipo:<br \/>\nAsamblea del estante &#8211; 550\u0445260\u0445480 mm<br \/>\nRociar Arma (con mango) &#8211; 450\u044580\u0445175 mm<br \/>\nRociar Arma (sin mango) &#8211; 450\u044564 mm<br \/>\nMasa total del equipo &#8211; 20 kilogramos<br \/>\nRociar Arma (con mango) &#8211; 1,7 kilogramos<\/p>\n<p><img loading=\"lazy\" decoding=\"async\" class=\"alignnone size-medium wp-image-48\" src=\"http:\/\/dymet.ee\/wp-content\/uploads\/2016\/08\/dymet-1-234x300.jpg\" alt=\"dymet\" width=\"234\" height=\"300\" srcset=\"https:\/\/dymet.ee\/wp-content\/uploads\/2016\/08\/dymet-1-234x300.jpg 234w, https:\/\/dymet.ee\/wp-content\/uploads\/2016\/08\/dymet-1-117x150.jpg 117w, https:\/\/dymet.ee\/wp-content\/uploads\/2016\/08\/dymet-1.jpg 250w\" sizes=\"auto, (max-width: 234px) 100vw, 234px\" \/><\/p>\n","protected":false},"excerpt":{"rendered":"<p>El modelo 423 DYMET se dise\u00f1a para la deposici\u00f3n de aluminio, zinc, cobre, n\u00edquel, esta\u00f1o, capas met\u00e1licas de plomo. Se puede hacer funcionar a mano o instalarse en sistemas automatizados y rob\u00f3ticos. Tambi\u00e9n es capaz de limpiar superficies con chorro de arena. Especificaciones El aire comprimido m\u00e1ximo introdujo la presi\u00f3n \u2026 <a class=\"continue-reading-link\" href=\"https:\/\/dymet.ee\/es\/products-2\/proffesional-manual-and-cnc-operating-cold-gas-dynamic-spray-dymet-423\/\"> Continue reading <span class=\"meta-nav\">&rarr; <\/span><\/a><\/p>\n","protected":false},"author":1,"featured_media":0,"parent":137,"menu_order":2,"comment_status":"closed","ping_status":"closed","template":"","meta":{"two_page_speed":[],"footnotes":""},"class_list":["post-19","page","type-page","status-publish","hentry"],"translation":{"provider":"WPGlobus","version":"3.0.2","language":"es","enabled_languages":["en","ee","fi","ru","fr","es","it","de"],"languages":{"en":{"title":true,"content":true,"excerpt":false},"ee":{"title":true,"content":true,"excerpt":false},"fi":{"title":true,"content":true,"excerpt":false},"ru":{"title":true,"content":true,"excerpt":false},"fr":{"title":true,"content":true,"excerpt":false},"es":{"title":true,"content":true,"excerpt":false},"it":{"title":true,"content":true,"excerpt":false},"de":{"title":true,"content":true,"excerpt":false}}},"_links":{"self":[{"href":"https:\/\/dymet.ee\/es\/wp-json\/wp\/v2\/pages\/19","targetHints":{"allow":["GET"]}}],"collection":[{"href":"https:\/\/dymet.ee\/es\/wp-json\/wp\/v2\/pages"}],"about":[{"href":"https:\/\/dymet.ee\/es\/wp-json\/wp\/v2\/types\/page"}],"author":[{"embeddable":true,"href":"https:\/\/dymet.ee\/es\/wp-json\/wp\/v2\/users\/1"}],"replies":[{"embeddable":true,"href":"https:\/\/dymet.ee\/es\/wp-json\/wp\/v2\/comments?post=19"}],"version-history":[{"count":8,"href":"https:\/\/dymet.ee\/es\/wp-json\/wp\/v2\/pages\/19\/revisions"}],"predecessor-version":[{"id":615,"href":"https:\/\/dymet.ee\/es\/wp-json\/wp\/v2\/pages\/19\/revisions\/615"}],"up":[{"embeddable":true,"href":"https:\/\/dymet.ee\/es\/wp-json\/wp\/v2\/pages\/137"}],"wp:attachment":[{"href":"https:\/\/dymet.ee\/es\/wp-json\/wp\/v2\/media?parent=19"}],"curies":[{"name":"wp","href":"https:\/\/api.w.org\/{rel}","templated":true}]}}