{"id":45,"date":"2016-08-20T18:33:47","date_gmt":"2016-08-20T15:33:47","guid":{"rendered":"http:\/\/dymet.ee\/?page_id=45"},"modified":"2025-06-05T21:29:26","modified_gmt":"2025-06-05T18:29:26","slug":"services","status":"publish","type":"page","link":"https:\/\/dymet.ee\/ee\/services\/","title":{"rendered":"Teenused"},"content":{"rendered":"<h2>K\u00fclm Metalli Pihustamine ja Metalliseerimine<\/h2>\n<p>Alumiiniumi,Tsingi, Nikli, Vase,Tina,\u00a0 baasil:<\/p>\n<h4>\u00a0 1.\u00a0 korrosioonivastased katted<\/h4>\n<h4>2.\u00a0 konditsioneeride alumiinium torude parandamine , alumiiniumosade remont, kliima toru remont<\/h4>\n<h4>3.\u00a0 h\u00fcdrosillindi taastamine ,\u00a0 katted detailide kuju ja suuruste taastamiseks , v\u00f5llide remont,<\/h4>\n<h4>4.\u00a0 elektrit juhtivad katted;<\/h4>\n<h4>5.\u00a0 roolilattide v\u00f5lli remont;<\/h4>\n<h4>6.\u00a0 <span class=\"st\">Metallist detailide remont ja parandamine, s\u00f5lmede remont <\/span>;<\/h4>\n<h4>7.\u00a0 katted spetsiaalsete omadustega.<\/h4>\n<p>Teostame: kaotatud metallikoguste taastamine &#8211; v\u00f5llid, valtsid, h\u00fcdrosilindrid, valuvormid, karterid. Vedeliku- ja gaasilekete hermetiseerimine, aurugeneraatorid, radiaatorid, k\u00fctuse paakid. Elektrit juhtivate katete pealekandmine. Korrosioonivastane kaitse tsinkimine. Spets. rakendused. Autoremont. Restauratsioon ja kunst. Elektrimootorid rootorid, pesumasina v\u00f5llid, kruvikompressori v\u00f5llid<\/p>\n<p>V\u00e4ljas\u00f5it kliendi juurde kui olemas \u00f5hukompressor 400 l\/min, 200 l paak.<\/p>\n<p>&nbsp;<\/p>\n<p>Kui teie armsat autot kattev rooste on teid \u00e4ra vaevanud ja teil pole usku traditsioonilistesse meetoditesse korrosiooniga v\u00f5itlemisel, siis pakume teile uut rooste eemaldamise meetodit ja sellele j\u00e4rgnevat keredetailide pinna katmist uue tsingikihiga.<\/p>\n<p>Tsingikiht kantakse peale tsingipulbri k\u00fclmpihustamise meetodil. Plussid:<\/p>\n<p>1. Detaili v\u00e4hene soojendamise vajadus (v\u00f5imalik tsinki peale kanda isegi kummi- ja plastikdetailide l\u00e4hedusse).<\/p>\n<p>2. Kattekihi paksus 50 kuni 500 \u03bcm.<\/p>\n<p>3. Kattekihi hea nakkuvus p\u00f5himetalliga.<\/p>\n<p>4. V\u00f5imalus t\u00e4ita tsingiga v\u00e4ikseid l\u00e4bivaid auke.<\/p>\n<p>5. Tsingikihi garantii on 5 aastat. Hinnad alates 50 eurost.<\/p>\n<p>Veel meie teenuseid: 1. V\u00f5llide tihendipesade ja laagrite taastamine. 2. Konditsioneeri torude, h\u00fcdrov\u00f5imendite, radiaatorite ja karterip\u00f5hjade remont. 3. Kriimustuste ja h\u00fcdrosilindri kolvivarda moondumiste remont. 4. Reduktori laagripesade ja silindriplokkide remont. 5. hermetiseerivad katted vedeliku- ja gaasilekete hermetiseerimiseks , praod k\u00e4igukastidel, plokkidel, plokki kantedel, karteri p\u00f5hjadel, radiaatoridel, konditsioneridel, aurugeneratoridel, k\u00fctuse paagidel, sumbutaja ja kollektorid<\/p>\n","protected":false},"excerpt":{"rendered":"<p>K\u00fclm Metalli Pihustamine ja Metalliseerimine Alumiiniumi,Tsingi, Nikli, Vase,Tina,\u00a0 baasil: \u00a0 1.\u00a0 korrosioonivastased katted 2.\u00a0 konditsioneeride alumiinium torude parandamine , alumiiniumosade remont, kliima toru remont 3.\u00a0 h\u00fcdrosillindi taastamine ,\u00a0 katted detailide kuju ja suuruste taastamiseks , v\u00f5llide remont, 4.\u00a0 elektrit juhtivad katted; 5.\u00a0 roolilattide v\u00f5lli remont; 6.\u00a0 Metallist detailide remont ja \u2026 <a class=\"continue-reading-link\" href=\"https:\/\/dymet.ee\/ee\/services\/\"> Continue reading <span class=\"meta-nav\">&rarr; <\/span><\/a><\/p>\n","protected":false},"author":1,"featured_media":0,"parent":0,"menu_order":4,"comment_status":"closed","ping_status":"closed","template":"","meta":{"two_page_speed":{"previous_score":{"desktop_score":87,"desktop_tti":"2.4\u00a0","mobile_score":64,"mobile_tti":"18.5\u00a0","date":"05.06.2025 09:31:23 pm","status":"completed"}},"footnotes":""},"class_list":["post-45","page","type-page","status-publish","hentry"],"translation":{"provider":"WPGlobus","version":"3.0.2","language":"ee","enabled_languages":["en","ee","fi","ru","fr","es","it","de"],"languages":{"en":{"title":true,"content":true,"excerpt":false},"ee":{"title":true,"content":true,"excerpt":false},"fi":{"title":true,"content":true,"excerpt":false},"ru":{"title":true,"content":true,"excerpt":false},"fr":{"title":true,"content":true,"excerpt":false},"es":{"title":true,"content":true,"excerpt":false},"it":{"title":true,"content":true,"excerpt":false},"de":{"title":true,"content":true,"excerpt":false}}},"_links":{"self":[{"href":"https:\/\/dymet.ee\/ee\/wp-json\/wp\/v2\/pages\/45","targetHints":{"allow":["GET"]}}],"collection":[{"href":"https:\/\/dymet.ee\/ee\/wp-json\/wp\/v2\/pages"}],"about":[{"href":"https:\/\/dymet.ee\/ee\/wp-json\/wp\/v2\/types\/page"}],"author":[{"embeddable":true,"href":"https:\/\/dymet.ee\/ee\/wp-json\/wp\/v2\/users\/1"}],"replies":[{"embeddable":true,"href":"https:\/\/dymet.ee\/ee\/wp-json\/wp\/v2\/comments?post=45"}],"version-history":[{"count":13,"href":"https:\/\/dymet.ee\/ee\/wp-json\/wp\/v2\/pages\/45\/revisions"}],"predecessor-version":[{"id":638,"href":"https:\/\/dymet.ee\/ee\/wp-json\/wp\/v2\/pages\/45\/revisions\/638"}],"wp:attachment":[{"href":"https:\/\/dymet.ee\/ee\/wp-json\/wp\/v2\/media?parent=45"}],"curies":[{"name":"wp","href":"https:\/\/api.w.org\/{rel}","templated":true}]}}