{"id":29,"date":"2016-08-20T18:23:15","date_gmt":"2016-08-20T15:23:15","guid":{"rendered":"http:\/\/dymet.ee\/?page_id=29"},"modified":"2025-06-05T22:00:36","modified_gmt":"2025-06-05T19:00:36","slug":"metal-coatings","status":"publish","type":"page","link":"https:\/\/dymet.ee\/ee\/technology\/metal-coatings\/","title":{"rendered":"Metallkatted"},"content":{"rendered":"<p>Katete p\u00f5hiomadused<\/p>\n<ul>\n<li>K\u00f5rge adhesioon (30-100 MPa);<\/li>\n<li>K\u00f5rge kogesioon (30-100 MPa);<\/li>\n<li>\u00dchtlus;<\/li>\n<li>Madal poorsus (1-3%);<\/li>\n<li>Hea adhesioon kaitstava pinnaga, ilma pragudeta ja piludeta, kindel elektrigalvaaniline kontakt kaitsekihi ja baasi vahel;<\/li>\n<li>Kate pinnakaredus moodustab Rz = 20-40 ja tagab k\u00f5rge p\u00fcsivuse lakk- ja v\u00e4rvimaterjalide pealekandmisel;<\/li>\n<li>Paksus v\u00f5ib erineda s\u00f5ltuvalt valitud re\u017eiimist;<\/li>\n<li>Kasutada v\u00f5ib k\u00f5ike tuntud mehaanikat\u00f6\u00f6tluse viise;<\/li>\n<li>Spetsiaalse termot\u00f6\u00f6tlemise k\u00e4igus v\u00f5ivad m\u00f5ned katted saada uusi omadusi;<\/li>\n<li>Metalliseerimist annab teha k\u00f5ikv\u00f5imalikel pindadel (metallist, samuti keraamikast ja klaasist).<\/li>\n<\/ul>\n<p>&nbsp;<\/p>\n<p>Katet\u00fc\u00fcbid<br \/>\nT\u00e4nap\u00e4eva seisuga on v\u00e4lja t\u00f6\u00f6tatud mitu katet\u00fc\u00fcpi alumiiniumi, tsingi, nikli, vase, tina, plii ja babiitide baasil:<\/p>\n<ul>\n<li>korrosioonivastased katted;<\/li>\n<li>hermetiseerivad katted (vedeliku- ja gaasilekete hermetiseerimiseks);<\/li>\n<li>katted detailide kuju ja suuruste taastamiseks;<\/li>\n<li>elektrit juhtivad katted;<\/li>\n<li>friktsioonivastased katted (liugelaagrite taastamiseks);<\/li>\n<li>kiilumisvastased (\u201eadhesioontahkumise\u201c ennetamiseks) keermesliidetes;<\/li>\n<li>s\u00e4demeohutud;<\/li>\n<li>katted spetsiaalsete omadustega.<\/li>\n<\/ul>\n<p>&nbsp;<\/p>\n","protected":false},"excerpt":{"rendered":"<p>Katete p\u00f5hiomadused K\u00f5rge adhesioon (30-100 MPa); K\u00f5rge kogesioon (30-100 MPa); \u00dchtlus; Madal poorsus (1-3%); Hea adhesioon kaitstava pinnaga, ilma pragudeta ja piludeta, kindel elektrigalvaaniline kontakt kaitsekihi ja baasi vahel; Kate pinnakaredus moodustab Rz = 20-40 ja tagab k\u00f5rge p\u00fcsivuse lakk- ja v\u00e4rvimaterjalide pealekandmisel; Paksus v\u00f5ib erineda s\u00f5ltuvalt valitud re\u017eiimist; Kasutada \u2026 <a class=\"continue-reading-link\" href=\"https:\/\/dymet.ee\/ee\/technology\/metal-coatings\/\"> Continue reading <span class=\"meta-nav\">&rarr; <\/span><\/a><\/p>\n","protected":false},"author":1,"featured_media":0,"parent":24,"menu_order":0,"comment_status":"closed","ping_status":"closed","template":"","meta":{"two_page_speed":{"previous_score":{"desktop_score":99,"desktop_tti":"0.4\u00a0","mobile_score":98,"mobile_tti":"1.8\u00a0","date":"01.06.2023 08:17:31 pm","status":"completed"},"current_score":{"desktop_score":97,"desktop_tti":"0.4\u00a0","mobile_score":98,"mobile_tti":"1.9\u00a0","date":"19.04.2025 03:52:44 pm","status":"completed"}},"footnotes":""},"class_list":["post-29","page","type-page","status-publish","hentry"],"translation":{"provider":"WPGlobus","version":"3.0.2","language":"ee","enabled_languages":["en","ee","fi","ru","fr","es","it","de"],"languages":{"en":{"title":true,"content":true,"excerpt":false},"ee":{"title":true,"content":true,"excerpt":false},"fi":{"title":true,"content":true,"excerpt":false},"ru":{"title":true,"content":true,"excerpt":false},"fr":{"title":true,"content":true,"excerpt":false},"es":{"title":true,"content":true,"excerpt":false},"it":{"title":true,"content":true,"excerpt":false},"de":{"title":true,"content":true,"excerpt":false}}},"_links":{"self":[{"href":"https:\/\/dymet.ee\/ee\/wp-json\/wp\/v2\/pages\/29","targetHints":{"allow":["GET"]}}],"collection":[{"href":"https:\/\/dymet.ee\/ee\/wp-json\/wp\/v2\/pages"}],"about":[{"href":"https:\/\/dymet.ee\/ee\/wp-json\/wp\/v2\/types\/page"}],"author":[{"embeddable":true,"href":"https:\/\/dymet.ee\/ee\/wp-json\/wp\/v2\/users\/1"}],"replies":[{"embeddable":true,"href":"https:\/\/dymet.ee\/ee\/wp-json\/wp\/v2\/comments?post=29"}],"version-history":[{"count":3,"href":"https:\/\/dymet.ee\/ee\/wp-json\/wp\/v2\/pages\/29\/revisions"}],"predecessor-version":[{"id":651,"href":"https:\/\/dymet.ee\/ee\/wp-json\/wp\/v2\/pages\/29\/revisions\/651"}],"up":[{"embeddable":true,"href":"https:\/\/dymet.ee\/ee\/wp-json\/wp\/v2\/pages\/24"}],"wp:attachment":[{"href":"https:\/\/dymet.ee\/ee\/wp-json\/wp\/v2\/media?parent=29"}],"curies":[{"name":"wp","href":"https:\/\/api.w.org\/{rel}","templated":true}]}}