{"id":24,"date":"2016-08-20T16:02:53","date_gmt":"2016-08-20T13:02:53","guid":{"rendered":"http:\/\/dymet.ee\/?page_id=24"},"modified":"2025-06-04T15:31:22","modified_gmt":"2025-06-04T12:31:22","slug":"technology","status":"publish","type":"page","link":"https:\/\/dymet.ee\/ee\/technology\/","title":{"rendered":"Katete pealekandmise tehnoloogia"},"content":{"rendered":"<table>\n<tbody>\n<tr>\n<td>Detailide pindade metalliseerimise tehnoloogia p\u00f5hineb gaasid\u00fcnaamilisel katmismeetodil. Meetod seisneb selles, et \u00fclehelikiirusega liikuvate k\u00f5vade metalliosakeste kokkup\u00f5rkel kaetava pinnaga toimub osakeste kokkukleepumine selle pinnaga.<\/p>\n<p><a href=\"http:\/\/en.wikipedia.org\/wiki\/Gas_dynamic_cold_spray\">http:\/\/en.wikipedia.org\/wiki\/Gas_dynamic_cold_spray<\/a><\/p>\n<p>\u00dclehelikiirendust antakse osakestele DYMET\u00ae seadmete abil kokkusurutud \u00f5huga. Tehnoloogia on uus ning varem polnud t\u00f6\u00f6stuses kasutatud. Sellega on v\u00f5imalik metallitada mitte ainult metalle, vaid ka klaasi, keraamikat, kivi ja betooni. Hetkeseisuga saab DYMET\u00ae tehnoloogia abil katta pinnad alumiiniumiga, tsingiga, vasega, tinaga, pliiga, babiitidega ja nikliga.<\/p>\n<p><img loading=\"lazy\" decoding=\"async\" class=\"alignnone size-medium wp-image-66\" src=\"http:\/\/dymet.ee\/wp-content\/uploads\/2016\/08\/1312395226_scheme3e-300x159.jpg\" alt=\"1312395226_scheme3e\" width=\"300\" height=\"159\" srcset=\"https:\/\/dymet.ee\/wp-content\/uploads\/2016\/08\/1312395226_scheme3e-300x159.jpg 300w, https:\/\/dymet.ee\/wp-content\/uploads\/2016\/08\/1312395226_scheme3e-250x133.jpg 250w, https:\/\/dymet.ee\/wp-content\/uploads\/2016\/08\/1312395226_scheme3e-150x80.jpg 150w, https:\/\/dymet.ee\/wp-content\/uploads\/2016\/08\/1312395226_scheme3e.jpg 390w\" sizes=\"auto, (max-width: 300px) 100vw, 300px\" \/><br \/>\nTehnoloogia p\u00f5hielemendid<br \/>\nMetalliseerimistehnoloogia koosneb mitmest etapist: kokkusurutud gaas (\u00f5hk) kuumutatakse, edastatakse \u00fclehelid\u00fc\u00fcsi ja tekitatakse seal \u00fcleheliline \u00f5huvool, lisatakse pulbermaterjal, kiirendatakse d\u00fc\u00fcsis \u00fclehelilise \u00f5huvoolu abil ja suunatakse t\u00f6\u00f6deldava eseme pinnale.<br \/>\nPulbermaterjalidena kasutatakse metalli-, sulamipulbreid v\u00f5i\/ja nende mehaanikasegusid keraamikapulbritega. Seadme t\u00f6\u00f6re\u017eiimide muutmise kaudu on v\u00f5imalik viia l\u00e4bi seadmepinna abrasiivt\u00f6\u00f6tlemine v\u00f5i katta pind vajaliku metalliga.<br \/>\nTehnoloogia erip\u00e4rad<br \/>\nK\u00f5ige levinumad gaasitermilised metalliseerimismeetodid eeldavad k\u00f5rget aluspinnale kukkuvate osakeste temperatuuri (mis peab tavaliselt olema k\u00f5rgem kui metallide sulamistemperatuur).<br \/>\nGaasid\u00fcnaamilise pihustustehnoloogia (mida on praktikal mugav nimetada metalli \u201ekasvatamine\u201c) jaoks pole k\u00e4esolev tingimus kohustuslik, mis m\u00e4\u00e4rabki meetodi unikaalsuse. Aluspinna ja \u00fclikiirete mittesulanud osakeste vahel toimub vastastikune m\u00f5ju. Osakestele antakse vajaliku kiirenduse \u00fclehelilise \u00f5huvooluga Obninski Pulbripihustuse Keskuses v\u00e4ljat\u00f6\u00f6tatud DYMET\u00ae seeria originaalseadmete abil, milledel pole analooge traditsiooniliste pealekandmismeetodite seas.<br \/>\nDetaili- ja tootepindadele metalliseerimine gaasid\u00fcnaamilise tehnoloogia j\u00e4rgi on eelistatuim seet\u00f5ttu, et seadmetel ja nende abil loodud katetel puuduvad paljud teistele meetoditele omased vaegused ning esineb rida tehnoloogilisi, majanduslikke ja \u00f6koloogilisi eeliseid.<br \/>\nV\u00e4\u00e4rtused gaasid\u00fcnaamilisel meetodil on v\u00f5rreldes traditsioonilistega rida m\u00e4rkimisv\u00e4\u00e4rseid eeliseid.<\/p>\n<p>Nimelt:<\/p>\n<p>\u00b7\u00a0\u00a0\u00a0\u00a0\u00a0\u00a0\u00a0\u00a0 \u00a0metalliseerimine toimub \u00f5huatmosf\u00e4\u00e4ris normaalse r\u00f5hu tingimustes, \u00fcksk\u00f5ik missuguse temperatuuri ja niiskuse juures;<br \/>\n\u00b7\u00a0\u00a0\u00a0\u00a0\u00a0\u00a0\u00a0\u00a0 pealekandmisel katetavale tootele avaldatav madal soojusm\u00f5ju (kuumenemine katmistsoonis ei \u00fcleta 100-150 Co, mis v\u00e4listab toodete sisepingete ja deformatsioonide teket ning katte- ja detailimaterjalide hapendumist;<br \/>\n\u00b7\u00a0\u00a0\u00a0\u00a0\u00a0\u00a0\u00a0\u00a0 pakutav tehnoloogia on \u00f6koloogiliselt ohutu (puuduvad k\u00f5rged temperatuurid, ohtlikud gaasid ja kiirgused, ei ole spetsiaalset neutraliseerimist n\u00f5udvaid keemiliselt agressiivseid v\u00e4ljaheiteid);<br \/>\n\u00b7\u00a0\u00a0\u00a0\u00a0\u00a0\u00a0\u00a0\u00a0 \u00fclikiire pihustusosakeste voog tagab pinna puhastamist tehnilisest mustumisest, \u00f5lidest, v\u00e4rvidest ja tootematerjali kristallresti aktiveerimist;<br \/>\n\u00b7\u00a0\u00a0\u00a0\u00a0\u00a0\u00a0\u00a0\u00a0 kitsalt suunatud ja v\u00e4ikese l\u00e4bil\u00f5ikega pihustusosakeste voog v\u00f5imaldab erinevalt traditsioonilistest gaasitermilistest metalliseerimismeetoditest katta toodete lokaalseid (selgete piiridega) pindu;<br \/>\n\u00b7\u00a0\u00a0\u00a0\u00a0\u00a0\u00a0\u00a0\u00a0 on v\u00f5imalik kanda mitmekomponendilisi katteid erineva komponendipaksusega;<br \/>\n\u00b7\u00a0\u00a0\u00a0\u00a0\u00a0\u00a0\u00a0\u00a0 seadmed on kompaktsed, mobiilsed, tehniliselt k\u00e4ttesaadavad peaaegu igale t\u00f6\u00f6stusettev\u00f5ttele, v\u00f5imaldavad enda sisseehitamist automatiseeritud liinidesse, ei n\u00f5ua ekspluateerimiseks k\u00f5rgkvalifitseeritud personaali;<br \/>\n\u00b7\u00a0\u00a0\u00a0\u00a0\u00a0\u00a0\u00a0\u00a0 tehnoloogiare\u017eiimi muutmise kaudu on v\u00f5imalik teostada pindade metalliseerimiseelset pihustus-abrasiivt\u00f6\u00f6tlemist v\u00f5i saavutada dekoratiivset efekti;<br \/>\n\u00b7\u00a0\u00a0\u00a0\u00a0\u00a0\u00a0\u00a0\u00a0 \u00fche seadme abil on v\u00f5imalik teostada katmist erinevate katet\u00fc\u00fcpidega;<br \/>\n\u00b7\u00a0\u00a0\u00a0\u00a0\u00a0\u00a0\u00a0\u00a0 seadmete kasutamine on v\u00f5imalik mitte ainult statsionaar-, vaid ka p\u00f5llutingimustes.<br \/>\nLai kasutusspekter ja k\u00f5rged ekspluatatsiooniomadused olid mitmekordselt t\u00f5estatud nii laboritingimustes kui praktilise kasutamise k\u00e4igus. M\u00f5ned DYMET\u00ae seadmete abil lahendatavad \u00fclesanded on unikaalsed. Selliste \u00fclesannete lahendamine muudel viisidel ja teiste seadmete kasutamisega osutub praktiliselt v\u00f5imatuks.<\/td>\n<\/tr>\n<\/tbody>\n<\/table>\n<p>&nbsp;<\/p>\n<p>&nbsp;<\/p>\n<p>&nbsp;<\/p>\n","protected":false},"excerpt":{"rendered":"<p>Detailide pindade metalliseerimise tehnoloogia p\u00f5hineb gaasid\u00fcnaamilisel katmismeetodil. Meetod seisneb selles, et \u00fclehelikiirusega liikuvate k\u00f5vade metalliosakeste kokkup\u00f5rkel kaetava pinnaga toimub osakeste kokkukleepumine selle pinnaga. http:\/\/en.wikipedia.org\/wiki\/Gas_dynamic_cold_spray \u00dclehelikiirendust antakse osakestele DYMET\u00ae seadmete abil kokkusurutud \u00f5huga. Tehnoloogia on uus ning varem polnud t\u00f6\u00f6stuses kasutatud. Sellega on v\u00f5imalik metallitada mitte ainult metalle, vaid ka klaasi, \u2026 <a class=\"continue-reading-link\" href=\"https:\/\/dymet.ee\/ee\/technology\/\"> Continue reading <span class=\"meta-nav\">&rarr; <\/span><\/a><\/p>\n","protected":false},"author":1,"featured_media":0,"parent":0,"menu_order":2,"comment_status":"closed","ping_status":"closed","template":"","meta":{"two_page_speed":[],"footnotes":""},"class_list":["post-24","page","type-page","status-publish","hentry"],"translation":{"provider":"WPGlobus","version":"3.0.2","language":"ee","enabled_languages":["en","ee","fi","ru","fr","es","it","de"],"languages":{"en":{"title":true,"content":true,"excerpt":false},"ee":{"title":true,"content":true,"excerpt":false},"fi":{"title":true,"content":true,"excerpt":false},"ru":{"title":true,"content":true,"excerpt":false},"fr":{"title":true,"content":true,"excerpt":false},"es":{"title":true,"content":true,"excerpt":false},"it":{"title":true,"content":true,"excerpt":false},"de":{"title":true,"content":true,"excerpt":false}}},"_links":{"self":[{"href":"https:\/\/dymet.ee\/ee\/wp-json\/wp\/v2\/pages\/24","targetHints":{"allow":["GET"]}}],"collection":[{"href":"https:\/\/dymet.ee\/ee\/wp-json\/wp\/v2\/pages"}],"about":[{"href":"https:\/\/dymet.ee\/ee\/wp-json\/wp\/v2\/types\/page"}],"author":[{"embeddable":true,"href":"https:\/\/dymet.ee\/ee\/wp-json\/wp\/v2\/users\/1"}],"replies":[{"embeddable":true,"href":"https:\/\/dymet.ee\/ee\/wp-json\/wp\/v2\/comments?post=24"}],"version-history":[{"count":13,"href":"https:\/\/dymet.ee\/ee\/wp-json\/wp\/v2\/pages\/24\/revisions"}],"predecessor-version":[{"id":611,"href":"https:\/\/dymet.ee\/ee\/wp-json\/wp\/v2\/pages\/24\/revisions\/611"}],"wp:attachment":[{"href":"https:\/\/dymet.ee\/ee\/wp-json\/wp\/v2\/media?parent=24"}],"curies":[{"name":"wp","href":"https:\/\/api.w.org\/{rel}","templated":true}]}}