{"id":19,"date":"2016-08-20T18:36:37","date_gmt":"2016-08-20T15:36:37","guid":{"rendered":"http:\/\/dymet.ee\/?page_id=19"},"modified":"2025-06-04T16:08:44","modified_gmt":"2025-06-04T13:08:44","slug":"proffesional-manual-and-cnc-operating-cold-gas-dynamic-spray-dymet-423","status":"publish","type":"page","link":"https:\/\/dymet.ee\/ee\/products-2\/proffesional-manual-and-cnc-operating-cold-gas-dynamic-spray-dymet-423\/","title":{"rendered":"K\u00fclmpihustusseade DYMET 423"},"content":{"rendered":"<p><img loading=\"lazy\" decoding=\"async\" class=\"alignnone size-medium wp-image-9\" src=\"http:\/\/dymet.ee\/wp-content\/uploads\/2016\/08\/DYMET423-300x274.jpg\" alt=\"DYMET423\" width=\"300\" height=\"274\" srcset=\"https:\/\/dymet.ee\/wp-content\/uploads\/2016\/08\/DYMET423-300x274.jpg 300w, https:\/\/dymet.ee\/wp-content\/uploads\/2016\/08\/DYMET423-768x703.jpg 768w, https:\/\/dymet.ee\/wp-content\/uploads\/2016\/08\/DYMET423-1024x937.jpg 1024w, https:\/\/dymet.ee\/wp-content\/uploads\/2016\/08\/DYMET423.jpg 1350w\" sizes=\"auto, (max-width: 300px) 100vw, 300px\" \/><\/p>\n<p>DYMET\u00ae seadmed on m\u00f5eldud alumiinium-, tsink-, vask-, nikkel- ja babiitkihtide pealekandmiseks k\u00f5iksuguste montaa\u017ei-, remondi- ja taastust\u00f6\u00f6de teostamisel. Seadmeid v\u00f5ib kasutada nii k\u00e4sire\u017eiimis kui sisseehitatuna automatiseeritud liinidesse, t\u00f6\u00f6postidesse, detailide ja toodete metalliseerimisaladesse.<br \/>\nTehnilised omadused:<\/p>\n<ul>\n<li>komplektatsioon:<br \/>\n\u2014 pihustusplokk;<br \/>\n\u2014 montaa\u017eijalg;<\/li>\n<li>komplekti gabariidid: mitte rohkem kui 550x260x470 mm;<\/li>\n<li>mass:<br \/>\n\u2014 pihustusplokk &#8211; 1,3 kg;<br \/>\n\u2014 kogu komplekt &#8211; mitte rohkem kui 18 kg;<\/li>\n<li>kasutatava kokkusurutud \u00f5hu r\u00f5hk &#8211; 0,5-0,9 MPa (5-9 atm);<\/li>\n<li>kokkusurutud \u00f5hu kulu &#8211; 0,3m3\/min;<\/li>\n<li>elektritoide &#8211; 220 V, 3,3 kW;<\/li>\n<li>produktiivsus pealekantava alumiiniumikihi massi j\u00e4rgi: 1-6 g\/min (0,3-2 sm3\/min);<\/li>\n<li>fikseeritud temperatuurire\u017eiimide arv &#8211; 5;<\/li>\n<\/ul>\n<p>pulbri dosaatorite arv &#8211; 2.<br \/>\n<img loading=\"lazy\" decoding=\"async\" class=\"alignnone size-medium wp-image-48\" src=\"http:\/\/dymet.ee\/wp-content\/uploads\/2016\/08\/dymet-1-234x300.jpg\" alt=\"dymet\" width=\"234\" height=\"300\" srcset=\"https:\/\/dymet.ee\/wp-content\/uploads\/2016\/08\/dymet-1-234x300.jpg 234w, https:\/\/dymet.ee\/wp-content\/uploads\/2016\/08\/dymet-1-117x150.jpg 117w, https:\/\/dymet.ee\/wp-content\/uploads\/2016\/08\/dymet-1.jpg 250w\" sizes=\"auto, (max-width: 234px) 100vw, 234px\" \/><\/p>\n","protected":false},"excerpt":{"rendered":"<p>DYMET\u00ae seadmed on m\u00f5eldud alumiinium-, tsink-, vask-, nikkel- ja babiitkihtide pealekandmiseks k\u00f5iksuguste montaa\u017ei-, remondi- ja taastust\u00f6\u00f6de teostamisel. Seadmeid v\u00f5ib kasutada nii k\u00e4sire\u017eiimis kui sisseehitatuna automatiseeritud liinidesse, t\u00f6\u00f6postidesse, detailide ja toodete metalliseerimisaladesse. Tehnilised omadused: komplektatsioon: \u2014 pihustusplokk; \u2014 montaa\u017eijalg; komplekti gabariidid: mitte rohkem kui 550x260x470 mm; mass: \u2014 pihustusplokk &#8211; 1,3 \u2026 <a class=\"continue-reading-link\" href=\"https:\/\/dymet.ee\/ee\/products-2\/proffesional-manual-and-cnc-operating-cold-gas-dynamic-spray-dymet-423\/\"> Continue reading <span class=\"meta-nav\">&rarr; <\/span><\/a><\/p>\n","protected":false},"author":1,"featured_media":0,"parent":137,"menu_order":2,"comment_status":"closed","ping_status":"closed","template":"","meta":{"two_page_speed":[],"footnotes":""},"class_list":["post-19","page","type-page","status-publish","hentry"],"translation":{"provider":"WPGlobus","version":"3.0.2","language":"ee","enabled_languages":["en","ee","fi","ru","fr","es","it","de"],"languages":{"en":{"title":true,"content":true,"excerpt":false},"ee":{"title":true,"content":true,"excerpt":false},"fi":{"title":true,"content":true,"excerpt":false},"ru":{"title":true,"content":true,"excerpt":false},"fr":{"title":true,"content":true,"excerpt":false},"es":{"title":true,"content":true,"excerpt":false},"it":{"title":true,"content":true,"excerpt":false},"de":{"title":true,"content":true,"excerpt":false}}},"_links":{"self":[{"href":"https:\/\/dymet.ee\/ee\/wp-json\/wp\/v2\/pages\/19","targetHints":{"allow":["GET"]}}],"collection":[{"href":"https:\/\/dymet.ee\/ee\/wp-json\/wp\/v2\/pages"}],"about":[{"href":"https:\/\/dymet.ee\/ee\/wp-json\/wp\/v2\/types\/page"}],"author":[{"embeddable":true,"href":"https:\/\/dymet.ee\/ee\/wp-json\/wp\/v2\/users\/1"}],"replies":[{"embeddable":true,"href":"https:\/\/dymet.ee\/ee\/wp-json\/wp\/v2\/comments?post=19"}],"version-history":[{"count":8,"href":"https:\/\/dymet.ee\/ee\/wp-json\/wp\/v2\/pages\/19\/revisions"}],"predecessor-version":[{"id":615,"href":"https:\/\/dymet.ee\/ee\/wp-json\/wp\/v2\/pages\/19\/revisions\/615"}],"up":[{"embeddable":true,"href":"https:\/\/dymet.ee\/ee\/wp-json\/wp\/v2\/pages\/137"}],"wp:attachment":[{"href":"https:\/\/dymet.ee\/ee\/wp-json\/wp\/v2\/media?parent=19"}],"curies":[{"name":"wp","href":"https:\/\/api.w.org\/{rel}","templated":true}]}}