{"id":7,"date":"2016-08-20T13:24:28","date_gmt":"2016-08-20T10:24:28","guid":{"rendered":"http:\/\/dymet.ee\/?page_id=7"},"modified":"2025-06-05T22:07:11","modified_gmt":"2025-06-05T19:07:11","slug":"main","status":"publish","type":"page","link":"https:\/\/dymet.ee\/de\/","title":{"rendered":"Hauptseite"},"content":{"rendered":"<h3><span style=\"font-family: arial black,sans-serif;\">Kinetischer Metallization, Kalter Gasspray, Tiefdruck-Spray, Kalter Metallspray, Kalter Dynamischer Gasspray, CGDS<\/span><\/h3>\n<p><img loading=\"lazy\" decoding=\"async\" class=\"alignnone size-medium wp-image-57\" src=\"http:\/\/dymet.ee\/wp-content\/uploads\/2016\/08\/dimet-3-1276722001-1305052568-e1471707970277-300x232.jpg\" alt=\"dimet-3-1276722001-1305052568\" width=\"300\" height=\"232\" srcset=\"https:\/\/dymet.ee\/wp-content\/uploads\/2016\/08\/dimet-3-1276722001-1305052568-e1471707970277-300x232.jpg 300w, https:\/\/dymet.ee\/wp-content\/uploads\/2016\/08\/dimet-3-1276722001-1305052568-e1471707970277-194x150.jpg 194w, https:\/\/dymet.ee\/wp-content\/uploads\/2016\/08\/dimet-3-1276722001-1305052568-e1471707970277-150x116.jpg 150w, https:\/\/dymet.ee\/wp-content\/uploads\/2016\/08\/dimet-3-1276722001-1305052568-e1471707970277.jpg 746w\" sizes=\"auto, (max-width: 300px) 100vw, 300px\" \/><\/p>\n<p>Kalte Spraytechnologie wird angewandt, um verschiedene Metall\u00fcberz\u00fcge auf der Basis von Aluminium, Kupfer, Zink, Nickel, Blei, Zinn, Spie\u00dfer zu zerst\u00e4uben. Die Absetzung von Eisen, Kobalt, Vanadium und einigen anderen Metallen ist auch m\u00f6glich.<\/p>\n<p>Metall\u00fcberz\u00fcge werden zu verschiedenen Zwecken verwendet wie:<br \/>\n\u00b7 Wiederherstellung der Form und Gr\u00f6\u00dfe von Metallteilen;<br \/>\n\u00b7 elektrischer Kontakt polstert Absetzung zu Metall, Glas- und keramisch aus;<br \/>\n\u00b7 Wiederherstellung, Fehler und mechanische Defekte zu werfen;<br \/>\n\u00b7 Benzin &#8211; und das fl\u00fcssigkeitsdichte Siegeln (das hermetische Siegeln);<br \/>\n\u00b7 Reibungsschutz (Wiederherstellung von gleitenden Lagern);<br \/>\n\u00b7 Korrosionsschutz;<br \/>\n\u00b7 Beschlagnahmenschutz (Antibeschlagnahmen\u00fcberz\u00fcge);<br \/>\n\u00b7 Funkenschutz (antibefeuern \u00dcberz\u00fcge);<br \/>\n\u00b7 Dekoration.<\/p>\n","protected":false},"excerpt":{"rendered":"<p>Kinetischer Metallization, Kalter Gasspray, Tiefdruck-Spray, Kalter Metallspray, Kalter Dynamischer Gasspray, CGDS Kalte Spraytechnologie wird angewandt, um verschiedene Metall\u00fcberz\u00fcge auf der Basis von Aluminium, Kupfer, Zink, Nickel, Blei, Zinn, Spie\u00dfer zu zerst\u00e4uben. Die Absetzung von Eisen, Kobalt, Vanadium und einigen anderen Metallen ist auch m\u00f6glich. Metall\u00fcberz\u00fcge werden zu verschiedenen Zwecken verwendet \u2026 <a class=\"continue-reading-link\" href=\"https:\/\/dymet.ee\/de\/\"> Continue reading <span class=\"meta-nav\">&rarr; <\/span><\/a><\/p>\n","protected":false},"author":1,"featured_media":0,"parent":0,"menu_order":1,"comment_status":"closed","ping_status":"closed","template":"","meta":{"two_page_speed":null,"footnotes":""},"class_list":["post-7","page","type-page","status-publish","hentry"],"translation":{"provider":"WPGlobus","version":"3.0.2","language":"de","enabled_languages":["en","ee","fi","ru","fr","es","it","de"],"languages":{"en":{"title":true,"content":true,"excerpt":false},"ee":{"title":true,"content":true,"excerpt":false},"fi":{"title":true,"content":true,"excerpt":false},"ru":{"title":true,"content":false,"excerpt":false},"fr":{"title":true,"content":true,"excerpt":false},"es":{"title":true,"content":true,"excerpt":false},"it":{"title":true,"content":true,"excerpt":false},"de":{"title":true,"content":true,"excerpt":false}}},"_links":{"self":[{"href":"https:\/\/dymet.ee\/de\/wp-json\/wp\/v2\/pages\/7","targetHints":{"allow":["GET"]}}],"collection":[{"href":"https:\/\/dymet.ee\/de\/wp-json\/wp\/v2\/pages"}],"about":[{"href":"https:\/\/dymet.ee\/de\/wp-json\/wp\/v2\/types\/page"}],"author":[{"embeddable":true,"href":"https:\/\/dymet.ee\/de\/wp-json\/wp\/v2\/users\/1"}],"replies":[{"embeddable":true,"href":"https:\/\/dymet.ee\/de\/wp-json\/wp\/v2\/comments?post=7"}],"version-history":[{"count":15,"href":"https:\/\/dymet.ee\/de\/wp-json\/wp\/v2\/pages\/7\/revisions"}],"predecessor-version":[{"id":437,"href":"https:\/\/dymet.ee\/de\/wp-json\/wp\/v2\/pages\/7\/revisions\/437"}],"wp:attachment":[{"href":"https:\/\/dymet.ee\/de\/wp-json\/wp\/v2\/media?parent=7"}],"curies":[{"name":"wp","href":"https:\/\/api.w.org\/{rel}","templated":true}]}}