{"id":40,"date":"2016-08-20T18:31:35","date_gmt":"2016-08-20T15:31:35","guid":{"rendered":"http:\/\/dymet.ee\/?page_id=40"},"modified":"2025-06-05T21:06:38","modified_gmt":"2025-06-05T18:06:38","slug":"workplace","status":"publish","type":"page","link":"https:\/\/dymet.ee\/de\/technology\/workplace\/","title":{"rendered":"Arbeitsplatz"},"content":{"rendered":"<p>Personalvoraussetzungen:<\/p>\n<p>Eine Person, die mit der DYMET\u00ae Ausr\u00fcstung arbeitet, sollte Erlaubnis haben, mit elektrischen Instrumenten und Druckluft zu arbeiten, und sollte vom Lieferanten auf Arbeitsregeln und Techniken informiert werden.<\/p>\n<p>Arbeitsplatz und Sicherheitsanforderungen<\/p>\n<p>Um Personal und Umgebung von Staub zu sch\u00fctzen, w\u00e4hrend er zuhause mit der DYMET\u00ae Ausr\u00fcstung arbeitet, ist es notwendig, abgestaubte Luft aus dem \u00dcberzugabsetzungsbereich zu entfernen; die entfernte Luft sollte weiter (gereinigt) gefiltert werden. Das ungef\u00e4hre Schema der Arbeitsplatzorganisation wird unten gezeigt:<\/p>\n<p><img decoding=\"async\" title=\"\" src=\"http:\/\/en.dymet.net\/uploads\/posts\/2011-08\/1312522665_fltreng.gif\" alt=\"\" \/><\/p>\n<p>Behandelte Bestandteile sollten im mit dem Staubschutzraum zugeteilt werden, der leichten Zugang zur Verf\u00fcgung stellen k\u00f6nnte, Einheitsschnauze zu zerst\u00e4uben. Arbeitspersonal sollte durch das individuelle mit dem Staubschutztragen (Brille, Atemschutzmaske) versorgt werden.<\/p>\n<p>Filter sollte Reinigung von abgestaubter Luft von Staub zur Verf\u00fcgung stellen (Puderpartikeln, die an der behandelten Oberfl\u00e4che nicht geklebt haben).<\/p>\n<p>Ventilator sollte abgestaubte Luft vom &#8216;mit dem Staubschutzraum &#8211; Filter &#8211; Luftpfeifensystem effektiv entfernen. Die Kapazit\u00e4t des auf dem Filter geladenen Ventilators sollte nicht weniger dann 2 m3\/min sein.<\/p>\n<p>Bereiter Industriestaub removers mit genug Luftfilterungsniveau und Kapazit\u00e4t oder besonders entworfenen Systemen (der Zyklone, feine Reinigungsfilter und Ventilatoren einschlie\u00dfen kann) kann als Staub-Entfernensysteme f\u00fcr die Arbeit mit der DYMET\u00ae Ausr\u00fcstung verwendet werden.<\/p>\n<p><img loading=\"lazy\" decoding=\"async\" class=\"alignnone size-medium wp-image-74\" src=\"http:\/\/dymet.ee\/wp-content\/uploads\/2016\/08\/place01a-300x235.jpg\" alt=\"place01a\" width=\"300\" height=\"235\" srcset=\"https:\/\/dymet.ee\/wp-content\/uploads\/2016\/08\/place01a-300x235.jpg 300w, https:\/\/dymet.ee\/wp-content\/uploads\/2016\/08\/place01a-191x150.jpg 191w, https:\/\/dymet.ee\/wp-content\/uploads\/2016\/08\/place01a-150x118.jpg 150w, https:\/\/dymet.ee\/wp-content\/uploads\/2016\/08\/place01a.jpg 480w\" sizes=\"auto, (max-width: 300px) 100vw, 300px\" \/><\/p>\n<p>Version des Ger\u00e4ts des Staub-Schutzes: 1 &#8211; Raum f\u00fcr das Stellen eines Details, 2 &#8211; eines Zyklons, 3 &#8211; der Zyklonbunker f\u00fcr das gesammelte Puder, 4 &#8211; der Bl\u00e4ser<\/p>\n","protected":false},"excerpt":{"rendered":"<p>Personalvoraussetzungen: Eine Person, die mit der DYMET\u00ae Ausr\u00fcstung arbeitet, sollte Erlaubnis haben, mit elektrischen Instrumenten und Druckluft zu arbeiten, und sollte vom Lieferanten auf Arbeitsregeln und Techniken informiert werden. Arbeitsplatz und Sicherheitsanforderungen Um Personal und Umgebung von Staub zu sch\u00fctzen, w\u00e4hrend er zuhause mit der DYMET\u00ae Ausr\u00fcstung arbeitet, ist es \u2026 <a class=\"continue-reading-link\" href=\"https:\/\/dymet.ee\/de\/technology\/workplace\/\"> Continue reading <span class=\"meta-nav\">&rarr; <\/span><\/a><\/p>\n","protected":false},"author":1,"featured_media":0,"parent":24,"menu_order":0,"comment_status":"closed","ping_status":"closed","template":"","meta":{"two_page_speed":{"previous_score":{"desktop_score":99,"desktop_tti":"0.7\u00a0","mobile_score":97,"mobile_tti":"2.2\u00a0","date":"25.12.2024 03:45:05 pm","status":"completed"}},"footnotes":""},"class_list":["post-40","page","type-page","status-publish","hentry"],"translation":{"provider":"WPGlobus","version":"3.0.2","language":"de","enabled_languages":["en","ee","fi","ru","fr","es","it","de"],"languages":{"en":{"title":true,"content":true,"excerpt":false},"ee":{"title":true,"content":true,"excerpt":false},"fi":{"title":true,"content":true,"excerpt":false},"ru":{"title":true,"content":true,"excerpt":false},"fr":{"title":true,"content":true,"excerpt":false},"es":{"title":true,"content":true,"excerpt":false},"it":{"title":true,"content":true,"excerpt":false},"de":{"title":true,"content":true,"excerpt":false}}},"_links":{"self":[{"href":"https:\/\/dymet.ee\/de\/wp-json\/wp\/v2\/pages\/40","targetHints":{"allow":["GET"]}}],"collection":[{"href":"https:\/\/dymet.ee\/de\/wp-json\/wp\/v2\/pages"}],"about":[{"href":"https:\/\/dymet.ee\/de\/wp-json\/wp\/v2\/types\/page"}],"author":[{"embeddable":true,"href":"https:\/\/dymet.ee\/de\/wp-json\/wp\/v2\/users\/1"}],"replies":[{"embeddable":true,"href":"https:\/\/dymet.ee\/de\/wp-json\/wp\/v2\/comments?post=40"}],"version-history":[{"count":6,"href":"https:\/\/dymet.ee\/de\/wp-json\/wp\/v2\/pages\/40\/revisions"}],"predecessor-version":[{"id":630,"href":"https:\/\/dymet.ee\/de\/wp-json\/wp\/v2\/pages\/40\/revisions\/630"}],"up":[{"embeddable":true,"href":"https:\/\/dymet.ee\/de\/wp-json\/wp\/v2\/pages\/24"}],"wp:attachment":[{"href":"https:\/\/dymet.ee\/de\/wp-json\/wp\/v2\/media?parent=40"}],"curies":[{"name":"wp","href":"https:\/\/api.w.org\/{rel}","templated":true}]}}