{"id":36,"date":"2016-08-20T18:26:06","date_gmt":"2016-08-20T15:26:06","guid":{"rendered":"http:\/\/dymet.ee\/?page_id=36"},"modified":"2025-06-05T21:58:35","modified_gmt":"2025-06-05T18:58:35","slug":"equipment-applications","status":"publish","type":"page","link":"https:\/\/dymet.ee\/de\/technology\/equipment-applications\/","title":{"rendered":"Ausr\u00fcstungsanwendungen"},"content":{"rendered":"<p>Unsere Gesellschaft hat Erfahrung angesammelt, DYMET\u00ae Ausr\u00fcstung in folgenden Anwendungen zu verwenden:<\/p>\n<p>Wiederherstellung der Form und Gr\u00f6\u00dfe von Metallteilen, Wiederherstellung, Fehler und mechanische Defekte zu werfen;<br \/>\nelektrischer Kontakt polstert Absetzung zu Metall, Glas- und keramisch aus;<br \/>\nerster layering f\u00fcr das L\u00f6ten;<br \/>\nBenzin &#8211; und das fl\u00fcssigkeitsdichte Siegeln (das hermetische Siegeln);<br \/>\nReibungsschutz (Wiederherstellung von gleitenden Lagern);<br \/>\nKorrosionsschutz;<br \/>\nBeschlagnahmenschutz (Antibeschlagnahmen\u00fcberz\u00fcge);<br \/>\nFunkenschutz (antibefeuern \u00dcberz\u00fcge);<br \/>\nDekoration;<br \/>\nspezielle Anwendungen<br \/>\nWiederherstellung von verlorenem Metall<\/p>\n<p>Unsere Technologie und Ausr\u00fcstung sind sehr wirksames Werkzeug f\u00fcr die Wiederherstellung von besch\u00e4digten Bereichen von verschiedenen Bestandteilen oder Produkten. Die niedrige Stufe der innerhalb des Wiederherstellungsprozesses hinzugef\u00fcgten Hitze stellt keine Deformierung des behandelten Teils, keine inneren Spannungen darin und keine Strukturtransformationen von Metall des behandelten Teils zur Verf\u00fcgung. Das Ausr\u00fcstungsdesign stellt lokale Oberfl\u00e4chenbehandlung zur Verf\u00fcgung, ohne nichtfehlerhafte Bereiche zu beeinflussen. Jedoch ist diese Technologie nur wirksam, wenn es keine starken Voraussetzungen zur H\u00e4rte und Verschlei\u00dffestigkeit von abgelegten \u00dcberz\u00fcgen gibt.<\/p>\n<p>Reparatur von Spalten, H\u00f6hlen oder H\u00f6hlen in Stahl oder Gusseisen castings;<\/p>\n<p>Elektrischer leitender \u00dcberzug<\/p>\n<p>Die hohe elektrische Leitf\u00e4higkeit von Aluminium- oder Kupfer\u00fcberz\u00fcgen und ihrer F\u00e4higkeit, an jeder metallenen oder keramischen Oberfl\u00e4che zu kleben, stellt ihre wirksame Anwendung in verschiedenen elektronischen oder elektrischen Bestandteilen zur Verf\u00fcgung:<\/p>\n<p>Kupferpfade, Streifen oder Kontaktbereiche auf Aluminium- oder Stahlbestandteilen oder Teilen machend (insbesondere erscheint die Absetzung von Kupfer auf Reifen und auf earthing usw.);<br \/>\nAbsetzung von elektrischen leitenden \u00dcberz\u00fcgen auf keramischen Ger\u00e4ten (Bauteilteller, Porzellanisolatoren usw.).<\/p>\n<p>Erster layering f\u00fcr das L\u00f6ten<\/p>\n<p>Technologische Einfachheit der \u00dcberzugabsetzung auf jedem Metall (z.B. Gusseisen oder Aluminium), keramische oder Glasoberfl\u00e4che stellt die Gelegenheit zur Verf\u00fcgung, Kupfer auf diesen Oberfl\u00e4chen abzulegen, um weiter irgendwelche verl\u00f6teten Einheiten nach der Verd\u00fcnnung von ihnen mit irgendwelchen Loten zu machen.<br \/>\nDas Befestigen von Leckstellen von Fl\u00fcssigkeiten oder Benzin<\/p>\n<p>Niedrige Durchl\u00e4ssigkeit und Gasdurchdringbarkeit von durch die DYMET\u00ae Ausr\u00fcstung abgelegten \u00dcberz\u00fcgen erlauben, sie effektiv am Siegeln von Leckstellen in F\u00e4llen zu verwenden, wenn es keine Gelegenheit gibt, hermetische Zusammensetzungen zu verwenden. Insbesondere es ist gut, sie zu verwenden, um Beh\u00e4lter zu reparieren, die unter dem Hochdruck oder unter niedrigen oder hohen Temperaturen, z.B. cryogen Systembestandteilen, K\u00fchlsystembestandteilen, Barrels, Rohrleitungen, Hitzeex-Wechslern usw. arbeiten.<\/p>\n<p>Reibungsschutz (Wiederherstellung von gleitenden Lagern)<\/p>\n<p>Schutz vor der Korrosion<\/p>\n<p>Aluminium oder Zink\u00fcberz\u00fcge sch\u00fctzen Oberfl\u00e4chen vor der niedrigen Temperaturkorrosion. Mit der DYMET\u00ae Ausr\u00fcstung abgelegte \u00dcberz\u00fcge entsprechen GOST 28302-89 und GOST 9.304-87 russische Standards und andere Regulierungen; die antizerfressenden Eigenschaften von DYMET\u00ae \u00dcberz\u00fcgen \u00fcbertreffen diejenigen von Farben oder vielen anderen Metall\u00fcberz\u00fcgen.<\/p>\n<p>antizerfressende Behandlung von lokalen Korrosionszentren;<br \/>\nBehandlung von Schwei\u00dfn\u00e4hten;<br \/>\nBehandlung von Kleingr\u00f6\u00dfenbestandteilen.<\/p>\n<p>Beschlagnahmenschutz (Antibeschlagnahmen\u00fcberz\u00fcge)<\/p>\n<p>Funkenschutz (antibefeuern \u00dcberz\u00fcge)<\/p>\n<p>Dekoration<\/p>\n<p>Spezielle Anwendungen<\/p>\n<p>\u00dcberz\u00fcge konnten verwendet werden, um viele spezielle Aufgaben abh\u00e4ngig von ihren Eigenschaften und Besonderheiten ihrer Absetzungsmethode zu l\u00f6sen:<\/p>\n<p>das Siegeln von Schwei\u00dfn\u00e4hten in thermostabilen Aluminiumbestandteilen in der cryogen Ausr\u00fcstung;<br \/>\ndas Siegeln von Rohrleitungsverbindungspunkten des Hochdrucks (&#8220;Aluminium &#8211; rostfreier Stahl&#8221;);<br \/>\ndie Erh\u00f6hung der Hitzeausstrahlenf\u00e4higkeit von rostfreiem Stahl (sind Oberfl\u00e4chen mit dem hohen Niveau der Hitzeradiation f\u00fcr die Hitzeverschwendung von erhitzten Bestandteilen im Vakuum erforderlich);<br \/>\ngeometrische Wiederherstellung von Teilen und Bestandteile von gaspumpenden Turbinen;<br \/>\nvon F\u00e4den davon verhindernd (im Schiffsbau, der Erd\u00f6lindustrie) zu blockieren;<br \/>\nInstrumente davon abhaltend, Funken zu spr\u00fchen.<\/p>\n<p>Autodienst<\/p>\n<p>Die breite Anwendung der DYMET\u00ae Ausr\u00fcstung ist Reparatur des Automotors, der Bestandteile oder des K\u00f6rpers. Insbesondere die reparierten Gegenst\u00e4nde konnten sein:<\/p>\n<p>zerfressende Verletzungen, Lachen oder verbrannte L\u00f6cher im Kopf des Blocks von Zylindern;<br \/>\nSpalten im Kopf des Blocks von Zylindern, im Block von Zylindern oder in Autobestandteilen;<br \/>\ndas Auslaufen von Fl\u00fcssigkeit in Autoklimaanlagen;<br \/>\nnichthermetische Heizk\u00f6rper;<br \/>\nantizerfressende Behandlung von lokalen Bereichen von Schwei\u00dfn\u00e4hten, w\u00e4hrend man Autok\u00f6rper oder Auspufft\u00f6pfe repariert;<br \/>\nLager von Sitzen.<\/p>\n<p>Zus\u00e4tzlich sind andere m\u00f6gliche \u00dcberzuganwendungen:<\/p>\n<p>Schutz vor der hohen Temperaturkorrosion: Absetzung von Nickel oder Aluminium\u00fcberz\u00fcgen auf Bestandteile, die unter hohen Temperaturen (z.B. Thermoelemente) ausgenutzt sind;<br \/>\ndekorativer \u00dcberzug oder Mikroerosionsbehandlung von Metall, keramischen oder Glasoberfl\u00e4chen.<\/p>\n<p>&nbsp;<\/p>\n","protected":false},"excerpt":{"rendered":"<p>Unsere Gesellschaft hat Erfahrung angesammelt, DYMET\u00ae Ausr\u00fcstung in folgenden Anwendungen zu verwenden: Wiederherstellung der Form und Gr\u00f6\u00dfe von Metallteilen, Wiederherstellung, Fehler und mechanische Defekte zu werfen; elektrischer Kontakt polstert Absetzung zu Metall, Glas- und keramisch aus; erster layering f\u00fcr das L\u00f6ten; Benzin &#8211; und das fl\u00fcssigkeitsdichte Siegeln (das hermetische Siegeln); \u2026 <a class=\"continue-reading-link\" href=\"https:\/\/dymet.ee\/de\/technology\/equipment-applications\/\"> Continue reading <span class=\"meta-nav\">&rarr; <\/span><\/a><\/p>\n","protected":false},"author":1,"featured_media":0,"parent":24,"menu_order":0,"comment_status":"closed","ping_status":"closed","template":"","meta":{"two_page_speed":[],"footnotes":""},"class_list":["post-36","page","type-page","status-publish","hentry"],"translation":{"provider":"WPGlobus","version":"3.0.2","language":"de","enabled_languages":["en","ee","fi","ru","fr","es","it","de"],"languages":{"en":{"title":true,"content":true,"excerpt":false},"ee":{"title":true,"content":true,"excerpt":false},"fi":{"title":true,"content":false,"excerpt":false},"ru":{"title":true,"content":true,"excerpt":false},"fr":{"title":true,"content":true,"excerpt":false},"es":{"title":true,"content":true,"excerpt":false},"it":{"title":true,"content":true,"excerpt":false},"de":{"title":true,"content":true,"excerpt":false}}},"_links":{"self":[{"href":"https:\/\/dymet.ee\/de\/wp-json\/wp\/v2\/pages\/36","targetHints":{"allow":["GET"]}}],"collection":[{"href":"https:\/\/dymet.ee\/de\/wp-json\/wp\/v2\/pages"}],"about":[{"href":"https:\/\/dymet.ee\/de\/wp-json\/wp\/v2\/types\/page"}],"author":[{"embeddable":true,"href":"https:\/\/dymet.ee\/de\/wp-json\/wp\/v2\/users\/1"}],"replies":[{"embeddable":true,"href":"https:\/\/dymet.ee\/de\/wp-json\/wp\/v2\/comments?post=36"}],"version-history":[{"count":5,"href":"https:\/\/dymet.ee\/de\/wp-json\/wp\/v2\/pages\/36\/revisions"}],"predecessor-version":[{"id":650,"href":"https:\/\/dymet.ee\/de\/wp-json\/wp\/v2\/pages\/36\/revisions\/650"}],"up":[{"embeddable":true,"href":"https:\/\/dymet.ee\/de\/wp-json\/wp\/v2\/pages\/24"}],"wp:attachment":[{"href":"https:\/\/dymet.ee\/de\/wp-json\/wp\/v2\/media?parent=36"}],"curies":[{"name":"wp","href":"https:\/\/api.w.org\/{rel}","templated":true}]}}