{"id":29,"date":"2016-08-20T18:23:15","date_gmt":"2016-08-20T15:23:15","guid":{"rendered":"http:\/\/dymet.ee\/?page_id=29"},"modified":"2025-06-05T22:00:36","modified_gmt":"2025-06-05T19:00:36","slug":"metal-coatings","status":"publish","type":"page","link":"https:\/\/dymet.ee\/de\/technology\/metal-coatings\/","title":{"rendered":"Metall\u00fcberz\u00fcge"},"content":{"rendered":"<p>Dynamische Gasspr\u00fchenausr\u00fcstung DYMET wird angewandt, um verschiedene Metall\u00fcberz\u00fcge auf der Basis von Aluminium, Kupfer, Zink, Nickel, Blei, Zinn, Spie\u00dfer zu zerst\u00e4uben. Die Absetzung von Eisen, Kobalt, Vanadium und einigen anderen Metallen ist auch m\u00f6glich.<\/p>\n<p>\u00dcberzugtypen<\/p>\n<p>Metall\u00fcberz\u00fcge, die durch DYMET angewandt sind, werden zu verschiedenen Zwecken verwendet wie:<\/p>\n<p>Wiederherstellung der Form und Gr\u00f6\u00dfe von Metallteilen;<br \/>\nelektrischer Kontakt polstert Absetzung zu Metall, Glas- und keramisch aus;<br \/>\nWiederherstellung, Fehler und mechanische Defekte zu werfen;<br \/>\nBenzin &#8211; und das fl\u00fcssigkeitsdichte Siegeln (das hermetische Siegeln);<br \/>\nReibungsschutz (Wiederherstellung von gleitenden Lagern);<br \/>\nKorrosionsschutz;<br \/>\nBeschlagnahmenschutz (Antibeschlagnahmen\u00fcberz\u00fcge);<br \/>\nFunkenschutz (antibefeuern \u00dcberz\u00fcge);<br \/>\nDekoration.<\/p>\n<p>Grundlegende \u00dcberzugeigenschaften<\/p>\n<p>hohes Festkleben (30-80 MPa);<br \/>\nhohe Koh\u00e4sion (30-80 MPa);<br \/>\ngleichf\u00f6rmige \u00dcberzugstruktur;<br \/>\nniedrige Durchl\u00e4ssigkeit (1-3 %);<br \/>\nhohes elektrisches Leitverm\u00f6gen zwischen \u00dcberzug und Substrat;<br \/>\njede \u00dcberzugdicke (von 10 Mikron bis zu 10 cm);<br \/>\n\u00dcberzugoberfl\u00e4chenrauheit Rz = 20-40;<br \/>\n\u00dcberz\u00fcge k\u00f6nnen durch jede mechanische Operation maschinell hergestellt werden;<br \/>\n\u00dcberz\u00fcge k\u00f6nnen zu jedem Metall, keramischem und Glassubstrat abgelegt werden.<\/p>\n<p>Struktur von \u00dcberz\u00fcgen<\/p>\n<p>\u00dcberz\u00fcge vertreten gleichf\u00f6rmige dichte Schicht von zusammengepressten plastisch verformten Metallpartikeln mit Einschlie\u00dfungen von gesto\u00dfenen keramischen Partikeln.<\/p>\n<p>\u00dcberzug von Ni an Stahl.<\/p>\n<p><img loading=\"lazy\" decoding=\"async\" class=\"alignnone size-medium wp-image-31\" src=\"http:\/\/dymet.ee\/wp-content\/uploads\/2016\/08\/1329636827_image002-300x178.jpg\" alt=\"1329636827_image002\" width=\"300\" height=\"178\" srcset=\"https:\/\/dymet.ee\/wp-content\/uploads\/2016\/08\/1329636827_image002-300x178.jpg 300w, https:\/\/dymet.ee\/wp-content\/uploads\/2016\/08\/1329636827_image002-250x148.jpg 250w, https:\/\/dymet.ee\/wp-content\/uploads\/2016\/08\/1329636827_image002-150x89.jpg 150w, https:\/\/dymet.ee\/wp-content\/uploads\/2016\/08\/1329636827_image002.jpg 338w\" sizes=\"auto, (max-width: 300px) 100vw, 300px\" \/><\/p>\n<p>\u00dcberzug von Cu an Stahl<\/p>\n<p><img loading=\"lazy\" decoding=\"async\" class=\"alignnone size-medium wp-image-32\" src=\"http:\/\/dymet.ee\/wp-content\/uploads\/2016\/08\/1329636922_image003-300x200.jpg\" alt=\"1329636922_image003\" width=\"300\" height=\"200\" srcset=\"https:\/\/dymet.ee\/wp-content\/uploads\/2016\/08\/1329636922_image003.jpg 300w, https:\/\/dymet.ee\/wp-content\/uploads\/2016\/08\/1329636922_image003-225x150.jpg 225w, https:\/\/dymet.ee\/wp-content\/uploads\/2016\/08\/1329636922_image003-150x100.jpg 150w\" sizes=\"auto, (max-width: 300px) 100vw, 300px\" \/><br \/>\n\u00dcberzug von Al an der Stahlschnittstelle.<\/p>\n<p><img loading=\"lazy\" decoding=\"async\" class=\"alignnone size-medium wp-image-33\" src=\"http:\/\/dymet.ee\/wp-content\/uploads\/2016\/08\/1329637064_image004-225x300.jpg\" alt=\"1329637064_image004\" width=\"225\" height=\"300\" srcset=\"https:\/\/dymet.ee\/wp-content\/uploads\/2016\/08\/1329637064_image004.jpg 225w, https:\/\/dymet.ee\/wp-content\/uploads\/2016\/08\/1329637064_image004-113x150.jpg 113w\" sizes=\"auto, (max-width: 225px) 100vw, 225px\" \/><\/p>\n","protected":false},"excerpt":{"rendered":"<p>Dynamische Gasspr\u00fchenausr\u00fcstung DYMET wird angewandt, um verschiedene Metall\u00fcberz\u00fcge auf der Basis von Aluminium, Kupfer, Zink, Nickel, Blei, Zinn, Spie\u00dfer zu zerst\u00e4uben. Die Absetzung von Eisen, Kobalt, Vanadium und einigen anderen Metallen ist auch m\u00f6glich. \u00dcberzugtypen Metall\u00fcberz\u00fcge, die durch DYMET angewandt sind, werden zu verschiedenen Zwecken verwendet wie: Wiederherstellung der Form \u2026 <a class=\"continue-reading-link\" href=\"https:\/\/dymet.ee\/de\/technology\/metal-coatings\/\"> Continue reading <span class=\"meta-nav\">&rarr; <\/span><\/a><\/p>\n","protected":false},"author":1,"featured_media":0,"parent":24,"menu_order":0,"comment_status":"closed","ping_status":"closed","template":"","meta":{"two_page_speed":{"previous_score":{"desktop_score":99,"desktop_tti":"0.4\u00a0","mobile_score":98,"mobile_tti":"1.8\u00a0","date":"01.06.2023 08:17:31 pm","status":"completed"},"current_score":{"desktop_score":97,"desktop_tti":"0.4\u00a0","mobile_score":98,"mobile_tti":"1.9\u00a0","date":"19.04.2025 03:52:44 pm","status":"completed"}},"footnotes":""},"class_list":["post-29","page","type-page","status-publish","hentry"],"translation":{"provider":"WPGlobus","version":"3.0.2","language":"de","enabled_languages":["en","ee","fi","ru","fr","es","it","de"],"languages":{"en":{"title":true,"content":true,"excerpt":false},"ee":{"title":true,"content":true,"excerpt":false},"fi":{"title":true,"content":true,"excerpt":false},"ru":{"title":true,"content":true,"excerpt":false},"fr":{"title":true,"content":true,"excerpt":false},"es":{"title":true,"content":true,"excerpt":false},"it":{"title":true,"content":true,"excerpt":false},"de":{"title":true,"content":true,"excerpt":false}}},"_links":{"self":[{"href":"https:\/\/dymet.ee\/de\/wp-json\/wp\/v2\/pages\/29","targetHints":{"allow":["GET"]}}],"collection":[{"href":"https:\/\/dymet.ee\/de\/wp-json\/wp\/v2\/pages"}],"about":[{"href":"https:\/\/dymet.ee\/de\/wp-json\/wp\/v2\/types\/page"}],"author":[{"embeddable":true,"href":"https:\/\/dymet.ee\/de\/wp-json\/wp\/v2\/users\/1"}],"replies":[{"embeddable":true,"href":"https:\/\/dymet.ee\/de\/wp-json\/wp\/v2\/comments?post=29"}],"version-history":[{"count":3,"href":"https:\/\/dymet.ee\/de\/wp-json\/wp\/v2\/pages\/29\/revisions"}],"predecessor-version":[{"id":651,"href":"https:\/\/dymet.ee\/de\/wp-json\/wp\/v2\/pages\/29\/revisions\/651"}],"up":[{"embeddable":true,"href":"https:\/\/dymet.ee\/de\/wp-json\/wp\/v2\/pages\/24"}],"wp:attachment":[{"href":"https:\/\/dymet.ee\/de\/wp-json\/wp\/v2\/media?parent=29"}],"curies":[{"name":"wp","href":"https:\/\/api.w.org\/{rel}","templated":true}]}}