{"id":24,"date":"2016-08-20T16:02:53","date_gmt":"2016-08-20T13:02:53","guid":{"rendered":"http:\/\/dymet.ee\/?page_id=24"},"modified":"2025-06-04T15:31:22","modified_gmt":"2025-06-04T12:31:22","slug":"technology","status":"publish","type":"page","link":"https:\/\/dymet.ee\/de\/technology\/","title":{"rendered":"Technologie"},"content":{"rendered":"<p>Die DYMET\u00ae Technologie f\u00fcr die Metall\u00fcberzugabsetzung ist eine Version der Methodenk\u00e4lte gasdynamischer Spray (Kalter Spray)\u00a0\u00a0 <a href=\"https:\/\/en.wikipedia.org\/wiki\/Gas_dynamic_cold_spray\">http:\/\/en.wikipedia.org\/wiki\/Gas_dynamic_cold_spray<\/a><br \/>\nDer Kalte Spray basiert auf der Entdeckung (gemacht in den 1980er Jahren), dass Partikeln, die sich mit der \u00dcberschallgeschwindigkeit bewegen, an einer Oberfl\u00e4che nach der Kollision kleben. DYMET\u00ae hat den Namen \u00abTiefdruck-K\u00e4ltespray\u00bb\u00a0 erhalten.<\/p>\n<p>Einzigartige Neuerungen von DYMET\u00ae sind:<\/p>\n<p>&#8211; Gebrauch von Niedrigtemperaturdruckluft als das Arbeitsgasmedium.<br \/>\n&#8211; Gebrauch einer Mischung von metallenen und keramischen Partikeln in der Absetzung, in der Regel.<br \/>\n&#8211; Einf\u00fchrung des Pudermaterials in die \u00dcberschallschnauze nach seiner kritischen Abteilung.<\/p>\n<p>Die Technologie erlaubt Absetzung von \u00dcberz\u00fcgen auf metallenen, keramisches, Glas-, Stein und konkrete Substrate. Zurzeit k\u00f6nnen DYMET\u00ae \u00dcberz\u00fcge aus Aluminium, Zink, Kupfer, Zinn, Blei, Spie\u00dferlegierung, Nickel und anderen Metallen bestehen.<\/p>\n<p>Schl\u00fcsseltechnologieelemente<\/p>\n<p>Im DYMET\u00ae \u00dcberzugprozess wird Druckluft geheizt und durch eine \u00dcberschallschnauze gezwungen. Puder wird ins resultierende \u00dcberschallluftstrahl gef\u00fcttert, das die Puderpartikeln beschleunigt und sie auf das Zielsubstrat ablegt.<br \/>\nDie Puder bestehen aus Metallen, Legierung oder Mischungen von metallenen und keramischen Partikeln. Die behandelte Oberfl\u00e4che kann entweder weggefressen oder mit notwendigen Metallzusammensetzungen abh\u00e4ngig von der Betriebsweise des Ger\u00e4ts angestrichen werden.<\/p>\n<p>Einzigartige Aspekte der Technologie<\/p>\n<p>Die meisten traditionellen Thermalspray\u00fcberzugmethoden beziehen Absetzung von materiellen Partikeln bei hohen Temperaturen gew\u00f6hnlich \u00fcber dem Schmelzpunkt des Materials ein, das wird ablegt.<\/p>\n<p><img loading=\"lazy\" decoding=\"async\" class=\"alignnone size-medium wp-image-66\" src=\"http:\/\/dymet.ee\/wp-content\/uploads\/2016\/08\/1312395226_scheme3e-300x159.jpg\" alt=\"1312395226_scheme3e\" width=\"300\" height=\"159\" srcset=\"https:\/\/dymet.ee\/wp-content\/uploads\/2016\/08\/1312395226_scheme3e-300x159.jpg 300w, https:\/\/dymet.ee\/wp-content\/uploads\/2016\/08\/1312395226_scheme3e-250x133.jpg 250w, https:\/\/dymet.ee\/wp-content\/uploads\/2016\/08\/1312395226_scheme3e-150x80.jpg 150w, https:\/\/dymet.ee\/wp-content\/uploads\/2016\/08\/1312395226_scheme3e.jpg 390w\" sizes=\"auto, (max-width: 300px) 100vw, 300px\" \/><\/p>\n<p>In der gasdynamischen Spraytechnologie (der praktisch &#8216;Metall &#8220;das Wachsen&#8221; genannt werden kann) ist diese Bedingung nicht notwendig. Absetzung findet mittels fester Partikeln statt, die das Substrat an sehr hohen Geschwindigkeiten zusammenpressen. In der DYMET\u00ae Reihe von an OCPS entwickelten Ger\u00e4ten wird die Beschleunigung von Partikeln zu notwendigen Geschwindigkeiten \u00fcber ein \u00dcberschallluftstrahl vollbracht. Diese Ausr\u00fcstung hat keine Entsprechungen in traditionellen \u00dcberzugmethoden.<\/p>\n<p>Mit der DYMET\u00ae Technologie geschaffene \u00dcberz\u00fcge sind frei von der Mehrheit von f\u00fcr andere Metallabsetzungsmethoden \u00fcblichen Nachteilen. Sie besitzen auch mehrere zus\u00e4tzliche technologische, wirtschaftliche und \u00f6kologische Vorteile. Das macht die Technologie attraktiv f\u00fcr Produktionsunternehmen und erlaubt seine wirksame Anwendung in einer breiten Reihe von Metallabsetzungsaufgaben.<\/p>\n<p>Vorteile von LPCS<\/p>\n<ul>\n<li>der Prozess verlangt Hochdruck oder Temperaturen nicht und kann in einer Luftatmosph\u00e4re getan werden;<\/li>\n<li>die Temperatur des Substrats erhebt sich \u00fcber dem 100-1500\u0421 nicht, der das \u00c4u\u00dfere von inneren Betonungen und Deformierungen, sowie Oxydation des Substrats oder der Absetzungsmaterialien verhindert. Dieses Eigentum von LPCS ist in der Behandlung der leichten Legierung \u00e4u\u00dferst n\u00fctzlich, die d\u00fcnn ummauerte Teile, strukturell komplizierte Gegenst\u00e4nde, empfindlich zur Deformierung und den anderen und keramischen Glassubstraten einwenden;<\/li>\n<li>die Technologie ist (keine hohen Temperaturen, gef\u00e4hrliches Benzin oder Radiation, keine chemisch aggressive Verschwendung) umweltfreundlich;<br \/>\ndie Technologie verwendet ein preiswertes und sicheres Arbeitsbenzin: Druckluft am 6-10atm;<br \/>\nSubstrate verlangen das Vorw\u00e4rmen nicht;<\/li>\n<li>keine mechanische Vorbereitung des Substrats ist erforderlich: Das Hoch-Geschwindigkeitspartikelnstrahl reinigt automatisch den Zielbereich von Verseuchungsstoffen, Rost, \u00d6len und Farbe, und stellt die Kristallstruktur des Substratmaterials aus;<\/li>\n<li>das Partikelnstrahl ist sehr kontrollierbar: Es ist schmal und hat kleinen Querschnitt. Das macht m\u00f6glich, \u00dcberz\u00fcge auf spezifischen Bereichen oder an spezifischen Punkten auf einem Substrat abzulegen, und Matrizen zu verwenden. (traditionelle Thermalspray\u00fcberzugmethoden stellen diese Gelegenheit nicht zur Verf\u00fcgung);<\/li>\n<li>es ist m\u00f6glich, Mehrteil\u00fcberz\u00fcge mit der unterschiedlichen Schichtendicke abzulegen;<br \/>\nAusr\u00fcstung ist kompakt, tragbar, f\u00fcr jedes Industrieunternehmen praktisch verf\u00fcgbar, und verlangt umfassende Ausbildung oder hoch qualifiziertes Personal nicht;<\/li>\n<li>Ausr\u00fcstung erlaubt leichte Schaltung zwischen abschleifender Spraybehandlung und materieller Absetzung;<\/li>\n<li>ein Ger\u00e4t wird verwendet, um alle \u00dcberzugtypen abzulegen;<br \/>\nAusr\u00fcstung kann in Feldbedingungen verwendet werden.<\/li>\n<\/ul>\n<p>Die hohe Vielseitigkeit und ausgezeichnete Qualit\u00e4t von DYMET\u00ae \u00dcberz\u00fcgen sind oft durch beide Laborversuche und Industrieanwendungen best\u00e4tigt worden. Einige Metallabsetzungsaufgaben waren praktisch unm\u00f6glich, bis die Ankunft der DYMET\u00ae Technologie zu vollbringen.<\/p>\n<p>&nbsp;<\/p>\n","protected":false},"excerpt":{"rendered":"<p>Die DYMET\u00ae Technologie f\u00fcr die Metall\u00fcberzugabsetzung ist eine Version der Methodenk\u00e4lte gasdynamischer Spray (Kalter Spray)\u00a0\u00a0 http:\/\/en.wikipedia.org\/wiki\/Gas_dynamic_cold_spray Der Kalte Spray basiert auf der Entdeckung (gemacht in den 1980er Jahren), dass Partikeln, die sich mit der \u00dcberschallgeschwindigkeit bewegen, an einer Oberfl\u00e4che nach der Kollision kleben. DYMET\u00ae hat den Namen \u00abTiefdruck-K\u00e4ltespray\u00bb\u00a0 erhalten. Einzigartige \u2026 <a class=\"continue-reading-link\" href=\"https:\/\/dymet.ee\/de\/technology\/\"> Continue reading <span class=\"meta-nav\">&rarr; <\/span><\/a><\/p>\n","protected":false},"author":1,"featured_media":0,"parent":0,"menu_order":2,"comment_status":"closed","ping_status":"closed","template":"","meta":{"two_page_speed":[],"footnotes":""},"class_list":["post-24","page","type-page","status-publish","hentry"],"translation":{"provider":"WPGlobus","version":"3.0.2","language":"de","enabled_languages":["en","ee","fi","ru","fr","es","it","de"],"languages":{"en":{"title":true,"content":true,"excerpt":false},"ee":{"title":true,"content":true,"excerpt":false},"fi":{"title":true,"content":true,"excerpt":false},"ru":{"title":true,"content":true,"excerpt":false},"fr":{"title":true,"content":true,"excerpt":false},"es":{"title":true,"content":true,"excerpt":false},"it":{"title":true,"content":true,"excerpt":false},"de":{"title":true,"content":true,"excerpt":false}}},"_links":{"self":[{"href":"https:\/\/dymet.ee\/de\/wp-json\/wp\/v2\/pages\/24","targetHints":{"allow":["GET"]}}],"collection":[{"href":"https:\/\/dymet.ee\/de\/wp-json\/wp\/v2\/pages"}],"about":[{"href":"https:\/\/dymet.ee\/de\/wp-json\/wp\/v2\/types\/page"}],"author":[{"embeddable":true,"href":"https:\/\/dymet.ee\/de\/wp-json\/wp\/v2\/users\/1"}],"replies":[{"embeddable":true,"href":"https:\/\/dymet.ee\/de\/wp-json\/wp\/v2\/comments?post=24"}],"version-history":[{"count":13,"href":"https:\/\/dymet.ee\/de\/wp-json\/wp\/v2\/pages\/24\/revisions"}],"predecessor-version":[{"id":611,"href":"https:\/\/dymet.ee\/de\/wp-json\/wp\/v2\/pages\/24\/revisions\/611"}],"wp:attachment":[{"href":"https:\/\/dymet.ee\/de\/wp-json\/wp\/v2\/media?parent=24"}],"curies":[{"name":"wp","href":"https:\/\/api.w.org\/{rel}","templated":true}]}}