{"id":19,"date":"2016-08-20T18:36:37","date_gmt":"2016-08-20T15:36:37","guid":{"rendered":"http:\/\/dymet.ee\/?page_id=19"},"modified":"2025-06-04T16:08:44","modified_gmt":"2025-06-04T13:08:44","slug":"proffesional-manual-and-cnc-operating-cold-gas-dynamic-spray-dymet-423","status":"publish","type":"page","link":"https:\/\/dymet.ee\/de\/products-2\/proffesional-manual-and-cnc-operating-cold-gas-dynamic-spray-dymet-423\/","title":{"rendered":"Proffesional  manual and CNC operating Cold Gas Dynamic Spray DYMET 423"},"content":{"rendered":"<p><img loading=\"lazy\" decoding=\"async\" class=\"alignnone size-medium wp-image-9\" src=\"http:\/\/dymet.ee\/wp-content\/uploads\/2016\/08\/DYMET423-300x274.jpg\" alt=\"DYMET423\" width=\"300\" height=\"274\" srcset=\"https:\/\/dymet.ee\/wp-content\/uploads\/2016\/08\/DYMET423-300x274.jpg 300w, https:\/\/dymet.ee\/wp-content\/uploads\/2016\/08\/DYMET423-768x703.jpg 768w, https:\/\/dymet.ee\/wp-content\/uploads\/2016\/08\/DYMET423-1024x937.jpg 1024w, https:\/\/dymet.ee\/wp-content\/uploads\/2016\/08\/DYMET423.jpg 1350w\" sizes=\"auto, (max-width: 300px) 100vw, 300px\" \/><\/p>\n<p>Das DYMET Modell 423 wird f\u00fcr die Absetzung von Aluminium, Zink, Kupfer, Nickel, Zinn, Leitungsmetall\u00fcberz\u00fcgen entworfen. Es kann manuell bedient oder in automatisierten und robotic Systemen installiert werden. Es ist auch dazu f\u00e4hig, Oberfl\u00e4chen sandzustrahlen.<\/p>\n<p>Spezifizierungen<\/p>\n<p>Maximale Druckluft hat Druck 12 Bar (170 psi) eingegeben<br \/>\n0.3-0.4 m3\/min Druckluft-Verbrauch<br \/>\nDruckluftreinheit frei von Wasser und \u00d6l<br \/>\nDruckluft Betriebsdruck<br \/>\n(innerhalb des Spr\u00fchens der Pistole 45 DM) 5 &#8211; 8 Bar (70-120 psi)<br \/>\nDruckluft Betriebstemperatur<br \/>\n(im Eingang der Schnauze) 200 &#8211; 600 \u00b0C<br \/>\nEnergieversorgung:<br \/>\nEinphasiger abwechselnder Strom von 50\u00b11 Hz und 220 V<br \/>\nVerbrauch der maximalen Leistung 3.3 Kilowatt<br \/>\nDas Ger\u00e4uschniveau in der Operation ohne beschirmten Kasten nicht \u00fcberschreitet 75 DB<br \/>\nPuderverbrauch 0,1-0,8 g\/sec<br \/>\nZeit, die erforderlich ist, Betriebsbedingung nicht mehr als 10 Sekunden zu erreichen<br \/>\nDimensionen der Ausr\u00fcstung:<br \/>\nGestellzusammenbau &#8211; 550\u0445260\u0445480 mm<br \/>\nDas Spr\u00fchen der Pistole (mit dem Griff) &#8211; 450\u044580\u0445175 mm<br \/>\nDas Spr\u00fchen der Pistole (ohne Griff) &#8211; 450\u044564 mm<br \/>\nGesamtmasse der Ausr\u00fcstung &#8211; 20 Kg<br \/>\nDas Spr\u00fchen der Pistole (mit dem Griff) &#8211; 1,7 Kg<\/p>\n<p><img loading=\"lazy\" decoding=\"async\" class=\"alignnone size-medium wp-image-48\" src=\"http:\/\/dymet.ee\/wp-content\/uploads\/2016\/08\/dymet-1-234x300.jpg\" alt=\"dymet\" width=\"234\" height=\"300\" srcset=\"https:\/\/dymet.ee\/wp-content\/uploads\/2016\/08\/dymet-1-234x300.jpg 234w, https:\/\/dymet.ee\/wp-content\/uploads\/2016\/08\/dymet-1-117x150.jpg 117w, https:\/\/dymet.ee\/wp-content\/uploads\/2016\/08\/dymet-1.jpg 250w\" sizes=\"auto, (max-width: 234px) 100vw, 234px\" \/><\/p>\n","protected":false},"excerpt":{"rendered":"<p>Das DYMET Modell 423 wird f\u00fcr die Absetzung von Aluminium, Zink, Kupfer, Nickel, Zinn, Leitungsmetall\u00fcberz\u00fcgen entworfen. Es kann manuell bedient oder in automatisierten und robotic Systemen installiert werden. Es ist auch dazu f\u00e4hig, Oberfl\u00e4chen sandzustrahlen. Spezifizierungen Maximale Druckluft hat Druck 12 Bar (170 psi) eingegeben 0.3-0.4 m3\/min Druckluft-Verbrauch Druckluftreinheit frei \u2026 <a class=\"continue-reading-link\" href=\"https:\/\/dymet.ee\/de\/products-2\/proffesional-manual-and-cnc-operating-cold-gas-dynamic-spray-dymet-423\/\"> Continue reading <span class=\"meta-nav\">&rarr; <\/span><\/a><\/p>\n","protected":false},"author":1,"featured_media":0,"parent":137,"menu_order":2,"comment_status":"closed","ping_status":"closed","template":"","meta":{"two_page_speed":[],"footnotes":""},"class_list":["post-19","page","type-page","status-publish","hentry"],"translation":{"provider":"WPGlobus","version":"3.0.2","language":"de","enabled_languages":["en","ee","fi","ru","fr","es","it","de"],"languages":{"en":{"title":true,"content":true,"excerpt":false},"ee":{"title":true,"content":true,"excerpt":false},"fi":{"title":true,"content":true,"excerpt":false},"ru":{"title":true,"content":true,"excerpt":false},"fr":{"title":true,"content":true,"excerpt":false},"es":{"title":true,"content":true,"excerpt":false},"it":{"title":true,"content":true,"excerpt":false},"de":{"title":true,"content":true,"excerpt":false}}},"_links":{"self":[{"href":"https:\/\/dymet.ee\/de\/wp-json\/wp\/v2\/pages\/19","targetHints":{"allow":["GET"]}}],"collection":[{"href":"https:\/\/dymet.ee\/de\/wp-json\/wp\/v2\/pages"}],"about":[{"href":"https:\/\/dymet.ee\/de\/wp-json\/wp\/v2\/types\/page"}],"author":[{"embeddable":true,"href":"https:\/\/dymet.ee\/de\/wp-json\/wp\/v2\/users\/1"}],"replies":[{"embeddable":true,"href":"https:\/\/dymet.ee\/de\/wp-json\/wp\/v2\/comments?post=19"}],"version-history":[{"count":8,"href":"https:\/\/dymet.ee\/de\/wp-json\/wp\/v2\/pages\/19\/revisions"}],"predecessor-version":[{"id":615,"href":"https:\/\/dymet.ee\/de\/wp-json\/wp\/v2\/pages\/19\/revisions\/615"}],"up":[{"embeddable":true,"href":"https:\/\/dymet.ee\/de\/wp-json\/wp\/v2\/pages\/137"}],"wp:attachment":[{"href":"https:\/\/dymet.ee\/de\/wp-json\/wp\/v2\/media?parent=19"}],"curies":[{"name":"wp","href":"https:\/\/api.w.org\/{rel}","templated":true}]}}